{"id":4688,"date":"2025-02-18T11:00:22","date_gmt":"2025-02-18T10:00:22","guid":{"rendered":"https:\/\/wiejskieprzysmaki.estima.site\/produkt\/dzika-roza-proszek-bio-100-g-batom\/"},"modified":"2025-02-20T15:13:52","modified_gmt":"2025-02-20T14:13:52","slug":"dzika-roza-proszek-bio-100-g-batom","status":"publish","type":"product","link":"https:\/\/wiejskieprzysmaki.estima.site\/en\/product\/dzika-roza-proszek-bio-100-g-batom\/","title":{"rendered":"DZIKA R\u00d3\u017bA PROSZEK BIO 100 g &#8211; BATOM"},"content":{"rendered":"<p>SK\u0141ADNIKI<br \/>sproszkowany owoc dzikiej r\u00f3\u017cy* 100 % (*certyfikowany sk\u0142adnik ekologiczny)   <\/p>\n<p>SPOS\u00d3B PRZYGOTOWANIA<br \/>1- 2 \u0142y\u017ceczki proszku zala\u0107 3\/4 szklanki gor\u0105cej wody, spo\u017cywa\u0107 po 15-20 minutach parzenia. Mo\u017cna r\u00f3wnie\u017c doda\u0107 do jogurtu, musli, crunchy.<\/p>\n<p>WARTO\u015a\u0106 OD\u017bYWCZA W 100 g<br \/>Warto\u015b\u0107 energetyczna: 1026 kJ\/248 kcal<br \/>T\u0142uszcz: 0,8 g<br \/>w tym kwasy nasycone: <0,1 g<br \/>W\u0119glowodany: 28 g<br \/>w tym cukry: 14 g <br \/>B\u0142onnik: 5,3 g<br \/>Bia\u0142ko: 3,4 g<br \/>S\u00f3l: <0,01 g\n\nINFORMACJA ALERGENNA<br \/>Mo\u017ce zawiera\u0107 ZBO\u017bA ZAWIERAJ\u0104CE GLUTEN, ORZECHY, nasiona sezamu.<\/p>\n<p>ZALECANE WARUNKI PRZECHOWYWANIA<br \/>Przechowywa\u0107 w suchym i ch\u0142odnym miejscu.  <\/p>","protected":false},"excerpt":{"rendered":"<p>SK\u0141ADNIKIsproszkowany owoc dzikiej r\u00f3\u017cy* 100 % (*certyfikowany sk\u0142adnik ekologiczny) SPOS\u00d3B PRZYGOTOWANIA1- 2 \u0142y\u017ceczki proszku zala\u0107 3\/4 szklanki gor\u0105cej wody, spo\u017cywa\u0107 po 15-20 minutach parzenia. Mo\u017cna r\u00f3wnie\u017c doda\u0107 do jogurtu, musli, crunchy. WARTO\u015a\u0106 OD\u017bYWCZA W 100 gWarto\u015b\u0107 energetyczna: 1026 kJ\/248 kcalT\u0142uszcz: 0,8 gw tym kwasy nasycone:<\/p>","protected":false},"featured_media":4690,"comment_status":"closed","ping_status":"open","template":"","meta":{"_acf_changed":false},"product_brand":[],"product_cat":[290,9057],"product_tag":[],"class_list":{"0":"post-4688","1":"product","2":"type-product","3":"status-publish","4":"has-post-thumbnail","6":"product_cat-produkty-sproszkowane","7":"product_cat-suplementy-diety","8":"pa_ean-matka-3844","9":"pa_gwarancja-przydatnosci-311","10":"pa_ilosc-w-opakowaniu-392","11":"pa_jednostka-podstawowa-szt","12":"pa_kod-cn-0813-50-99","13":"pa_masa-netto-242","14":"pa_objetosc-brutto-3843","15":"pa_producent-batom-oleje-soki-sole-kapielowe","16":"pa_producent-nazwa-adres-batom-pl-jozef-lesniak-hurtownia-zdrowej-zywnosci-generala-augusta-fieldorfa-nila-17-31-209-krakow","17":"pa_tagi-bez-cukru-w-skladnikach","18":"pa_tagi-bez-glutenu-w-skladnikach","19":"pa_tagi-certyfikat-bio","20":"pa_tagi-weganski","21":"pa_tagi-wegetarianski","23":"first","24":"instock","25":"taxable","26":"shipping-taxable","27":"purchasable","28":"product-type-simple"},"acf":[],"_links":{"self":[{"href":"https:\/\/wiejskieprzysmaki.estima.site\/en\/wp-json\/wp\/v2\/product\/4688","targetHints":{"allow":["GET"]}}],"collection":[{"href":"https:\/\/wiejskieprzysmaki.estima.site\/en\/wp-json\/wp\/v2\/product"}],"about":[{"href":"https:\/\/wiejskieprzysmaki.estima.site\/en\/wp-json\/wp\/v2\/types\/product"}],"replies":[{"embeddable":true,"href":"https:\/\/wiejskieprzysmaki.estima.site\/en\/wp-json\/wp\/v2\/comments?post=4688"}],"wp:featuredmedia":[{"embeddable":true,"href":"https:\/\/wiejskieprzysmaki.estima.site\/en\/wp-json\/wp\/v2\/media\/4690"}],"wp:attachment":[{"href":"https:\/\/wiejskieprzysmaki.estima.site\/en\/wp-json\/wp\/v2\/media?parent=4688"}],"wp:term":[{"taxonomy":"product_brand","embeddable":true,"href":"https:\/\/wiejskieprzysmaki.estima.site\/en\/wp-json\/wp\/v2\/product_brand?post=4688"},{"taxonomy":"product_cat","embeddable":true,"href":"https:\/\/wiejskieprzysmaki.estima.site\/en\/wp-json\/wp\/v2\/product_cat?post=4688"},{"taxonomy":"product_tag","embeddable":true,"href":"https:\/\/wiejskieprzysmaki.estima.site\/en\/wp-json\/wp\/v2\/product_tag?post=4688"}],"curies":[{"name":"wp","href":"https:\/\/api.w.org\/{rel}","templated":true}]}}