{"id":4697,"date":"2025-02-18T11:00:36","date_gmt":"2025-02-18T10:00:36","guid":{"rendered":"https:\/\/wiejskieprzysmaki.estima.site\/produkt\/maka-gryczana-bezglutenowa-bio-500-g-probio\/"},"modified":"2025-02-18T11:00:38","modified_gmt":"2025-02-18T10:00:38","slug":"maka-gryczana-bezglutenowa-bio-500-g-probio","status":"publish","type":"product","link":"https:\/\/wiejskieprzysmaki.estima.site\/en\/product\/maka-gryczana-bezglutenowa-bio-500-g-probio\/","title":{"rendered":"M\u0104KA GRYCZANA BEZGLUTENOWA BIO 500 g &#8211; PROBIO"},"content":{"rendered":"<p>SK\u0141ADNIKI<br \/>ekologiczna m\u0105ka gryczana.<\/p>\n<p>OPIS<br \/>M\u0105ka gryczana dodana do m\u0105ki pszennej wp\u0142ywa na uwydatnenie jej walor\u00f3w smakowych. Jej w\u0142a\u015bciwo\u015bci wi\u0105\u017c\u0105ce znajduj\u0105 doskona\u0142e zastosowanie przy produkcji ciastek, knedli, piero\u017ck\u00f3w, nale\u015bnik\u00f3w oraz omlet\u00f3w.<\/p>\n<p>WARTO\u015a\u0106 OD\u017bYWCZA W 100 g<br \/>Warto\u015b\u0107 energetyczna: 1428 kJ\/337 kcal<br \/>T\u0142uszcz: 2,3 g<br \/>w tym kwasy t\u0142uszczowe nasycone: 0,5 g<br \/>W\u0119glowodany: 67 g<br \/>w tym cukry: 0,5 g<br \/>Bia\u0142ko: 12 g<br \/>S\u00f3l: <0,01 g\n\nINFORMACJA ALERGENNA<br \/>Produkt mo\u017ce zawiera\u0107 nasiona SEZAMU<\/p>\n<p>ZALECANE WARUNKI PRZECHOWYWANIA<br \/>Przechowywa\u0107 w suchym miejscu w temperaturzedo 25 \u00b0C <\/p>","protected":false},"excerpt":{"rendered":"<p>SK\u0141ADNIKIekologiczna m\u0105ka gryczana. OPISM\u0105ka gryczana dodana do m\u0105ki pszennej wp\u0142ywa na uwydatnenie jej walor\u00f3w smakowych. Jej w\u0142a\u015bciwo\u015bci wi\u0105\u017c\u0105ce znajduj\u0105 doskona\u0142e zastosowanie przy produkcji ciastek, knedli, piero\u017ck\u00f3w, nale\u015bnik\u00f3w oraz omlet\u00f3w. WARTO\u015a\u0106 OD\u017bYWCZA W 100 gWarto\u015b\u0107 energetyczna: 1428 kJ\/337 kcalT\u0142uszcz: 2,3 gw tym kwasy t\u0142uszczowe nasycone: 0,5 gW\u0119glowodany: 67 gw tym cukry: 0,5 gBia\u0142ko: 12 gS\u00f3l:<\/p>","protected":false},"featured_media":4698,"comment_status":"closed","ping_status":"open","template":"","meta":{"_acf_changed":false},"product_brand":[],"product_cat":[99,100],"product_tag":[],"class_list":{"0":"post-4697","1":"product","2":"type-product","3":"status-publish","4":"has-post-thumbnail","6":"product_cat-maki-i-skrobie","7":"product_cat-maki-naturalnie-bezglutenowe","8":"pa_ean-matka-3851","9":"pa_gwarancja-przydatnosci-324","10":"pa_ilosc-w-opakowaniu-350","11":"pa_jednostka-podstawowa-szt","12":"pa_kod-cn-1102-90-90","13":"pa_kraj-pochodzenia-skladnikow-turcja","14":"pa_masa-netto-347","15":"pa_objetosc-brutto-3628","16":"pa_producent-probio-mieszanki-do-wypiekow-maki","17":"pa_producent-nazwa-adres-pro-bio-spol-s-r-o-lipova-40-78832-stare-mesto-p-sneznikem","18":"pa_tagi-bez-cukru-w-skladnikach","19":"pa_tagi-bez-glutenu-deklaracja","20":"pa_tagi-bez-glutenu-w-skladnikach","21":"pa_tagi-certyfikat-bio","22":"pa_tagi-weganski","23":"pa_tagi-wegetarianski","25":"first","26":"instock","27":"taxable","28":"shipping-taxable","29":"purchasable","30":"product-type-simple"},"acf":[],"_links":{"self":[{"href":"https:\/\/wiejskieprzysmaki.estima.site\/en\/wp-json\/wp\/v2\/product\/4697","targetHints":{"allow":["GET"]}}],"collection":[{"href":"https:\/\/wiejskieprzysmaki.estima.site\/en\/wp-json\/wp\/v2\/product"}],"about":[{"href":"https:\/\/wiejskieprzysmaki.estima.site\/en\/wp-json\/wp\/v2\/types\/product"}],"replies":[{"embeddable":true,"href":"https:\/\/wiejskieprzysmaki.estima.site\/en\/wp-json\/wp\/v2\/comments?post=4697"}],"wp:featuredmedia":[{"embeddable":true,"href":"https:\/\/wiejskieprzysmaki.estima.site\/en\/wp-json\/wp\/v2\/media\/4698"}],"wp:attachment":[{"href":"https:\/\/wiejskieprzysmaki.estima.site\/en\/wp-json\/wp\/v2\/media?parent=4697"}],"wp:term":[{"taxonomy":"product_brand","embeddable":true,"href":"https:\/\/wiejskieprzysmaki.estima.site\/en\/wp-json\/wp\/v2\/product_brand?post=4697"},{"taxonomy":"product_cat","embeddable":true,"href":"https:\/\/wiejskieprzysmaki.estima.site\/en\/wp-json\/wp\/v2\/product_cat?post=4697"},{"taxonomy":"product_tag","embeddable":true,"href":"https:\/\/wiejskieprzysmaki.estima.site\/en\/wp-json\/wp\/v2\/product_tag?post=4697"}],"curies":[{"name":"wp","href":"https:\/\/api.w.org\/{rel}","templated":true}]}}