{"id":4699,"date":"2025-02-18T11:00:36","date_gmt":"2025-02-18T10:00:36","guid":{"rendered":"https:\/\/wiejskieprzysmaki.estima.site\/produkt\/probiotyk-bezglutenowy-bio-500-ml-joy-day\/"},"modified":"2025-02-20T15:13:51","modified_gmt":"2025-02-20T14:13:51","slug":"probiotyk-bezglutenowy-bio-500-ml-joy-day","status":"publish","type":"product","link":"https:\/\/wiejskieprzysmaki.estima.site\/en\/product\/probiotyk-bezglutenowy-bio-500-ml-joy-day\/","title":{"rendered":"PROBIOTYK BEZGLUTENOWY BIO 500 ml &#8211; JOY DAY"},"content":{"rendered":"<p>SK\u0141ADNIKI  <br \/>zestaw \u017cywych szczep\u00f3w bakterii probiotycznych (6X107 jtk\/ml): Lactobacillus rhamnosus GG ATCC53103, Lactobacillus rhamnosus LR 04, Lactobacillus rhamnosus LMG 25626, Lactobacillus acidophilus LA02, Lactobacillus plantarum LP09, Lactobacillus plantarum LMG 26655, Lactobacillus paracasei LPC00, Bifidobacterium breve BR03, Bifidobacterium breve LMG13208, Bifidobacterium animals ssp. lactis BS01, Bifidobacterium longum LMG26652, Streptococcus thermophilus FP4  <\/p>\n<p>OPIS<br \/>Suplement diety. Opakowanie 500 ml zawiera 50 porcji produktu. Produkt nieklarowany, niepasteryzowany. Bez dodatku cukr\u00f3w i substancji s\u0142odz\u0105cych. Zawiera naturalnie wyst\u0119puj\u0105ce cukry.<\/p>\n<p>WARTO\u015a\u0106 OD\u017bYWCZA W 100 ml<br \/>Warto\u015b\u0107 energetyczna &#8211; 82 kJ\/19 kcal  <br \/>T\u0142uszcz &#8211; 0 g  <br \/>w tym kwasy t\u0142uszczowe nasycone &#8211; 0 g  <br \/>W\u0119glowodany &#8211; 4,2 g  <br \/>w tym cukry &#8211; <0,5 g  <br \/>B\u0142onnik &#8211; <0,5 g  <br \/>Bia\u0142ko &#8211; <0,5 g  <br \/>S\u00f3l &#8211; <0,01 g\n\nZALECANE SPO\u017bYCIE I INNE UWAGI <br \/>Doro\u015bli: 10-15 ml (2-3 \u0142y\u017ceczki) 3 razy dziennie rozcie\u0144czone z ok. 100 ml wody lub innego napoju  <br \/>Dzieci powy\u017cej 3-go roku \u017cycia: 5 ml (1 \u0142y\u017ceczka) 3 razy dziennie rozcie\u0144czone z 50 ml wody lub z innym ch\u0142odnym napojem.<br \/>Nie nale\u017cy przekracza\u0107 dziennej zalecanej porcji do spo\u017cycia. Przed otwarciem butelki, zawarto\u015b\u0107 lekko wymiesza\u0107. Utrzymanie prawid\u0142owego stanu zdrowia wymaga zr\u00f3wnowa\u017conego od\u017cywiania i prowadzenia zdrowego stylu \u017cycia. Produkt nie mo\u017ce by\u0107 stosowany jako substytut zr\u00f3\u017cnicowanej diety. Kwasowo\u015b\u0107 suplementu oraz mog\u0105ce powstawa\u0107: osad na dnie butelki, bia\u0142y nalot na powierzchni, gazy s\u0105 naturalnym efektem procesu fermentacji.<\/p>\n<p>ZALECANE WARUNKI PRZECHOWYWANIA<br \/>Przechowywa\u0107 w miejscu ch\u0142odnym i przyciemnionym, w spos\u00f3b niedost\u0119pny dla dzieci. Po otwarciu spo\u017cy\u0107 w ci\u0105gu 30 dni.  <\/p>","protected":false},"excerpt":{"rendered":"<p>SK\u0141ADNIKI zestaw \u017cywych szczep\u00f3w bakterii probiotycznych (6X107 jtk\/ml): Lactobacillus rhamnosus GG ATCC53103, Lactobacillus rhamnosus LR 04, Lactobacillus rhamnosus LMG 25626, Lactobacillus acidophilus LA02, Lactobacillus plantarum LP09, Lactobacillus plantarum LMG 26655, Lactobacillus paracasei LPC00, Bifidobacterium breve BR03, Bifidobacterium breve LMG13208, Bifidobacterium animals ssp. lactis BS01, Bifidobacterium longum LMG26652, Streptococcus thermophilus FP4 OPISSuplement diety. Opakowanie 500 ml [&hellip;]<\/p>","protected":false},"featured_media":4700,"comment_status":"closed","ping_status":"open","template":"","meta":{"_acf_changed":false},"product_brand":[],"product_cat":[3711,9057],"product_tag":[],"class_list":{"0":"post-4699","1":"product","2":"type-product","3":"status-publish","4":"has-post-thumbnail","6":"product_cat-produkty-w-plynie","7":"product_cat-suplementy-diety","8":"pa_ean-matka-3853","9":"pa_gwarancja-przydatnosci-324","10":"pa_ilosc-w-opakowaniu-374","11":"pa_jednostka-podstawowa-szt","12":"pa_kod-cn-2106-90-98","13":"pa_objetosc-brutto-3852","14":"pa_objetosc-netto-376","15":"pa_producent-joy-day-napoje-probiotyczne","16":"pa_producent-nazwa-adres-living-food-sp-z-o-o-graniczna-15-66-320-trzciel","17":"pa_tagi-bez-cukru-w-skladnikach","18":"pa_tagi-bez-glutenu-deklaracja","19":"pa_tagi-bez-glutenu-w-skladnikach","20":"pa_tagi-certyfikat-bio","21":"pa_tagi-weganski","22":"pa_tagi-wegetarianski","24":"first","25":"instock","26":"taxable","27":"shipping-taxable","28":"purchasable","29":"product-type-simple"},"acf":[],"_links":{"self":[{"href":"https:\/\/wiejskieprzysmaki.estima.site\/en\/wp-json\/wp\/v2\/product\/4699","targetHints":{"allow":["GET"]}}],"collection":[{"href":"https:\/\/wiejskieprzysmaki.estima.site\/en\/wp-json\/wp\/v2\/product"}],"about":[{"href":"https:\/\/wiejskieprzysmaki.estima.site\/en\/wp-json\/wp\/v2\/types\/product"}],"replies":[{"embeddable":true,"href":"https:\/\/wiejskieprzysmaki.estima.site\/en\/wp-json\/wp\/v2\/comments?post=4699"}],"wp:featuredmedia":[{"embeddable":true,"href":"https:\/\/wiejskieprzysmaki.estima.site\/en\/wp-json\/wp\/v2\/media\/4700"}],"wp:attachment":[{"href":"https:\/\/wiejskieprzysmaki.estima.site\/en\/wp-json\/wp\/v2\/media?parent=4699"}],"wp:term":[{"taxonomy":"product_brand","embeddable":true,"href":"https:\/\/wiejskieprzysmaki.estima.site\/en\/wp-json\/wp\/v2\/product_brand?post=4699"},{"taxonomy":"product_cat","embeddable":true,"href":"https:\/\/wiejskieprzysmaki.estima.site\/en\/wp-json\/wp\/v2\/product_cat?post=4699"},{"taxonomy":"product_tag","embeddable":true,"href":"https:\/\/wiejskieprzysmaki.estima.site\/en\/wp-json\/wp\/v2\/product_tag?post=4699"}],"curies":[{"name":"wp","href":"https:\/\/api.w.org\/{rel}","templated":true}]}}