{"id":4741,"date":"2025-02-18T11:00:47","date_gmt":"2025-02-18T10:00:47","guid":{"rendered":"https:\/\/wiejskieprzysmaki.estima.site\/produkt\/herbata-czarna-bajeczna-bio-100-g-dary-natury\/"},"modified":"2025-02-18T11:00:52","modified_gmt":"2025-02-18T10:00:52","slug":"herbata-czarna-bajeczna-bio-100-g-dary-natury","status":"publish","type":"product","link":"https:\/\/wiejskieprzysmaki.estima.site\/en\/product\/herbata-czarna-bajeczna-bio-100-g-dary-natury\/","title":{"rendered":"HERBATA CZARNA BAJECZNA BIO 100 g &#8211; DARY NATURY"},"content":{"rendered":"<p>SK\u0141ADNIK<br \/>herbata czarna cejlo\u0144ska* 80 %, p\u0142atki r\u00f3\u017cy*, b\u0142awatka*, nagietka*, s\u0142onecznika*, kwiat \u015blazu* (*certyfikowany sk\u0142adnik ekologiczny)<\/p>\n<p>SPOS\u00d3B PRZYGOTOWANIA<br \/>Jedn\u0105 \u0142y\u017ceczk\u0119 herbaty zala\u0107 szklank\u0105 wody o temperaturze &#8211; ok. 95 \u2103 (odczeka\u0107 1-3 min od momentu wrzenia) i zaparza\u0107 przez kilka minut pod przykryciem.<\/p>\n<p>ZALECANE WARUNKI PRZECHOWYWANIA <br \/>Przechowywa\u0107 w suchym miejscu. <\/p>","protected":false},"excerpt":{"rendered":"<p>SK\u0141ADNIKherbata czarna cejlo\u0144ska* 80 %, p\u0142atki r\u00f3\u017cy*, b\u0142awatka*, nagietka*, s\u0142onecznika*, kwiat \u015blazu* (*certyfikowany sk\u0142adnik ekologiczny) SPOS\u00d3B PRZYGOTOWANIAJedn\u0105 \u0142y\u017ceczk\u0119 herbaty zala\u0107 szklank\u0105 wody o temperaturze &#8211; ok. 95 \u2103 (odczeka\u0107 1-3 min od momentu wrzenia) i zaparza\u0107 przez kilka minut pod przykryciem. ZALECANE WARUNKI PRZECHOWYWANIA Przechowywa\u0107 w suchym miejscu.<\/p>","protected":false},"featured_media":4742,"comment_status":"closed","ping_status":"open","template":"","meta":{"_acf_changed":false},"product_brand":[],"product_cat":[1267,282],"product_tag":[],"class_list":{"0":"post-4741","1":"product","2":"type-product","3":"status-publish","4":"has-post-thumbnail","6":"product_cat-czarne-w-tym-z-dodatkami","7":"product_cat-herbaty-i-ziola","8":"pa_ean-matka-3887","9":"pa_gwarancja-przydatnosci-1922","10":"pa_ilosc-w-opakowaniu-350","11":"pa_jednostka-podstawowa-szt","12":"pa_kod-cn-0902-30-00","13":"pa_masa-netto-242","14":"pa_objetosc-brutto-2312","15":"pa_producent-dary-natury-herbatki","16":"pa_producent-nazwa-adres-miroslaw-angielczyk-dary-natury-koryciny-73-17-315-grodzisk","17":"pa_tagi-bez-cukru-w-skladnikach","18":"pa_tagi-bez-glutenu-w-skladnikach","19":"pa_tagi-certyfikat-bio","20":"pa_tagi-weganski","21":"pa_tagi-wegetarianski","23":"first","24":"instock","25":"taxable","26":"shipping-taxable","27":"purchasable","28":"product-type-simple"},"acf":[],"_links":{"self":[{"href":"https:\/\/wiejskieprzysmaki.estima.site\/en\/wp-json\/wp\/v2\/product\/4741","targetHints":{"allow":["GET"]}}],"collection":[{"href":"https:\/\/wiejskieprzysmaki.estima.site\/en\/wp-json\/wp\/v2\/product"}],"about":[{"href":"https:\/\/wiejskieprzysmaki.estima.site\/en\/wp-json\/wp\/v2\/types\/product"}],"replies":[{"embeddable":true,"href":"https:\/\/wiejskieprzysmaki.estima.site\/en\/wp-json\/wp\/v2\/comments?post=4741"}],"wp:featuredmedia":[{"embeddable":true,"href":"https:\/\/wiejskieprzysmaki.estima.site\/en\/wp-json\/wp\/v2\/media\/4742"}],"wp:attachment":[{"href":"https:\/\/wiejskieprzysmaki.estima.site\/en\/wp-json\/wp\/v2\/media?parent=4741"}],"wp:term":[{"taxonomy":"product_brand","embeddable":true,"href":"https:\/\/wiejskieprzysmaki.estima.site\/en\/wp-json\/wp\/v2\/product_brand?post=4741"},{"taxonomy":"product_cat","embeddable":true,"href":"https:\/\/wiejskieprzysmaki.estima.site\/en\/wp-json\/wp\/v2\/product_cat?post=4741"},{"taxonomy":"product_tag","embeddable":true,"href":"https:\/\/wiejskieprzysmaki.estima.site\/en\/wp-json\/wp\/v2\/product_tag?post=4741"}],"curies":[{"name":"wp","href":"https:\/\/api.w.org\/{rel}","templated":true}]}}