{"id":4761,"date":"2025-02-18T11:00:47","date_gmt":"2025-02-18T10:00:47","guid":{"rendered":"https:\/\/wiejskieprzysmaki.estima.site\/produkt\/sok-z-karczocha-bio-250-ml-dary-natury\/"},"modified":"2025-02-20T15:13:51","modified_gmt":"2025-02-20T14:13:51","slug":"sok-z-karczocha-bio-250-ml-dary-natury","status":"publish","type":"product","link":"https:\/\/wiejskieprzysmaki.estima.site\/en\/product\/sok-z-karczocha-bio-250-ml-dary-natury\/","title":{"rendered":"SOK Z KARCZOCHA BIO 250 ml &#8211; DARY NATURY"},"content":{"rendered":"<p>SK\u0141ADNIKI<br \/>sok z ziela karczocha* (Cynara scolymus) 100 %. (*certyfikowany sk\u0142adnik ekologiczny)<\/p>\n<p>OPIS<br \/>Suplemet diety. Produkt pasteryzowany. <br \/>Karczoch zwyczajny:<br \/>&#8211; wspiera prawid\u0142owego funkcjonowanie uk\u0142adu moczowego<br \/>&#8211; posiada w\u0142a\u015bciwo\u015bci antyoksydacyjne<br \/>&#8211; wp\u0142ywa korzystnie na funkcjonowanie serca i poziom lipid\u00f3w we krwi<br \/>&#8211; wspiera uk\u0142ad trawienny, zdrowie jelit i w\u0105troby oraz kontrol\u0119 wagi cia\u0142a <\/p>\n<p>ZALECANE SPO\u017bYCIE I INNE UWAGI<br \/>2 \u0142y\u017cki sto\u0142owe (15 ml) soku dziennie. <br \/>Nie nale\u017cy przekracza\u0107 zalecanej porcji do spo\u017cycia w ci\u0105gu dnia. <br \/>Suplement diety nie mo\u017ce by\u0107 stosowany jako substytut (zamiennik) zr\u00f3\u017cnicowanej diety.<br \/>Prowadzenie zdrowego trybu \u017cycia i stosowanie zr\u00f3wnowa\u017conej diety s\u0105 niezb\u0119dne dla zachowania dobrego stanu zdrowia.<br \/>Nie stosowa\u0107 w przypadku przyjmowania lek\u00f3w przeciwzakrzepowych. <br \/>Produkt przeznaczony dla doros\u0142ych, nie stosowa\u0107 w ci\u0105\u017cy i podczas karmienia piersi\u0105. <br \/>Wytr\u0105canie si\u0119 osadu jest naturalnym procesem i nie stanowi wady. Przed spo\u017cyciem wstrz\u0105sn\u0105\u0107. <\/p>\n<p>ZALECANE WARUNKI PRZECHOWYWANIA<br \/>Przechowywa\u0107 w suchym i ch\u0142odnym miejscu, po otwarciu w lod\u00f3wce, w spos\u00f3b niedost\u0119pny dla ma\u0142ych dzieci. <\/p>","protected":false},"excerpt":{"rendered":"<p>SK\u0141ADNIKIsok z ziela karczocha* (Cynara scolymus) 100 %. (*certyfikowany sk\u0142adnik ekologiczny) OPISSuplemet diety. Produkt pasteryzowany. Karczoch zwyczajny:&#8211; wspiera prawid\u0142owego funkcjonowanie uk\u0142adu moczowego&#8211; posiada w\u0142a\u015bciwo\u015bci antyoksydacyjne&#8211; wp\u0142ywa korzystnie na funkcjonowanie serca i poziom lipid\u00f3w we krwi&#8211; wspiera uk\u0142ad trawienny, zdrowie jelit i w\u0105troby oraz kontrol\u0119 wagi cia\u0142a ZALECANE SPO\u017bYCIE I INNE UWAGI2 \u0142y\u017cki sto\u0142owe (15 ml) [&hellip;]<\/p>","protected":false},"featured_media":4762,"comment_status":"closed","ping_status":"open","template":"","meta":{"_acf_changed":false},"product_brand":[],"product_cat":[3711,9057],"product_tag":[],"class_list":{"0":"post-4761","1":"product","2":"type-product","3":"status-publish","4":"has-post-thumbnail","6":"product_cat-produkty-w-plynie","7":"product_cat-suplementy-diety","8":"pa_ean-matka-3902","9":"pa_gwarancja-przydatnosci-311","10":"pa_ilosc-w-opakowaniu-392","11":"pa_jednostka-podstawowa-szt","12":"pa_kod-cn-2106-90-92","13":"pa_objetosc-brutto-3901","14":"pa_objetosc-netto-359","15":"pa_producent-dary-natury-inne","16":"pa_producent-nazwa-adres-miroslaw-angielczyk-dary-natury-koryciny-73-17-315-grodzisk","17":"pa_tagi-bez-cukru-w-skladnikach","18":"pa_tagi-bez-glutenu-w-skladnikach","19":"pa_tagi-certyfikat-bio","20":"pa_tagi-weganski","21":"pa_tagi-wegetarianski","23":"first","24":"instock","25":"taxable","26":"shipping-taxable","27":"purchasable","28":"product-type-simple"},"acf":[],"_links":{"self":[{"href":"https:\/\/wiejskieprzysmaki.estima.site\/en\/wp-json\/wp\/v2\/product\/4761","targetHints":{"allow":["GET"]}}],"collection":[{"href":"https:\/\/wiejskieprzysmaki.estima.site\/en\/wp-json\/wp\/v2\/product"}],"about":[{"href":"https:\/\/wiejskieprzysmaki.estima.site\/en\/wp-json\/wp\/v2\/types\/product"}],"replies":[{"embeddable":true,"href":"https:\/\/wiejskieprzysmaki.estima.site\/en\/wp-json\/wp\/v2\/comments?post=4761"}],"wp:featuredmedia":[{"embeddable":true,"href":"https:\/\/wiejskieprzysmaki.estima.site\/en\/wp-json\/wp\/v2\/media\/4762"}],"wp:attachment":[{"href":"https:\/\/wiejskieprzysmaki.estima.site\/en\/wp-json\/wp\/v2\/media?parent=4761"}],"wp:term":[{"taxonomy":"product_brand","embeddable":true,"href":"https:\/\/wiejskieprzysmaki.estima.site\/en\/wp-json\/wp\/v2\/product_brand?post=4761"},{"taxonomy":"product_cat","embeddable":true,"href":"https:\/\/wiejskieprzysmaki.estima.site\/en\/wp-json\/wp\/v2\/product_cat?post=4761"},{"taxonomy":"product_tag","embeddable":true,"href":"https:\/\/wiejskieprzysmaki.estima.site\/en\/wp-json\/wp\/v2\/product_tag?post=4761"}],"curies":[{"name":"wp","href":"https:\/\/api.w.org\/{rel}","templated":true}]}}