{"id":4835,"date":"2025-02-18T11:01:22","date_gmt":"2025-02-18T10:01:22","guid":{"rendered":"https:\/\/wiejskieprzysmaki.estima.site\/produkt\/herbatka-na-chrypke-bio-25-x-2-g-50-g-dary-natury\/"},"modified":"2025-02-18T11:01:31","modified_gmt":"2025-02-18T10:01:31","slug":"herbatka-na-chrypke-bio-25-x-2-g-50-g-dary-natury","status":"publish","type":"product","link":"https:\/\/wiejskieprzysmaki.estima.site\/en\/product\/herbatka-na-chrypke-bio-25-x-2-g-50-g-dary-natury\/","title":{"rendered":"HERBATKA NA CHRYPK\u0118 BIO (25 x 2 g) 50 g &#8211; DARY NATURY"},"content":{"rendered":"<p>SK\u0141ADNIKI <br \/>li\u015b\u0107 babki zwyczajnej*, ziele \u015blazu* (po 15 %), ziele macierzanki*, li\u015b\u0107 podbia\u0142u*, miodunki*, kwiat \u015blazu*, p\u0105czki sosny*, korze\u0144 biedrze\u0144ca*, k\u0142\u0105cze mydlnicy* (w r\u00f3\u017cnych proporcjach) (* certyfikowany sk\u0142adnik ekologiczny)<\/p>\n<p>OPIS <br \/>Wed\u0142ug literatury zielarskiej w\u0142a\u015bciwo\u015bci zi\u00f3\u0142 wchodz\u0105cych w sk\u0142ad kompozycji mog\u0105 mie\u0107 korzystny wp\u0142yw na uk\u0142ad oddechowy.<\/p>\n<p>SPOS\u00d3B PRZYGOTOWANIA <br \/>Jedn\u0105 saszetk\u0119 herbatki zala\u0107 szklank\u0105 wrz\u0105tku i pozostawi\u0107 pod przykryciem do zaparzenia na oko\u0142o 10-15 minut.<\/p>\n<p>ZALECANE SPO\u017bYCIE <br \/>Pi\u0107 2 razy dziennie.<\/p>\n<p>ZALECANE WARUNKI PRZECHOWYWANIA  <br \/>Przechowywa\u0107 w suchym miejscu.<\/p>","protected":false},"excerpt":{"rendered":"<p>SK\u0141ADNIKI li\u015b\u0107 babki zwyczajnej*, ziele \u015blazu* (po 15 %), ziele macierzanki*, li\u015b\u0107 podbia\u0142u*, miodunki*, kwiat \u015blazu*, p\u0105czki sosny*, korze\u0144 biedrze\u0144ca*, k\u0142\u0105cze mydlnicy* (w r\u00f3\u017cnych proporcjach) (* certyfikowany sk\u0142adnik ekologiczny) OPIS Wed\u0142ug literatury zielarskiej w\u0142a\u015bciwo\u015bci zi\u00f3\u0142 wchodz\u0105cych w sk\u0142ad kompozycji mog\u0105 mie\u0107 korzystny wp\u0142yw na uk\u0142ad oddechowy. SPOS\u00d3B PRZYGOTOWANIA Jedn\u0105 saszetk\u0119 herbatki zala\u0107 szklank\u0105 wrz\u0105tku i [&hellip;]<\/p>","protected":false},"featured_media":4836,"comment_status":"closed","ping_status":"open","template":"","meta":{"_acf_changed":false},"product_brand":[],"product_cat":[282,478],"product_tag":[],"class_list":{"0":"post-4835","1":"product","2":"type-product","3":"status-publish","4":"has-post-thumbnail","6":"product_cat-herbaty-i-ziola","7":"product_cat-ziolowe-owocowe-mieszanki","8":"pa_ean-matka-3941","9":"pa_gwarancja-przydatnosci-522","10":"pa_ilosc-w-opakowaniu-350","11":"pa_jednostka-podstawowa-szt","12":"pa_kod-cn-2106-90-98","13":"pa_masa-netto-461","14":"pa_objetosc-brutto-2887","15":"pa_producent-dary-natury-herbatki","16":"pa_producent-nazwa-adres-miroslaw-angielczyk-dary-natury-koryciny-73-17-315-grodzisk","17":"pa_tagi-bez-cukru-w-skladnikach","18":"pa_tagi-bez-glutenu-w-skladnikach","19":"pa_tagi-certyfikat-bio","20":"pa_tagi-weganski","21":"pa_tagi-wegetarianski","23":"first","24":"instock","25":"taxable","26":"shipping-taxable","27":"purchasable","28":"product-type-simple"},"acf":[],"_links":{"self":[{"href":"https:\/\/wiejskieprzysmaki.estima.site\/en\/wp-json\/wp\/v2\/product\/4835","targetHints":{"allow":["GET"]}}],"collection":[{"href":"https:\/\/wiejskieprzysmaki.estima.site\/en\/wp-json\/wp\/v2\/product"}],"about":[{"href":"https:\/\/wiejskieprzysmaki.estima.site\/en\/wp-json\/wp\/v2\/types\/product"}],"replies":[{"embeddable":true,"href":"https:\/\/wiejskieprzysmaki.estima.site\/en\/wp-json\/wp\/v2\/comments?post=4835"}],"wp:featuredmedia":[{"embeddable":true,"href":"https:\/\/wiejskieprzysmaki.estima.site\/en\/wp-json\/wp\/v2\/media\/4836"}],"wp:attachment":[{"href":"https:\/\/wiejskieprzysmaki.estima.site\/en\/wp-json\/wp\/v2\/media?parent=4835"}],"wp:term":[{"taxonomy":"product_brand","embeddable":true,"href":"https:\/\/wiejskieprzysmaki.estima.site\/en\/wp-json\/wp\/v2\/product_brand?post=4835"},{"taxonomy":"product_cat","embeddable":true,"href":"https:\/\/wiejskieprzysmaki.estima.site\/en\/wp-json\/wp\/v2\/product_cat?post=4835"},{"taxonomy":"product_tag","embeddable":true,"href":"https:\/\/wiejskieprzysmaki.estima.site\/en\/wp-json\/wp\/v2\/product_tag?post=4835"}],"curies":[{"name":"wp","href":"https:\/\/api.w.org\/{rel}","templated":true}]}}