{"id":4853,"date":"2025-02-18T11:01:36","date_gmt":"2025-02-18T10:01:36","guid":{"rendered":"https:\/\/wiejskieprzysmaki.estima.site\/produkt\/herbatka-lisc-babki-lancetowatej-bio-25-g-dary-natury\/"},"modified":"2025-02-18T11:01:37","modified_gmt":"2025-02-18T10:01:37","slug":"herbatka-lisc-babki-lancetowatej-bio-25-g-dary-natury","status":"publish","type":"product","link":"https:\/\/wiejskieprzysmaki.estima.site\/en\/product\/herbatka-lisc-babki-lancetowatej-bio-25-g-dary-natury\/","title":{"rendered":"HERBATKA LI\u015a\u0106 BABKI LANCETOWATEJ BIO 25 g &#8211; DARY NATURY"},"content":{"rendered":"<p>SK\u0141ADNIKI<br \/>li\u015b\u0107 babki lancetowatej* 100 %. (*certyfikowany sk\u0142adnik ekologiczny)<\/p>\n<p>OPIS<br \/>Babka lancetowata by\u0142a stosowana przez wiele stuleci zar\u00f3wno w medycynie ludowej jak i konwencjonalnej. <\/p>\n<p>SPOS\u00d3B PRZYGOTOWANIA<br \/>\u0141y\u017ceczk\u0119 li\u015bcia babki zala\u0107 wrz\u0105tkiem, odstawi\u0107 na 15-20 minut. Przecedzi\u0107, pi\u0107 wedle zapotrzebowania.<\/p>\n<p>ZALECANE WARUNKI PRZECHOWYWANIA<br \/>Przechowywa\u0107 w suchym miejscu.<\/p>","protected":false},"excerpt":{"rendered":"<p>SK\u0141ADNIKIli\u015b\u0107 babki lancetowatej* 100 %. (*certyfikowany sk\u0142adnik ekologiczny) OPISBabka lancetowata by\u0142a stosowana przez wiele stuleci zar\u00f3wno w medycynie ludowej jak i konwencjonalnej. SPOS\u00d3B PRZYGOTOWANIA\u0141y\u017ceczk\u0119 li\u015bcia babki zala\u0107 wrz\u0105tkiem, odstawi\u0107 na 15-20 minut. Przecedzi\u0107, pi\u0107 wedle zapotrzebowania. ZALECANE WARUNKI PRZECHOWYWANIAPrzechowywa\u0107 w suchym miejscu.<\/p>","protected":false},"featured_media":4854,"comment_status":"closed","ping_status":"open","template":"","meta":{"_acf_changed":false},"product_brand":[],"product_cat":[282,283],"product_tag":[],"class_list":{"0":"post-4853","1":"product","2":"type-product","3":"status-publish","4":"has-post-thumbnail","6":"product_cat-herbaty-i-ziola","7":"product_cat-ziolowe-owocowe-jednorodne","8":"pa_ean-matka-3950","9":"pa_gwarancja-przydatnosci-522","10":"pa_ilosc-w-opakowaniu-1287","11":"pa_jednostka-podstawowa-szt","12":"pa_kod-cn-1211-90-86","13":"pa_masa-netto-1124","14":"pa_objetosc-brutto-338","15":"pa_producent-dary-natury-herbatki","16":"pa_producent-nazwa-adres-miroslaw-angielczyk-dary-natury-koryciny-73-17-315-grodzisk","17":"pa_tagi-bez-cukru-w-skladnikach","18":"pa_tagi-bez-glutenu-w-skladnikach","19":"pa_tagi-certyfikat-bio","20":"pa_tagi-weganski","21":"pa_tagi-wegetarianski","23":"first","24":"instock","25":"taxable","26":"shipping-taxable","27":"purchasable","28":"product-type-simple"},"acf":[],"_links":{"self":[{"href":"https:\/\/wiejskieprzysmaki.estima.site\/en\/wp-json\/wp\/v2\/product\/4853","targetHints":{"allow":["GET"]}}],"collection":[{"href":"https:\/\/wiejskieprzysmaki.estima.site\/en\/wp-json\/wp\/v2\/product"}],"about":[{"href":"https:\/\/wiejskieprzysmaki.estima.site\/en\/wp-json\/wp\/v2\/types\/product"}],"replies":[{"embeddable":true,"href":"https:\/\/wiejskieprzysmaki.estima.site\/en\/wp-json\/wp\/v2\/comments?post=4853"}],"wp:featuredmedia":[{"embeddable":true,"href":"https:\/\/wiejskieprzysmaki.estima.site\/en\/wp-json\/wp\/v2\/media\/4854"}],"wp:attachment":[{"href":"https:\/\/wiejskieprzysmaki.estima.site\/en\/wp-json\/wp\/v2\/media?parent=4853"}],"wp:term":[{"taxonomy":"product_brand","embeddable":true,"href":"https:\/\/wiejskieprzysmaki.estima.site\/en\/wp-json\/wp\/v2\/product_brand?post=4853"},{"taxonomy":"product_cat","embeddable":true,"href":"https:\/\/wiejskieprzysmaki.estima.site\/en\/wp-json\/wp\/v2\/product_cat?post=4853"},{"taxonomy":"product_tag","embeddable":true,"href":"https:\/\/wiejskieprzysmaki.estima.site\/en\/wp-json\/wp\/v2\/product_tag?post=4853"}],"curies":[{"name":"wp","href":"https:\/\/api.w.org\/{rel}","templated":true}]}}