{"id":4867,"date":"2025-02-18T11:01:36","date_gmt":"2025-02-18T10:01:36","guid":{"rendered":"https:\/\/wiejskieprzysmaki.estima.site\/produkt\/borowka-amerykanska-80-bio-260-g-sad-dankow\/"},"modified":"2025-02-18T11:01:42","modified_gmt":"2025-02-18T10:01:42","slug":"borowka-amerykanska-80-bio-260-g-sad-dankow","status":"publish","type":"product","link":"https:\/\/wiejskieprzysmaki.estima.site\/en\/product\/borowka-amerykanska-80-bio-260-g-sad-dankow\/","title":{"rendered":"BOR\u00d3WKA AMERYKA\u0143SKA 80 % BIO 260 g &#8211; SAD DANK\u00d3W"},"content":{"rendered":"<p>SK\u0141ADNIKI<br \/>bor\u00f3wki ameryka\u0144skie*, koncentrat jab\u0142kowy*, substancja zag\u0119szczaj\u0105ca &#8211; pektyna. (*certyfikowany sk\u0142adnik ekologiczny)<\/p>\n<p>OPIS  <br \/>100 g produktu sporz\u0105dzono z 80 g owoc\u00f3w. Produkt pasteryzowany otrzymany przez odszypu\u0142kowanie owoc\u00f3w bor\u00f3wki ameryka\u0144skiej z dodatkiem koncentratu jab\u0142kowego w celu otrzymania odpowiedniego poziomu pH.<\/p>\n<p>WARTO\u015a\u0106 OD\u017bYWCZA W 100 g  <br \/>Warto\u015b\u0107 energetyczna &#8211; 501 kJ\/119 kcal  <br \/>T\u0142uszcz &#8211; <0,5 g  <br \/>w tym kwasy t\u0142uszczowe nasycone &#8211; <0,1 g  <br \/>W\u0119glowodany &#8211; 26 g  <br \/>w tym cukry &#8211; 24 g  <br \/>Bia\u0142ko &#8211; 0,6 g  <br \/>S\u00f3l &#8211; <0,07  g\n\nZALECANE WARUNKI PRZECHOWYWANIA<br \/>Przechowywa\u0107 w suchym i ch\u0142odnym miejscu. Po otwarciu przechowywa\u0107 w temperaturze + 4 \u00b0C<\/p>","protected":false},"excerpt":{"rendered":"<p>SK\u0141ADNIKIbor\u00f3wki ameryka\u0144skie*, koncentrat jab\u0142kowy*, substancja zag\u0119szczaj\u0105ca &#8211; pektyna. (*certyfikowany sk\u0142adnik ekologiczny) OPIS 100 g produktu sporz\u0105dzono z 80 g owoc\u00f3w. Produkt pasteryzowany otrzymany przez odszypu\u0142kowanie owoc\u00f3w bor\u00f3wki ameryka\u0144skiej z dodatkiem koncentratu jab\u0142kowego w celu otrzymania odpowiedniego poziomu pH. WARTO\u015a\u0106 OD\u017bYWCZA W 100 g Warto\u015b\u0107 energetyczna &#8211; 501 kJ\/119 kcal T\u0142uszcz &#8211;<\/p>","protected":false},"featured_media":4868,"comment_status":"closed","ping_status":"open","template":"","meta":{"_acf_changed":false},"product_brand":[],"product_cat":[999,998],"product_tag":[],"class_list":{"0":"post-4867","1":"product","2":"type-product","3":"status-publish","4":"has-post-thumbnail","6":"product_cat-dzemy-konfitury-musy","7":"product_cat-przetwory-warzywne-i-owocowe","8":"pa_ean-matka-3959","9":"pa_gwarancja-przydatnosci-324","10":"pa_ilosc-w-opakowaniu-331","11":"pa_jednostka-podstawowa-szt","12":"pa_kod-cn-2007-91-30","13":"pa_masa-netto-756","14":"pa_objetosc-brutto-3251","15":"pa_producent-sad-dankow-przetwory-owocowe","16":"pa_producent-nazwa-adres-sad-dankow-dankow-duzy-54-29-100-wloszczowa","17":"pa_tagi-bez-glutenu-w-skladnikach","18":"pa_tagi-certyfikat-bio","19":"pa_tagi-weganski","20":"pa_tagi-wegetarianski","22":"first","23":"instock","24":"taxable","25":"shipping-taxable","26":"purchasable","27":"product-type-simple"},"acf":[],"_links":{"self":[{"href":"https:\/\/wiejskieprzysmaki.estima.site\/en\/wp-json\/wp\/v2\/product\/4867","targetHints":{"allow":["GET"]}}],"collection":[{"href":"https:\/\/wiejskieprzysmaki.estima.site\/en\/wp-json\/wp\/v2\/product"}],"about":[{"href":"https:\/\/wiejskieprzysmaki.estima.site\/en\/wp-json\/wp\/v2\/types\/product"}],"replies":[{"embeddable":true,"href":"https:\/\/wiejskieprzysmaki.estima.site\/en\/wp-json\/wp\/v2\/comments?post=4867"}],"wp:featuredmedia":[{"embeddable":true,"href":"https:\/\/wiejskieprzysmaki.estima.site\/en\/wp-json\/wp\/v2\/media\/4868"}],"wp:attachment":[{"href":"https:\/\/wiejskieprzysmaki.estima.site\/en\/wp-json\/wp\/v2\/media?parent=4867"}],"wp:term":[{"taxonomy":"product_brand","embeddable":true,"href":"https:\/\/wiejskieprzysmaki.estima.site\/en\/wp-json\/wp\/v2\/product_brand?post=4867"},{"taxonomy":"product_cat","embeddable":true,"href":"https:\/\/wiejskieprzysmaki.estima.site\/en\/wp-json\/wp\/v2\/product_cat?post=4867"},{"taxonomy":"product_tag","embeddable":true,"href":"https:\/\/wiejskieprzysmaki.estima.site\/en\/wp-json\/wp\/v2\/product_tag?post=4867"}],"curies":[{"name":"wp","href":"https:\/\/api.w.org\/{rel}","templated":true}]}}