{"id":4877,"date":"2025-02-18T11:01:36","date_gmt":"2025-02-18T10:01:36","guid":{"rendered":"https:\/\/wiejskieprzysmaki.estima.site\/produkt\/mieszanka-na-nalesniki-bio-250-g-amylon\/"},"modified":"2025-02-18T11:01:45","modified_gmt":"2025-02-18T10:01:45","slug":"mieszanka-na-nalesniki-bio-250-g-amylon","status":"publish","type":"product","link":"https:\/\/wiejskieprzysmaki.estima.site\/en\/product\/mieszanka-na-nalesniki-bio-250-g-amylon\/","title":{"rendered":"MIESZANKA NA NALE\u015aNIKI BIO 250 g &#8211; AMYLON"},"content":{"rendered":"<p>SK\u0141ADNIKI<br \/>m\u0105ka PSZENNA pe\u0142noziarnista* 91 %, MLEKO w proszku*, substancje spulchniaj\u0105ce (winiany potasu, w\u0119glany sodu), s\u00f3l morska. (*certyfikowany sk\u0142adnik ekologiczny)<\/p>\n<p>SPOS\u00d3B PRZYGOTOWANIA<br \/>Zawarto\u015b\u0107 torebki wsypa\u0107 do miski, wla\u0107 ok. 400 ml zimnej wody, dobrze wymiesza\u0107 i odstawi\u0107 na 2 minuty. Nast\u0119pnie sma\u017cy\u0107 cienkie nale\u015bniki na rozgrzanej patelni z odrobin\u0105 oleju. Nale\u015bniki mo\u017cna podawa\u0107 z d\u017cemem, bia\u0142ym serem, szpinakiem, z mi\u0119snym lub grzybowym farszem.<br \/>Gotowe ciasto wystarczy na 8-10 nale\u015bnik\u00f3w.<\/p>\n<p>WARTO\u015a\u0106 OD\u017bYWCZA W 100 g produktu sypkiego<br \/>Warto\u015b\u0107 energetyczna: 1349 kJ \/ 319 kcal<br \/>T\u0142uszcz: 1,9 g<br \/>w tym kwasy t\u0142uszczowe nasycone: 0 g<br \/>W\u0119glowodany: 59 g<br \/>w tym cukry: 0 g<br \/>Bia\u0142ko: 12 g<br \/>S\u00f3l: 1,3 g <\/p>\n<p>INFORMACJA ALERGENNA<br \/>Mo\u017ce zawiera\u0107 JAJA.<\/p>\n<p>ZALECANE WARUNKI PRZECHOWYWANIA<br \/>Przechowywa\u0107 w suchym miejscu, chroni\u0107 przed \u015bwiat\u0142em.<\/p>","protected":false},"excerpt":{"rendered":"<p>SK\u0141ADNIKIm\u0105ka PSZENNA pe\u0142noziarnista* 91 %, MLEKO w proszku*, substancje spulchniaj\u0105ce (winiany potasu, w\u0119glany sodu), s\u00f3l morska. (*certyfikowany sk\u0142adnik ekologiczny) SPOS\u00d3B PRZYGOTOWANIAZawarto\u015b\u0107 torebki wsypa\u0107 do miski, wla\u0107 ok. 400 ml zimnej wody, dobrze wymiesza\u0107 i odstawi\u0107 na 2 minuty. Nast\u0119pnie sma\u017cy\u0107 cienkie nale\u015bniki na rozgrzanej patelni z odrobin\u0105 oleju. Nale\u015bniki mo\u017cna podawa\u0107 z d\u017cemem, bia\u0142ym serem, [&hellip;]<\/p>","protected":false},"featured_media":4878,"comment_status":"closed","ping_status":"open","template":"","meta":{"_acf_changed":false},"product_brand":[],"product_cat":[722],"product_tag":[],"class_list":{"0":"post-4877","1":"product","2":"type-product","3":"status-publish","4":"has-post-thumbnail","6":"product_cat-mieszanki-do-przygotowywania-potraw","7":"pa_ean-matka-3966","8":"pa_ilosc-w-opakowaniu-350","9":"pa_jednostka-podstawowa-szt","10":"pa_kod-cn-1901-90-99","11":"pa_masa-netto-480","12":"pa_objetosc-brutto-3964","13":"pa_producent-amylon-budynie-galaretkikisielecukry-skrobie","14":"pa_producent-nazwa-adres-amylon-a-s-svermova-117-580-36-havlickuv-brod","15":"pa_tagi-bez-cukru-w-skladnikach","16":"pa_tagi-certyfikat-bio","17":"pa_tagi-wegetarianski","19":"first","20":"instock","21":"taxable","22":"shipping-taxable","23":"purchasable","24":"product-type-simple"},"acf":[],"_links":{"self":[{"href":"https:\/\/wiejskieprzysmaki.estima.site\/en\/wp-json\/wp\/v2\/product\/4877","targetHints":{"allow":["GET"]}}],"collection":[{"href":"https:\/\/wiejskieprzysmaki.estima.site\/en\/wp-json\/wp\/v2\/product"}],"about":[{"href":"https:\/\/wiejskieprzysmaki.estima.site\/en\/wp-json\/wp\/v2\/types\/product"}],"replies":[{"embeddable":true,"href":"https:\/\/wiejskieprzysmaki.estima.site\/en\/wp-json\/wp\/v2\/comments?post=4877"}],"wp:featuredmedia":[{"embeddable":true,"href":"https:\/\/wiejskieprzysmaki.estima.site\/en\/wp-json\/wp\/v2\/media\/4878"}],"wp:attachment":[{"href":"https:\/\/wiejskieprzysmaki.estima.site\/en\/wp-json\/wp\/v2\/media?parent=4877"}],"wp:term":[{"taxonomy":"product_brand","embeddable":true,"href":"https:\/\/wiejskieprzysmaki.estima.site\/en\/wp-json\/wp\/v2\/product_brand?post=4877"},{"taxonomy":"product_cat","embeddable":true,"href":"https:\/\/wiejskieprzysmaki.estima.site\/en\/wp-json\/wp\/v2\/product_cat?post=4877"},{"taxonomy":"product_tag","embeddable":true,"href":"https:\/\/wiejskieprzysmaki.estima.site\/en\/wp-json\/wp\/v2\/product_tag?post=4877"}],"curies":[{"name":"wp","href":"https:\/\/api.w.org\/{rel}","templated":true}]}}