{"id":4879,"date":"2025-02-18T11:01:36","date_gmt":"2025-02-18T10:01:36","guid":{"rendered":"https:\/\/wiejskieprzysmaki.estima.site\/produkt\/ashwagandha-bio-520-mg-60-kapsulek-dary-natury\/"},"modified":"2025-02-20T15:13:50","modified_gmt":"2025-02-20T14:13:50","slug":"ashwagandha-bio-520-mg-60-kapsulek-dary-natury","status":"publish","type":"product","link":"https:\/\/wiejskieprzysmaki.estima.site\/en\/product\/ashwagandha-bio-520-mg-60-kapsulek-dary-natury\/","title":{"rendered":"ASHWAGANDHA BIO (520 mg) 60 KAPSU\u0141EK &#8211; DARY NATURY"},"content":{"rendered":"<p>SK\u0141ADNIKI <br \/>ashwagandha* (Withania somnifera); hydroksypropylometyloceluloza (otoczka kapsu\u0142ki). (*certyfikowany sk\u0142adnik ekologiczny)<\/p>\n<p>OPIS <br \/>Suplement diety.<\/p>\n<p>ZALECANE SPO\u017bYCIE I UWAGI <br \/>Doro\u015bli 1 kapsu\u0142ka dziennie. Popi\u0107 szklank\u0105 wody. Nie przekracza\u0107 zalecanej porcji do spo\u017cycia w ci\u0105gu dnia. Suplementy diety nie mog\u0105 by\u0107 stosowane jako substytut (zamiennik) zr\u00f3\u017cnicowanej diety. Dla utrzymania prawid\u0142owego stanu zdrowia nale\u017cy stosowa\u0107 zr\u00f3\u017cnicowan\u0105 diet\u0119 i prowadzi\u0107 zdrowy tryb \u017cycia. Nie stosowa\u0107 po up\u0142ywie daty minimalnej trwa\u0142o\u015bci.<br \/>Nie stosowa\u0107 w przypadku nadwra\u017cliwo\u015bci na kt\u00f3rykolwiek ze sk\u0142adnik\u00f3w suplementu diety. Kobiety w ci\u0105\u017cy oraz karmi\u0105ce piersi\u0105 przed zastosowaniem suplementu diety powinny skonsultowa\u0107 si\u0119 z lekarzem.<\/p>\n<p>ZALECANE WARUNKI PRZECHOWYWANIA<br \/>Przechowywa\u0107 w nienas\u0142onecznionym, suchym miejscu w temperaturze 0\u00b0C &#8211; 25\u00b0C, w zamkni\u0119tym opakowaniu. Suplementy diety powinny by\u0107 przechowywane w spos\u00f3b niedost\u0119pny dla ma\u0142ych dzieci.  <\/p>","protected":false},"excerpt":{"rendered":"<p>SK\u0141ADNIKI ashwagandha* (Withania somnifera); hydroksypropylometyloceluloza (otoczka kapsu\u0142ki). (*certyfikowany sk\u0142adnik ekologiczny) OPIS Suplement diety. ZALECANE SPO\u017bYCIE I UWAGI Doro\u015bli 1 kapsu\u0142ka dziennie. Popi\u0107 szklank\u0105 wody. Nie przekracza\u0107 zalecanej porcji do spo\u017cycia w ci\u0105gu dnia. Suplementy diety nie mog\u0105 by\u0107 stosowane jako substytut (zamiennik) zr\u00f3\u017cnicowanej diety. Dla utrzymania prawid\u0142owego stanu zdrowia nale\u017cy stosowa\u0107 zr\u00f3\u017cnicowan\u0105 diet\u0119 i prowadzi\u0107 [&hellip;]<\/p>","protected":false},"featured_media":4880,"comment_status":"closed","ping_status":"open","template":"","meta":{"_acf_changed":false},"product_brand":[],"product_cat":[1497,9057],"product_tag":[],"class_list":{"0":"post-4879","1":"product","2":"type-product","3":"status-publish","4":"has-post-thumbnail","6":"product_cat-kapsulki-tabletki","7":"product_cat-suplementy-diety","8":"pa_ean-matka-3967","9":"pa_gwarancja-przydatnosci-320","10":"pa_ilosc-w-opakowaniu-350","11":"pa_jednostka-podstawowa-szt","12":"pa_kod-cn-2106-90-92","13":"pa_masa-netto-393","14":"pa_objetosc-brutto-1013","15":"pa_producent-dary-natury-suplementy","16":"pa_producent-nazwa-adres-miroslaw-angielczyk-dary-natury-koryciny-73-17-315-grodzisk","17":"pa_tagi-bez-cukru-w-skladnikach","18":"pa_tagi-bez-glutenu-w-skladnikach","19":"pa_tagi-certyfikat-bio","20":"pa_tagi-weganski","21":"pa_tagi-wegetarianski","23":"first","24":"instock","25":"taxable","26":"shipping-taxable","27":"purchasable","28":"product-type-simple"},"acf":[],"_links":{"self":[{"href":"https:\/\/wiejskieprzysmaki.estima.site\/en\/wp-json\/wp\/v2\/product\/4879","targetHints":{"allow":["GET"]}}],"collection":[{"href":"https:\/\/wiejskieprzysmaki.estima.site\/en\/wp-json\/wp\/v2\/product"}],"about":[{"href":"https:\/\/wiejskieprzysmaki.estima.site\/en\/wp-json\/wp\/v2\/types\/product"}],"replies":[{"embeddable":true,"href":"https:\/\/wiejskieprzysmaki.estima.site\/en\/wp-json\/wp\/v2\/comments?post=4879"}],"wp:featuredmedia":[{"embeddable":true,"href":"https:\/\/wiejskieprzysmaki.estima.site\/en\/wp-json\/wp\/v2\/media\/4880"}],"wp:attachment":[{"href":"https:\/\/wiejskieprzysmaki.estima.site\/en\/wp-json\/wp\/v2\/media?parent=4879"}],"wp:term":[{"taxonomy":"product_brand","embeddable":true,"href":"https:\/\/wiejskieprzysmaki.estima.site\/en\/wp-json\/wp\/v2\/product_brand?post=4879"},{"taxonomy":"product_cat","embeddable":true,"href":"https:\/\/wiejskieprzysmaki.estima.site\/en\/wp-json\/wp\/v2\/product_cat?post=4879"},{"taxonomy":"product_tag","embeddable":true,"href":"https:\/\/wiejskieprzysmaki.estima.site\/en\/wp-json\/wp\/v2\/product_tag?post=4879"}],"curies":[{"name":"wp","href":"https:\/\/api.w.org\/{rel}","templated":true}]}}