{"id":4923,"date":"2025-02-18T11:01:51","date_gmt":"2025-02-18T10:01:51","guid":{"rendered":"https:\/\/wiejskieprzysmaki.estima.site\/produkt\/rozdzki-smaku-warzywne-liofilizowane-warzywa-bio-9-x-2-g-18-g-helpa\/"},"modified":"2025-02-18T11:02:06","modified_gmt":"2025-02-18T10:02:06","slug":"rozdzki-smaku-warzywne-liofilizowane-warzywa-bio-9-x-2-g-18-g-helpa","status":"publish","type":"product","link":"https:\/\/wiejskieprzysmaki.estima.site\/en\/product\/rozdzki-smaku-warzywne-liofilizowane-warzywa-bio-9-x-2-g-18-g-helpa\/","title":{"rendered":"R\u00d3\u017bD\u017bKI SMAKU WARZYWNE (LIOFILIZOWANE WARZYWA) BIO (9 x 2 g) 18 g &#8211; HELPA"},"content":{"rendered":"<p>SK\u0141ADNIKI<br \/>BIO R\u00f3\u017cd\u017cka Smaku Burak (sproszkowany burak liofilizowany* 100 %) 33,3 %, BIO R\u00f3\u017cd\u017cka Smaku Szpinak (sproszkowany szpinak liofilizowany* 100 %) 33,3 %, BIO R\u00f3\u017cd\u017cka Smaku Dynia (sproszkowana dynia liofilizowana* 100 %) 33,3 % (*certyfikowany sk\u0142adnik ekologiczny)<\/p>\n<p>OPIS<br \/>Odkryj Bio Warzywne R\u00f3\u017cd\u017cki Smaku &#8211; ekologiczne, warzywa liofilizowane w postaci magicznego py\u0142u. Pakowane s\u0105 w wygodne 2-gramowe saszetki &#8211; idealne \u201cna raz\u201d.Ten wyj\u0105tkowy zestaw skrywa trzy r\u00f3\u017cne warzywa &#8211; szpinak, dyni\u0119 i buraka. Opakowanie zawiera po trzy 2-gramowe saszetki ka\u017cdego z warzyw, co daje a\u017c 9 sztuk Bio R\u00f3\u017cd\u017cek Smaku, by odkrywa\u0107 i eksperymentowa\u0107 w kuchni. <br \/>Dlaczego Bio R\u00f3\u017cd\u017cki Smaku s\u0105 wyj\u0105tkowe?<br \/>&#8211; R\u00f3\u017cnorodno\u015b\u0107 warzyw: szpinak, dynia i burak, ka\u017cdy smak w innej kolorowej saszetce.<br \/>&#8211; Ekologiczna i wysoka jako\u015b\u0107 sk\u0142adnik\u00f3w: sproszkowane warzywa liofilizowane zachowuj\u0105 wi\u0119kszo\u015b\u0107 warto\u015bci od\u017cywczych \u015bwie\u017cych warzyw.<br \/>&#8211; Wygodne opakowanie: zestaw zawiera ma\u0142e opakowania ka\u017cdego z warzyw, kt\u00f3re s\u0105 idealne na raz. <br \/>&#8211; Szybkie wzbogacanie posi\u0142k\u00f3w: idealne do dodawania do r\u00f3\u017cnorodnych potraw, by wzbogaci\u0107 je w cenne sk\u0142adniki od\u017cywcze oraz doda\u0107 im niepowtarzalny kolor i naturalny smak.<br \/>&#8211; Alternatywa dla s\u0142odkich dodatk\u00f3w: nie maj\u0105 dodatku cukru, stanowi\u0105 doskona\u0142\u0105 alternatyw\u0119 dla tradycyjnych posypek.<br \/>Poznaj rado\u015b\u0107 smakowania z Bio Warzywnymi R\u00f3\u017cd\u017ckami Smaku. To nie tylko warto\u015bci od\u017cywcze, ale tak\u017ce \u015bwietna zabawa i urozmaicenie Twojej kuchni. W pe\u0142ni naturalne i smakowite rozwi\u0105zanie. 100% warzyw, 100% smaku, 100% natury!<\/p>\n<p>WARTO\u015a\u0106 OD\u017bYWCZA BURAK  W 100 g<br \/>Warto\u015b\u0107 energetyczna: 1419 kJ\/340 kcal  <br \/>T\u0142uszcz: 1,4 g  <br \/>w tym kwasy t\u0142uszczowe nasycone: 0,2 g  <br \/>W\u0119glowodany: 56 g  <br \/>w tym cukry: 56 g  <br \/>B\u0142onnik: 23 g  <br \/>Bia\u0142ko: 13 g  <br \/>S\u00f3l: 0,02 g<\/p>\n<p>WARTO\u015a\u0106 OD\u017bYWCZA SZPINAK  W 100 g<br \/>Warto\u015b\u0107 energetyczna: 1165 kJ\/278 kcal  <br \/>T\u0142uszcz: 4,3 g  <br \/>w tym kwasy t\u0142uszczowe nasycone: 0,7 g  <br \/>W\u0119glowodany: 16 g  <br \/>w tym cukry: 4,6 g  <br \/>B\u0142onnik: 24 g  <br \/>Bia\u0142ko: 32 g  <br \/>S\u00f3l: 2,2 g<\/p>\n<p>WARTO\u015a\u0106 OD\u017bYWCZA DYNIA W 100 g<br \/>Warto\u015b\u0107 energetyczna: 1584 kJ\/374 kcal  <br \/>T\u0142uszcz: 1,3 g  <br \/>w tym kwasy t\u0142uszczowe nasycone: 0,7 g  <br \/>W\u0119glowodany: 75 g  <br \/>w tym cukry: 35 g  <br \/>B\u0142onnik: 6,3 g  <br \/>Bia\u0142ko: 13 g  <br \/>S\u00f3l: 0,04 g<\/p>\n<p>ZALECANE WARUNKI PRZECHOWYWANIA<br \/>Przechowywa\u0107 w szczelnie zamkni\u0119tym, oryginalnym opakowaniu w suchym i ch\u0142odnym miejscu.<\/p>","protected":false},"excerpt":{"rendered":"<p>SK\u0141ADNIKIBIO R\u00f3\u017cd\u017cka Smaku Burak (sproszkowany burak liofilizowany* 100 %) 33,3 %, BIO R\u00f3\u017cd\u017cka Smaku Szpinak (sproszkowany szpinak liofilizowany* 100 %) 33,3 %, BIO R\u00f3\u017cd\u017cka Smaku Dynia (sproszkowana dynia liofilizowana* 100 %) 33,3 % (*certyfikowany sk\u0142adnik ekologiczny) OPISOdkryj Bio Warzywne R\u00f3\u017cd\u017cki Smaku &#8211; ekologiczne, warzywa liofilizowane w postaci magicznego py\u0142u. Pakowane s\u0105 w wygodne 2-gramowe saszetki [&hellip;]<\/p>","protected":false},"featured_media":4924,"comment_status":"closed","ping_status":"open","template":"","meta":{"_acf_changed":false},"product_brand":[],"product_cat":[36],"product_tag":[],"class_list":{"0":"post-4923","1":"product","2":"type-product","3":"status-publish","4":"has-post-thumbnail","6":"product_cat-dodatki-do-wypiekow-i-deserow","7":"pa_ean-matka-4004","8":"pa_gwarancja-przydatnosci-535","9":"pa_ilosc-w-opakowaniu-392","10":"pa_jednostka-podstawowa-szt","11":"pa_kod-cn-1106-30-90","12":"pa_masa-netto-3746","13":"pa_objetosc-brutto-4002","14":"pa_producent-helpa-kaszki","15":"pa_producent-nazwa-adres-helpa-spolka-z-ograniczona-odpowiedzialnoscia-spolka-komandytowa-zabia-40-05-504-henrykow-urocze","16":"pa_tagi-bez-cukru-w-skladnikach","17":"pa_tagi-bez-glutenu-w-skladnikach","18":"pa_tagi-certyfikat-bio","19":"pa_tagi-weganski","20":"pa_tagi-wegetarianski","22":"first","23":"instock","24":"taxable","25":"shipping-taxable","26":"purchasable","27":"product-type-simple"},"acf":[],"_links":{"self":[{"href":"https:\/\/wiejskieprzysmaki.estima.site\/en\/wp-json\/wp\/v2\/product\/4923","targetHints":{"allow":["GET"]}}],"collection":[{"href":"https:\/\/wiejskieprzysmaki.estima.site\/en\/wp-json\/wp\/v2\/product"}],"about":[{"href":"https:\/\/wiejskieprzysmaki.estima.site\/en\/wp-json\/wp\/v2\/types\/product"}],"replies":[{"embeddable":true,"href":"https:\/\/wiejskieprzysmaki.estima.site\/en\/wp-json\/wp\/v2\/comments?post=4923"}],"wp:featuredmedia":[{"embeddable":true,"href":"https:\/\/wiejskieprzysmaki.estima.site\/en\/wp-json\/wp\/v2\/media\/4924"}],"wp:attachment":[{"href":"https:\/\/wiejskieprzysmaki.estima.site\/en\/wp-json\/wp\/v2\/media?parent=4923"}],"wp:term":[{"taxonomy":"product_brand","embeddable":true,"href":"https:\/\/wiejskieprzysmaki.estima.site\/en\/wp-json\/wp\/v2\/product_brand?post=4923"},{"taxonomy":"product_cat","embeddable":true,"href":"https:\/\/wiejskieprzysmaki.estima.site\/en\/wp-json\/wp\/v2\/product_cat?post=4923"},{"taxonomy":"product_tag","embeddable":true,"href":"https:\/\/wiejskieprzysmaki.estima.site\/en\/wp-json\/wp\/v2\/product_tag?post=4923"}],"curies":[{"name":"wp","href":"https:\/\/api.w.org\/{rel}","templated":true}]}}