{"id":4970,"date":"2025-02-18T11:02:09","date_gmt":"2025-02-18T10:02:09","guid":{"rendered":"https:\/\/wiejskieprzysmaki.estima.site\/produkt\/ocet-jablkowy-5-niefiltrowany-demeter-bio-330-ml-beutelsbacher\/"},"modified":"2025-02-18T11:02:22","modified_gmt":"2025-02-18T10:02:22","slug":"ocet-jablkowy-5-niefiltrowany-demeter-bio-330-ml-beutelsbacher","status":"publish","type":"product","link":"https:\/\/wiejskieprzysmaki.estima.site\/en\/product\/ocet-jablkowy-5-niefiltrowany-demeter-bio-330-ml-beutelsbacher\/","title":{"rendered":"OCET JAB\u0141KOWY 5 % NIEFILTROWANY DEMETER BIO 330 ml &#8211; BEUTELSBACHER"},"content":{"rendered":"<p>SK\u0141ADNIKI  <br \/>ocet jab\u0142kowy niefiltrowany*. (* z upraw biodynamicznych)<\/p>\n<p>OPIS <br \/>Niepasteryzowany, dlatego zachowane s\u0105 cenne \u017cywe kultury bakterii octowych. Kwasowo\u015b\u0107: 5 %. <br \/>Aromatyczne jab\u0142ka z uprawy biodynamicznej stanowi\u0105 podstaw\u0119 tego niefiltrowanego i niepasteryzowanego octu jab\u0142kowego.<br \/>Ceniony produkt naturalny zapewniaj\u0105ce r\u00f3\u017cnorodne smakowe przyjemno\u015bci.<br \/>Idealny do doprawiania sa\u0142atek oraz jako orze\u017awiaj\u0105cy nap\u00f3j z dodatkiem wody mineralnej i odrobin\u0105 miodu.<br \/>Zawiera naturalny osad. <br \/>Przed spo\u017cyciem wstrz\u0105sn\u0105\u0107.<\/p>\n<p>WARTO\u015a\u0106 OD\u017bYWCZA W 100 ml<br \/>Warto\u015b\u0107 energetyczna: 75 kJ\/18 kcal  <br \/>T\u0142uszcz: 0 g  <br \/>w tym kwasy nasycone: 0 g  <br \/>W\u0119glowodany: 0 g  <br \/>w tym cukry: 0 g  <br \/>Bia\u0142ko: 0 g  <br \/>S\u00f3l: <0,01 g  \n\nZALECANE WARUNKI PRZECHOWYWANIA  <br \/>Przechowywa\u0107 w suchym i ch\u0142odnym miejscu.<\/p>","protected":false},"excerpt":{"rendered":"<p>SK\u0141ADNIKI ocet jab\u0142kowy niefiltrowany*. (* z upraw biodynamicznych) OPIS Niepasteryzowany, dlatego zachowane s\u0105 cenne \u017cywe kultury bakterii octowych. Kwasowo\u015b\u0107: 5 %. Aromatyczne jab\u0142ka z uprawy biodynamicznej stanowi\u0105 podstaw\u0119 tego niefiltrowanego i niepasteryzowanego octu jab\u0142kowego.Ceniony produkt naturalny zapewniaj\u0105ce r\u00f3\u017cnorodne smakowe przyjemno\u015bci.Idealny do doprawiania sa\u0142atek oraz jako orze\u017awiaj\u0105cy nap\u00f3j z dodatkiem wody mineralnej i odrobin\u0105 miodu.Zawiera naturalny [&hellip;]<\/p>","protected":false},"featured_media":4972,"comment_status":"closed","ping_status":"open","template":"","meta":{"_acf_changed":false},"product_brand":[],"product_cat":[363,362],"product_tag":[],"class_list":{"0":"post-4970","1":"product","2":"type-product","3":"status-publish","4":"has-post-thumbnail","6":"product_cat-jablkowe","7":"product_cat-octy","8":"pa_ean-matka-4038","9":"pa_gwarancja-przydatnosci-301","10":"pa_ilosc-w-opakowaniu-374","11":"pa_jednostka-podstawowa-szt","12":"pa_kod-cn-2209-00-91","13":"pa_objetosc-brutto-4037","14":"pa_objetosc-netto-1012","15":"pa_producent-beutelsbacher-soki-napoje-ocet-jablkowy","16":"pa_producent-nazwa-adres-beutelsbacher-fruchtsaftkelterei-birkelstrasse-11-71370-weinstadt","17":"pa_tagi-bez-cukru-w-skladnikach","18":"pa_tagi-bez-glutenu-w-skladnikach","19":"pa_tagi-certyfikat-bio","20":"pa_tagi-weganski","21":"pa_tagi-wegetarianski","23":"first","24":"instock","25":"taxable","26":"shipping-taxable","27":"purchasable","28":"product-type-simple"},"acf":[],"_links":{"self":[{"href":"https:\/\/wiejskieprzysmaki.estima.site\/en\/wp-json\/wp\/v2\/product\/4970","targetHints":{"allow":["GET"]}}],"collection":[{"href":"https:\/\/wiejskieprzysmaki.estima.site\/en\/wp-json\/wp\/v2\/product"}],"about":[{"href":"https:\/\/wiejskieprzysmaki.estima.site\/en\/wp-json\/wp\/v2\/types\/product"}],"replies":[{"embeddable":true,"href":"https:\/\/wiejskieprzysmaki.estima.site\/en\/wp-json\/wp\/v2\/comments?post=4970"}],"wp:featuredmedia":[{"embeddable":true,"href":"https:\/\/wiejskieprzysmaki.estima.site\/en\/wp-json\/wp\/v2\/media\/4972"}],"wp:attachment":[{"href":"https:\/\/wiejskieprzysmaki.estima.site\/en\/wp-json\/wp\/v2\/media?parent=4970"}],"wp:term":[{"taxonomy":"product_brand","embeddable":true,"href":"https:\/\/wiejskieprzysmaki.estima.site\/en\/wp-json\/wp\/v2\/product_brand?post=4970"},{"taxonomy":"product_cat","embeddable":true,"href":"https:\/\/wiejskieprzysmaki.estima.site\/en\/wp-json\/wp\/v2\/product_cat?post=4970"},{"taxonomy":"product_tag","embeddable":true,"href":"https:\/\/wiejskieprzysmaki.estima.site\/en\/wp-json\/wp\/v2\/product_tag?post=4970"}],"curies":[{"name":"wp","href":"https:\/\/api.w.org\/{rel}","templated":true}]}}