{"id":4974,"date":"2025-02-18T11:02:23","date_gmt":"2025-02-18T10:02:23","guid":{"rendered":"https:\/\/wiejskieprzysmaki.estima.site\/produkt\/sos-sojowy-tamari-lagodny-bezglutenowy-bio-250-ml-terrasana\/"},"modified":"2025-02-18T11:02:23","modified_gmt":"2025-02-18T10:02:23","slug":"sos-sojowy-tamari-lagodny-bezglutenowy-bio-250-ml-terrasana","status":"publish","type":"product","link":"https:\/\/wiejskieprzysmaki.estima.site\/en\/product\/sos-sojowy-tamari-lagodny-bezglutenowy-bio-250-ml-terrasana\/","title":{"rendered":"SOS SOJOWY TAMARI \u0141AGODNY BEZGLUTENOWY BIO 250 ml &#8211; TERRASANA"},"content":{"rendered":"<p>SK\u0141ADNIKI<br \/>woda, nasiona SOI*, s\u00f3l morska, solone shochu* (woda, ry\u017c*, s\u00f3l, Aspergillus oryzae), Aspergillus oryzae (*certyfikowany sk\u0142adnik ekologiczny)<\/p>\n<p>OPIS<br \/>Sos otrzymany w wyniku tradycyjnej japo\u0144skiej fermentacji przez 9 miesi\u0119cy. Produkt pasteryzowany. <\/p>\n<p>WARTO\u015a\u0106 OD\u017bYWCZA W 100 ml <br \/>Warto\u015b\u0107 energetyczna &#8211; 315 kJ\/ 74 kcal<br \/>T\u0142uszcz &#8211; 0,2 g<br \/>w tym kwasy t\u0142uszczowe nasycone &#8211; 0 g<br \/>W\u0119glowodany &#8211; 8,3 g<br \/>w tym cukry &#8211; 3,4 g<br \/>B\u0142onnik &#8211; 0 g<br \/>Bia\u0142ko &#8211; 9,8 g<br \/>S\u00f3l &#8211; 14,5 g<\/p>\n<p>ZALECANE WARUNKI PRZECHOWYWANIA<br \/>Przechowywa\u0107 w ch\u0142odnym i zacienionym miejscu.<\/p>","protected":false},"excerpt":{"rendered":"<p>SK\u0141ADNIKIwoda, nasiona SOI*, s\u00f3l morska, solone shochu* (woda, ry\u017c*, s\u00f3l, Aspergillus oryzae), Aspergillus oryzae (*certyfikowany sk\u0142adnik ekologiczny) OPISSos otrzymany w wyniku tradycyjnej japo\u0144skiej fermentacji przez 9 miesi\u0119cy. Produkt pasteryzowany. WARTO\u015a\u0106 OD\u017bYWCZA W 100 ml Warto\u015b\u0107 energetyczna &#8211; 315 kJ\/ 74 kcalT\u0142uszcz &#8211; 0,2 gw tym kwasy t\u0142uszczowe nasycone &#8211; 0 gW\u0119glowodany &#8211; 8,3 gw tym [&hellip;]<\/p>","protected":false},"featured_media":4975,"comment_status":"closed","ping_status":"open","template":"","meta":{"_acf_changed":false},"product_brand":[],"product_cat":[871,94],"product_tag":[],"class_list":{"0":"post-4974","1":"product","2":"type-product","3":"status-publish","4":"has-post-thumbnail","6":"product_cat-sojowe-i-zamienniki","7":"product_cat-sosy","8":"pa_ean-matka-4039","9":"pa_gwarancja-przydatnosci-320","10":"pa_ilosc-w-opakowaniu-298","11":"pa_jednostka-podstawowa-szt","12":"pa_kod-cn-2103-10-00","13":"pa_kraj-pochodzenia-skladnikow-japonia","14":"pa_objetosc-brutto-2774","15":"pa_objetosc-netto-359","16":"pa_producent-terrasana-kremy-makarony-sosy-sojowe-inne","17":"pa_producent-nazwa-adres-terrasana-natuurvoeding-b-v-waaier-10-2451-leimuiden","18":"pa_tagi-bez-cukru-w-skladnikach","19":"pa_tagi-bez-glutenu-deklaracja","20":"pa_tagi-bez-glutenu-w-skladnikach","21":"pa_tagi-certyfikat-bio","22":"pa_tagi-weganski","23":"pa_tagi-wegetarianski","25":"first","26":"instock","27":"taxable","28":"shipping-taxable","29":"purchasable","30":"product-type-simple"},"acf":[],"_links":{"self":[{"href":"https:\/\/wiejskieprzysmaki.estima.site\/en\/wp-json\/wp\/v2\/product\/4974","targetHints":{"allow":["GET"]}}],"collection":[{"href":"https:\/\/wiejskieprzysmaki.estima.site\/en\/wp-json\/wp\/v2\/product"}],"about":[{"href":"https:\/\/wiejskieprzysmaki.estima.site\/en\/wp-json\/wp\/v2\/types\/product"}],"replies":[{"embeddable":true,"href":"https:\/\/wiejskieprzysmaki.estima.site\/en\/wp-json\/wp\/v2\/comments?post=4974"}],"wp:featuredmedia":[{"embeddable":true,"href":"https:\/\/wiejskieprzysmaki.estima.site\/en\/wp-json\/wp\/v2\/media\/4975"}],"wp:attachment":[{"href":"https:\/\/wiejskieprzysmaki.estima.site\/en\/wp-json\/wp\/v2\/media?parent=4974"}],"wp:term":[{"taxonomy":"product_brand","embeddable":true,"href":"https:\/\/wiejskieprzysmaki.estima.site\/en\/wp-json\/wp\/v2\/product_brand?post=4974"},{"taxonomy":"product_cat","embeddable":true,"href":"https:\/\/wiejskieprzysmaki.estima.site\/en\/wp-json\/wp\/v2\/product_cat?post=4974"},{"taxonomy":"product_tag","embeddable":true,"href":"https:\/\/wiejskieprzysmaki.estima.site\/en\/wp-json\/wp\/v2\/product_tag?post=4974"}],"curies":[{"name":"wp","href":"https:\/\/api.w.org\/{rel}","templated":true}]}}