{"id":4984,"date":"2025-02-18T11:02:23","date_gmt":"2025-02-18T10:02:23","guid":{"rendered":"https:\/\/wiejskieprzysmaki.estima.site\/produkt\/czarna-porzeczka-100-bez-dodatku-cukrow-bio-260-g-batom\/"},"modified":"2025-02-18T11:02:26","modified_gmt":"2025-02-18T10:02:26","slug":"czarna-porzeczka-100-bez-dodatku-cukrow-bio-260-g-batom","status":"publish","type":"product","link":"https:\/\/wiejskieprzysmaki.estima.site\/en\/product\/czarna-porzeczka-100-bez-dodatku-cukrow-bio-260-g-batom\/","title":{"rendered":"CZARNA PORZECZKA 100 % BEZ DODATKU CUKR\u00d3W BIO 260 g &#8211; BATOM"},"content":{"rendered":"<p>SK\u0141ADNIKI  <br \/>czarna porzeczka* (100 %) (*certyfikowany sk\u0142adnik ekologiczny)<\/p>\n<p>OPIS<br \/>Bez dodatku cukr\u00f3w. Zawiera naturalnie wyst\u0119puj\u0105ce cukry.<\/p>\n<p>WARTO\u015a\u0106 OD\u017bYWCZA W 100 g<br \/>Warto\u015b\u0107 energetyczna 267 kJ \/ 63 kcal  <br \/>T\u0142uszcz: 0,3 g  <br \/>w tym kwasy t\u0142uszczowe nasycone: 0,1 g  <br \/>W\u0119glowodany: 11 g  <br \/>w tym cukry: 11 g  <br \/>B\u0142onnik: 12 g  <br \/>Bia\u0142ko: 2,0 g  <br \/>S\u00f3l: 0,06 g<\/p>\n<p>ZALECANE WARUNKI PRZECHOWYWANIA<br \/>Po otwarciu przechowywa\u0107 w temperaturze ok. +4 stopni Celsjusza<\/p>","protected":false},"excerpt":{"rendered":"<p>SK\u0141ADNIKI czarna porzeczka* (100 %) (*certyfikowany sk\u0142adnik ekologiczny) OPISBez dodatku cukr\u00f3w. Zawiera naturalnie wyst\u0119puj\u0105ce cukry. WARTO\u015a\u0106 OD\u017bYWCZA W 100 gWarto\u015b\u0107 energetyczna 267 kJ \/ 63 kcal T\u0142uszcz: 0,3 g w tym kwasy t\u0142uszczowe nasycone: 0,1 g W\u0119glowodany: 11 g w tym cukry: 11 g B\u0142onnik: 12 g Bia\u0142ko: 2,0 g S\u00f3l: 0,06 g ZALECANE WARUNKI [&hellip;]<\/p>","protected":false},"featured_media":4985,"comment_status":"closed","ping_status":"open","template":"","meta":{"_acf_changed":false},"product_brand":[],"product_cat":[999,998],"product_tag":[],"class_list":{"0":"post-4984","1":"product","2":"type-product","3":"status-publish","4":"has-post-thumbnail","6":"product_cat-dzemy-konfitury-musy","7":"product_cat-przetwory-warzywne-i-owocowe","8":"pa_ean-matka-4046","9":"pa_gwarancja-przydatnosci-324","10":"pa_ilosc-w-opakowaniu-331","11":"pa_jednostka-podstawowa-szt","12":"pa_kod-cn-2007-99-39","13":"pa_kraj-pochodzenia-skladnikow-turcja","14":"pa_masa-netto-756","15":"pa_objetosc-brutto-361","16":"pa_producent-batom-oleje-soki-sole-kapielowe","17":"pa_producent-nazwa-adres-batom-pl-jozef-lesniak-hurtownia-zdrowej-zywnosci-generala-augusta-fieldorfa-nila-17-31-209-krakow","18":"pa_tagi-bez-cukru-w-skladnikach","19":"pa_tagi-bez-glutenu-w-skladnikach","20":"pa_tagi-certyfikat-bio","21":"pa_tagi-weganski","22":"pa_tagi-wegetarianski","24":"first","25":"instock","26":"taxable","27":"shipping-taxable","28":"purchasable","29":"product-type-simple"},"acf":[],"_links":{"self":[{"href":"https:\/\/wiejskieprzysmaki.estima.site\/en\/wp-json\/wp\/v2\/product\/4984","targetHints":{"allow":["GET"]}}],"collection":[{"href":"https:\/\/wiejskieprzysmaki.estima.site\/en\/wp-json\/wp\/v2\/product"}],"about":[{"href":"https:\/\/wiejskieprzysmaki.estima.site\/en\/wp-json\/wp\/v2\/types\/product"}],"replies":[{"embeddable":true,"href":"https:\/\/wiejskieprzysmaki.estima.site\/en\/wp-json\/wp\/v2\/comments?post=4984"}],"wp:featuredmedia":[{"embeddable":true,"href":"https:\/\/wiejskieprzysmaki.estima.site\/en\/wp-json\/wp\/v2\/media\/4985"}],"wp:attachment":[{"href":"https:\/\/wiejskieprzysmaki.estima.site\/en\/wp-json\/wp\/v2\/media?parent=4984"}],"wp:term":[{"taxonomy":"product_brand","embeddable":true,"href":"https:\/\/wiejskieprzysmaki.estima.site\/en\/wp-json\/wp\/v2\/product_brand?post=4984"},{"taxonomy":"product_cat","embeddable":true,"href":"https:\/\/wiejskieprzysmaki.estima.site\/en\/wp-json\/wp\/v2\/product_cat?post=4984"},{"taxonomy":"product_tag","embeddable":true,"href":"https:\/\/wiejskieprzysmaki.estima.site\/en\/wp-json\/wp\/v2\/product_tag?post=4984"}],"curies":[{"name":"wp","href":"https:\/\/api.w.org\/{rel}","templated":true}]}}