{"id":4988,"date":"2025-02-18T11:02:23","date_gmt":"2025-02-18T10:02:23","guid":{"rendered":"https:\/\/wiejskieprzysmaki.estima.site\/produkt\/makaron-orkiszowy-swiderki-bio-500-g-alb-gold\/"},"modified":"2025-02-18T11:02:32","modified_gmt":"2025-02-18T10:02:32","slug":"makaron-orkiszowy-swiderki-bio-500-g-alb-gold","status":"publish","type":"product","link":"https:\/\/wiejskieprzysmaki.estima.site\/en\/product\/makaron-orkiszowy-swiderki-bio-500-g-alb-gold\/","title":{"rendered":"MAKARON (ORKISZOWY) \u015aWIDERKI BIO 500 g &#8211; ALB-GOLD"},"content":{"rendered":"<p>SK\u0141ADNIKI<br \/>m\u0105ka z PSZENICY ORKISZ typ 630* (*certyfikowany sk\u0142adnik ekologiczny)<\/p>\n<p>SPOS\u00d3B PRZYGOTOWANIA<br \/>Gotowa\u0107 w osolonej wodzie przez 9 min.<\/p>\n<p>WARTO\u015a\u0106 OD\u017bYWCZA W 100 g<br \/>Warto\u015b\u0107 energetyczna: 1527 kJ \/ 360 kcal  <br \/>T\u0142uszcz: 1,5 g  <br \/>w tym kwasy t\u0142uszczowe nasycone: 0,3 g  <br \/>W\u0119glowodany: 74 g  <br \/>w tym cukry: 3,1 g  <br \/>B\u0142onnik: 3,3 g  <br \/>Bia\u0142ko: 11 g  <br \/>S\u00f3l: < 0,01 g\n\nINFORMACJA ALERGENNA<br \/>Produkt mo\u017ce zawiera\u0107 JAJA.<\/p>\n<p>ZALECANE WARUNKI PRZECHOWYWANIA<br \/>Przechowywa\u0107 w suchym i ch\u0142odnym miejscu.<\/p>","protected":false},"excerpt":{"rendered":"<p>SK\u0141ADNIKIm\u0105ka z PSZENICY ORKISZ typ 630* (*certyfikowany sk\u0142adnik ekologiczny) SPOS\u00d3B PRZYGOTOWANIAGotowa\u0107 w osolonej wodzie przez 9 min. WARTO\u015a\u0106 OD\u017bYWCZA W 100 gWarto\u015b\u0107 energetyczna: 1527 kJ \/ 360 kcal T\u0142uszcz: 1,5 g w tym kwasy t\u0142uszczowe nasycone: 0,3 g W\u0119glowodany: 74 g w tym cukry: 3,1 g B\u0142onnik: 3,3 g Bia\u0142ko: 11 g S\u00f3l: < 0,01 [&hellip;]\n<\/p>","protected":false},"featured_media":4989,"comment_status":"closed","ping_status":"open","template":"","meta":{"_acf_changed":false},"product_brand":[],"product_cat":[1162,1246],"product_tag":[],"class_list":{"0":"post-4988","1":"product","2":"type-product","3":"status-publish","4":"has-post-thumbnail","6":"product_cat-makarony","7":"product_cat-zbozowe-z-glutenem","8":"pa_ean-matka-4049","9":"pa_gwarancja-przydatnosci-522","10":"pa_ilosc-w-opakowaniu-331","11":"pa_jednostka-podstawowa-szt","12":"pa_kod-cn-1902-19-10","13":"pa_masa-netto-347","14":"pa_objetosc-brutto-4048","15":"pa_producent-alb-gold-makarony","16":"pa_producent-nazwa-adres-alb-gold-teigwaren-gmbh-postfach-1138-72814-trochtelfingen","17":"pa_tagi-bez-cukru-w-skladnikach","18":"pa_tagi-certyfikat-bio","19":"pa_tagi-weganski","20":"pa_tagi-wegetarianski","22":"first","23":"instock","24":"taxable","25":"shipping-taxable","26":"purchasable","27":"product-type-simple"},"acf":[],"_links":{"self":[{"href":"https:\/\/wiejskieprzysmaki.estima.site\/en\/wp-json\/wp\/v2\/product\/4988","targetHints":{"allow":["GET"]}}],"collection":[{"href":"https:\/\/wiejskieprzysmaki.estima.site\/en\/wp-json\/wp\/v2\/product"}],"about":[{"href":"https:\/\/wiejskieprzysmaki.estima.site\/en\/wp-json\/wp\/v2\/types\/product"}],"replies":[{"embeddable":true,"href":"https:\/\/wiejskieprzysmaki.estima.site\/en\/wp-json\/wp\/v2\/comments?post=4988"}],"wp:featuredmedia":[{"embeddable":true,"href":"https:\/\/wiejskieprzysmaki.estima.site\/en\/wp-json\/wp\/v2\/media\/4989"}],"wp:attachment":[{"href":"https:\/\/wiejskieprzysmaki.estima.site\/en\/wp-json\/wp\/v2\/media?parent=4988"}],"wp:term":[{"taxonomy":"product_brand","embeddable":true,"href":"https:\/\/wiejskieprzysmaki.estima.site\/en\/wp-json\/wp\/v2\/product_brand?post=4988"},{"taxonomy":"product_cat","embeddable":true,"href":"https:\/\/wiejskieprzysmaki.estima.site\/en\/wp-json\/wp\/v2\/product_cat?post=4988"},{"taxonomy":"product_tag","embeddable":true,"href":"https:\/\/wiejskieprzysmaki.estima.site\/en\/wp-json\/wp\/v2\/product_tag?post=4988"}],"curies":[{"name":"wp","href":"https:\/\/api.w.org\/{rel}","templated":true}]}}