{"id":4992,"date":"2025-02-18T11:02:23","date_gmt":"2025-02-18T10:02:23","guid":{"rendered":"https:\/\/wiejskieprzysmaki.estima.site\/produkt\/sok-wielowarzywny-nfc-bio-750-ml-rabenhorst\/"},"modified":"2025-02-18T11:02:34","modified_gmt":"2025-02-18T10:02:34","slug":"sok-wielowarzywny-nfc-bio-750-ml-rabenhorst","status":"publish","type":"product","link":"https:\/\/wiejskieprzysmaki.estima.site\/en\/product\/sok-wielowarzywny-nfc-bio-750-ml-rabenhorst\/","title":{"rendered":"SOK WIELOWARZYWNY NFC BIO 750 ml &#8211; RABENHORST"},"content":{"rendered":"<p>SK\u0141ADNIKI<br \/>sok z czerwonego buraka*, marchwi*, SELERA*, ziemniaka*, rzodkiewki*, fermentowany kwas mlekowy*. (*certyfikowany sk\u0142adnik ekologiczny).<\/p>\n<p>OPIS<br \/>Starannie wyselekcjonowane warzywa najwy\u017cszej jako\u015bci s\u0105 zbierane i \u015bwie\u017co przetworzone zgodnie z tradycyjn\u0105 receptur\u0105 na wysokiej jako\u015bci sok.<br \/>\u0179r\u00f3d\u0142o potasu. Potas pomaga w utrzymaniu prawid\u0142owego ci\u015bnienia krwi oraz pomaga w prawid\u0142owym funkcjonowaniu uk\u0142adu nerwowego.<br \/>Zalecana porcja produktu do spo\u017cycia w ci\u0105gu dnia niezb\u0119dna do uzyskania korzystnego dzia\u0142ania produktu:&nbsp;1 szklanka. <br \/>Wa\u017cne jest prowadzenie zdrowego trybu \u017cycia i zr\u00f3wnowa\u017conego sposobu \u017cywienia.<br \/>Przed spo\u017cyciem wstrz\u0105sn\u0105\u0107.<\/p>\n<p>WARTO\u015a\u0106 OD\u017bYWCZA W 100 ml<br \/>Warto\u015b\u0107 energetyczna: 162 kJ\/39 kcal <br \/>T\u0142uszcz: &lt;0,5 g <br \/>w tym kwasy t\u0142uszczowe nasycone: &lt;0,1 g <br \/>W\u0119glowodany: 8,3 g <br \/>w tym cukry: 8,3 g <br \/>B\u0142onnik: &lt;0,5 g <br \/>Bia\u0142ko: 0,9 g <br \/>S\u00f3l: 0,25 g <br \/>Potas: 330 mg (17 %)**<br \/>**dzienna referencyjna warto\u015b\u0107 spo\u017cycia<\/p>\n<p>ZALECANE WARUNKI PRZECHOWYWANIA<br \/>Po otwarciu przechowywa\u0107 w lod\u00f3wce i spo\u017cy\u0107 w ci\u0105gu 5 dni. <\/p>","protected":false},"excerpt":{"rendered":"<p>SK\u0141ADNIKIsok z czerwonego buraka*, marchwi*, SELERA*, ziemniaka*, rzodkiewki*, fermentowany kwas mlekowy*. (*certyfikowany sk\u0142adnik ekologiczny). OPISStarannie wyselekcjonowane warzywa najwy\u017cszej jako\u015bci s\u0105 zbierane i \u015bwie\u017co przetworzone zgodnie z tradycyjn\u0105 receptur\u0105 na wysokiej jako\u015bci sok.\u0179r\u00f3d\u0142o potasu. Potas pomaga w utrzymaniu prawid\u0142owego ci\u015bnienia krwi oraz pomaga w prawid\u0142owym funkcjonowaniu uk\u0142adu nerwowego.Zalecana porcja produktu do spo\u017cycia w ci\u0105gu dnia niezb\u0119dna [&hellip;]<\/p>","protected":false},"featured_media":4993,"comment_status":"closed","ping_status":"open","template":"","meta":{"_acf_changed":false},"product_brand":[],"product_cat":[134,863],"product_tag":[],"class_list":{"0":"post-4992","1":"product","2":"type-product","3":"status-publish","4":"has-post-thumbnail","6":"product_cat-napoje","7":"product_cat-soki-warzywne-warzywne-z-dodatkami-i-inne","8":"pa_ean-matka-4051","9":"pa_gwarancja-przydatnosci-522","10":"pa_ilosc-w-opakowaniu-298","11":"pa_jednostka-podstawowa-szt","12":"pa_kod-cn-2009-90-98","13":"pa_objetosc-brutto-3859","14":"pa_objetosc-netto-450","15":"pa_producent-rabenhorst-soki-napoje","16":"pa_producent-nazwa-adres-haus-rabenhorst-o-lauffs-gmbh-co-kg-rabenhorststrabe-1-53572-unkel","17":"pa_tagi-bez-cukru-w-skladnikach","18":"pa_tagi-bez-glutenu-w-skladnikach","19":"pa_tagi-certyfikat-bio","20":"pa_tagi-weganski","21":"pa_tagi-wegetarianski","23":"first","24":"instock","25":"taxable","26":"shipping-taxable","27":"purchasable","28":"product-type-simple"},"acf":[],"_links":{"self":[{"href":"https:\/\/wiejskieprzysmaki.estima.site\/en\/wp-json\/wp\/v2\/product\/4992","targetHints":{"allow":["GET"]}}],"collection":[{"href":"https:\/\/wiejskieprzysmaki.estima.site\/en\/wp-json\/wp\/v2\/product"}],"about":[{"href":"https:\/\/wiejskieprzysmaki.estima.site\/en\/wp-json\/wp\/v2\/types\/product"}],"replies":[{"embeddable":true,"href":"https:\/\/wiejskieprzysmaki.estima.site\/en\/wp-json\/wp\/v2\/comments?post=4992"}],"wp:featuredmedia":[{"embeddable":true,"href":"https:\/\/wiejskieprzysmaki.estima.site\/en\/wp-json\/wp\/v2\/media\/4993"}],"wp:attachment":[{"href":"https:\/\/wiejskieprzysmaki.estima.site\/en\/wp-json\/wp\/v2\/media?parent=4992"}],"wp:term":[{"taxonomy":"product_brand","embeddable":true,"href":"https:\/\/wiejskieprzysmaki.estima.site\/en\/wp-json\/wp\/v2\/product_brand?post=4992"},{"taxonomy":"product_cat","embeddable":true,"href":"https:\/\/wiejskieprzysmaki.estima.site\/en\/wp-json\/wp\/v2\/product_cat?post=4992"},{"taxonomy":"product_tag","embeddable":true,"href":"https:\/\/wiejskieprzysmaki.estima.site\/en\/wp-json\/wp\/v2\/product_tag?post=4992"}],"curies":[{"name":"wp","href":"https:\/\/api.w.org\/{rel}","templated":true}]}}