{"id":5018,"date":"2025-02-18T11:02:46","date_gmt":"2025-02-18T10:02:46","guid":{"rendered":"https:\/\/wiejskieprzysmaki.estima.site\/produkt\/chrupki-kukurydziano-gryczane-spirale-bezglutenowe-bio-60-g-biominki\/"},"modified":"2025-02-18T11:02:49","modified_gmt":"2025-02-18T10:02:49","slug":"chrupki-kukurydziano-gryczane-spirale-bezglutenowe-bio-60-g-biominki","status":"publish","type":"product","link":"https:\/\/wiejskieprzysmaki.estima.site\/en\/product\/chrupki-kukurydziano-gryczane-spirale-bezglutenowe-bio-60-g-biominki\/","title":{"rendered":"CHRUPKI KUKURYDZIANO-GRYCZANE SPIRALE BEZGLUTENOWE BIO 60 g &#8211; BIOMINKI"},"content":{"rendered":"<p>SK\u0141ADNIKI<br \/>grys kukurydziany* 85 %, kasza gryczana palona* 15 % <\/p>\n<p>WARTO\u015a\u0106 OD\u017bYWCZA W 100 g<br \/>Warto\u015b\u0107 energetyczna 1597 kJ \/ 377 kcal  <br \/>T\u0142uszcz &#8211; 2,3 g  <br \/>w tym kwasy t\u0142uszczowe nasycone &#8211; 0,4 g  <br \/>W\u0119glowodany &#8211; 79 g  <br \/>w tym cukry &#8211; 1,8 g  <br \/>B\u0142onnik &#8211; 4,2 g  <br \/>Bia\u0142ko &#8211; 7,4 g  <br \/>S\u00f3l 0,01 g<\/p>\n<p>UWAGI<br \/>Produkt bezglutenowy<\/p>\n<p>ZALECANE WARUNKI PRZECHOWYWANIA<br \/>Przechowywa\u0107 w suchym i ch\u0142odnym miejscu.<\/p>","protected":false},"excerpt":{"rendered":"<p>SK\u0141ADNIKIgrys kukurydziany* 85 %, kasza gryczana palona* 15 % WARTO\u015a\u0106 OD\u017bYWCZA W 100 gWarto\u015b\u0107 energetyczna 1597 kJ \/ 377 kcal T\u0142uszcz &#8211; 2,3 g w tym kwasy t\u0142uszczowe nasycone &#8211; 0,4 g W\u0119glowodany &#8211; 79 g w tym cukry &#8211; 1,8 g B\u0142onnik &#8211; 4,2 g Bia\u0142ko &#8211; 7,4 g S\u00f3l 0,01 g UWAGIProdukt bezglutenowy [&hellip;]<\/p>","protected":false},"featured_media":5019,"comment_status":"closed","ping_status":"open","template":"","meta":{"_acf_changed":false},"product_brand":[],"product_cat":[422,139],"product_tag":[],"class_list":{"0":"post-5018","1":"product","2":"type-product","3":"status-publish","4":"has-post-thumbnail","6":"product_cat-chipsy-chrupki-popcorn","7":"product_cat-slodycze-i-przekaski","8":"pa_ean-matka-4072","9":"pa_gwarancja-przydatnosci-311","10":"pa_ilosc-w-opakowaniu-327","11":"pa_jednostka-podstawowa-szt","12":"pa_kod-cn-1904-10-10","13":"pa_kraj-pochodzenia-skladnikow-rolnictwo-ue","14":"pa_masa-netto-284","15":"pa_objetosc-brutto-782","16":"pa_producent-biominki-przekaski-dla-dzieci-kaszki","17":"pa_producent-nazwa-adres-bio-planet-s-a-wilkowa-wies-7-05-084-leszno","18":"pa_tagi-bez-cukru-w-skladnikach","19":"pa_tagi-bez-glutenu-deklaracja","20":"pa_tagi-bez-glutenu-w-skladnikach","21":"pa_tagi-certyfikat-bio","22":"pa_tagi-weganski","23":"pa_tagi-wegetarianski","25":"first","26":"instock","27":"taxable","28":"shipping-taxable","29":"purchasable","30":"product-type-simple"},"acf":[],"_links":{"self":[{"href":"https:\/\/wiejskieprzysmaki.estima.site\/en\/wp-json\/wp\/v2\/product\/5018","targetHints":{"allow":["GET"]}}],"collection":[{"href":"https:\/\/wiejskieprzysmaki.estima.site\/en\/wp-json\/wp\/v2\/product"}],"about":[{"href":"https:\/\/wiejskieprzysmaki.estima.site\/en\/wp-json\/wp\/v2\/types\/product"}],"replies":[{"embeddable":true,"href":"https:\/\/wiejskieprzysmaki.estima.site\/en\/wp-json\/wp\/v2\/comments?post=5018"}],"wp:featuredmedia":[{"embeddable":true,"href":"https:\/\/wiejskieprzysmaki.estima.site\/en\/wp-json\/wp\/v2\/media\/5019"}],"wp:attachment":[{"href":"https:\/\/wiejskieprzysmaki.estima.site\/en\/wp-json\/wp\/v2\/media?parent=5018"}],"wp:term":[{"taxonomy":"product_brand","embeddable":true,"href":"https:\/\/wiejskieprzysmaki.estima.site\/en\/wp-json\/wp\/v2\/product_brand?post=5018"},{"taxonomy":"product_cat","embeddable":true,"href":"https:\/\/wiejskieprzysmaki.estima.site\/en\/wp-json\/wp\/v2\/product_cat?post=5018"},{"taxonomy":"product_tag","embeddable":true,"href":"https:\/\/wiejskieprzysmaki.estima.site\/en\/wp-json\/wp\/v2\/product_tag?post=5018"}],"curies":[{"name":"wp","href":"https:\/\/api.w.org\/{rel}","templated":true}]}}