{"id":5024,"date":"2025-02-18T11:02:46","date_gmt":"2025-02-18T10:02:46","guid":{"rendered":"https:\/\/wiejskieprzysmaki.estima.site\/produkt\/meczennica-cielista-passiflora-bio-125-mg-120-kapsulek-purasana\/"},"modified":"2025-02-20T15:13:49","modified_gmt":"2025-02-20T14:13:49","slug":"meczennica-cielista-passiflora-bio-125-mg-120-kapsulek-purasana","status":"publish","type":"product","link":"https:\/\/wiejskieprzysmaki.estima.site\/en\/product\/meczennica-cielista-passiflora-bio-125-mg-120-kapsulek-purasana\/","title":{"rendered":"M\u0118CZENNICA CIELISTA (PASSIFLORA) BIO (125 mg) 120 KAPSU\u0141EK &#8211; PURASANA"},"content":{"rendered":"<p>SK\u0141ADNIKI<br \/>guma arabska* (substancja wype\u0142niaj\u0105ca): 175 mg; ekstrakt z m\u0119czennicy cielistej* 4:1 (cz\u0119\u015bci nadziemne): 125 mg (m\u0119czennica cielista*, maltodekstryna*), kapsu\u0142ka: hydroksypropylometyloceluloza. (*certyfikowany sk\u0142adnik ekologiczny).<br \/>Dzienna porcja 4 kapsu\u0142ki zawiera: guma arabska (Acacia seyal): 700 mg; ekstrakt z m\u0119czennicy cielistej (Passiflore incarnata L.): 500 mg.<\/p>\n<p>OPIS<br \/>Suplement diety. M\u0119czennica cielista wp\u0142ywa na prawid\u0142owe funkcjonowanie uk\u0142adu nerwowego, pomaga w zasypianiu.  <br \/>Opakowanie zawiera 120 kapsu\u0142ek po 376 mg. <\/p>\n<p>ZALECANE SPO\u017bYCIE I INNE UWAGI<br \/>4 kapsu\u0142ki dziennie.  <br \/>Nie nale\u017cy przekracza\u0107 zalecanej porcji do spo\u017cycia w ci\u0105gu dnia. Suplementy diety nie mog\u0105 by\u0107 stosowane jako substytut zr\u00f3\u017cnicowanej diety. <br \/>Wa\u017cne jest prowadzenie zdrowego trybu \u017cycia i zr\u00f3wnowa\u017conego sposobu \u017cywienia. Zalecana porcja produktu do spo\u017cycia w ci\u0105gu dnia niezb\u0119dna do uzyskania korzystnego dzia\u0142ania produktu: 4 kapsu\u0142ki. <\/p>\n<p>ZALECANE WARUNKI PRZECHOWYWANIA  <br \/>Przechowywa\u0107 w suchym miejscu, w spos\u00f3b niedost\u0119pny dla ma\u0142ych dzieci.  <\/p>","protected":false},"excerpt":{"rendered":"<p>SK\u0141ADNIKIguma arabska* (substancja wype\u0142niaj\u0105ca): 175 mg; ekstrakt z m\u0119czennicy cielistej* 4:1 (cz\u0119\u015bci nadziemne): 125 mg (m\u0119czennica cielista*, maltodekstryna*), kapsu\u0142ka: hydroksypropylometyloceluloza. (*certyfikowany sk\u0142adnik ekologiczny).Dzienna porcja 4 kapsu\u0142ki zawiera: guma arabska (Acacia seyal): 700 mg; ekstrakt z m\u0119czennicy cielistej (Passiflore incarnata L.): 500 mg. OPISSuplement diety. M\u0119czennica cielista wp\u0142ywa na prawid\u0142owe funkcjonowanie uk\u0142adu nerwowego, pomaga w zasypianiu. [&hellip;]<\/p>","protected":false},"featured_media":5025,"comment_status":"closed","ping_status":"open","template":"","meta":{"_acf_changed":false},"product_brand":[],"product_cat":[1497,9057],"product_tag":[],"class_list":{"0":"post-5024","1":"product","2":"type-product","3":"status-publish","4":"has-post-thumbnail","6":"product_cat-kapsulki-tabletki","7":"product_cat-suplementy-diety","8":"pa_ean-matka-4076","9":"pa_gwarancja-przydatnosci-320","10":"pa_ilosc-w-opakowaniu-2511","11":"pa_jednostka-podstawowa-szt","12":"pa_kod-cn-2106-90-98","13":"pa_kraj-pochodzenia-skladnikow-turcja","14":"pa_masa-netto-2529","15":"pa_objetosc-brutto-1676","16":"pa_producent-purasana-suplementy-diety","17":"pa_producent-nazwa-adres-purasana-nv-heulestraat-104-8560-gullegem","18":"pa_tagi-bez-cukru-w-skladnikach","19":"pa_tagi-bez-glutenu-w-skladnikach","20":"pa_tagi-certyfikat-bio","21":"pa_tagi-weganski","22":"pa_tagi-wegetarianski","24":"first","25":"instock","26":"taxable","27":"shipping-taxable","28":"purchasable","29":"product-type-simple"},"acf":[],"_links":{"self":[{"href":"https:\/\/wiejskieprzysmaki.estima.site\/en\/wp-json\/wp\/v2\/product\/5024","targetHints":{"allow":["GET"]}}],"collection":[{"href":"https:\/\/wiejskieprzysmaki.estima.site\/en\/wp-json\/wp\/v2\/product"}],"about":[{"href":"https:\/\/wiejskieprzysmaki.estima.site\/en\/wp-json\/wp\/v2\/types\/product"}],"replies":[{"embeddable":true,"href":"https:\/\/wiejskieprzysmaki.estima.site\/en\/wp-json\/wp\/v2\/comments?post=5024"}],"wp:featuredmedia":[{"embeddable":true,"href":"https:\/\/wiejskieprzysmaki.estima.site\/en\/wp-json\/wp\/v2\/media\/5025"}],"wp:attachment":[{"href":"https:\/\/wiejskieprzysmaki.estima.site\/en\/wp-json\/wp\/v2\/media?parent=5024"}],"wp:term":[{"taxonomy":"product_brand","embeddable":true,"href":"https:\/\/wiejskieprzysmaki.estima.site\/en\/wp-json\/wp\/v2\/product_brand?post=5024"},{"taxonomy":"product_cat","embeddable":true,"href":"https:\/\/wiejskieprzysmaki.estima.site\/en\/wp-json\/wp\/v2\/product_cat?post=5024"},{"taxonomy":"product_tag","embeddable":true,"href":"https:\/\/wiejskieprzysmaki.estima.site\/en\/wp-json\/wp\/v2\/product_tag?post=5024"}],"curies":[{"name":"wp","href":"https:\/\/api.w.org\/{rel}","templated":true}]}}