{"id":5026,"date":"2025-02-18T11:02:46","date_gmt":"2025-02-18T10:02:46","guid":{"rendered":"https:\/\/wiejskieprzysmaki.estima.site\/produkt\/pokrzywa-korzen-bio-210-mg-120-kapsulek-purasana\/"},"modified":"2025-02-20T15:13:49","modified_gmt":"2025-02-20T14:13:49","slug":"pokrzywa-korzen-bio-210-mg-120-kapsulek-purasana","status":"publish","type":"product","link":"https:\/\/wiejskieprzysmaki.estima.site\/en\/product\/pokrzywa-korzen-bio-210-mg-120-kapsulek-purasana\/","title":{"rendered":"POKRZYWA KORZE\u0143 BIO (210 mg) 120 KAPSU\u0141EK &#8211; PURASANA"},"content":{"rendered":"<p>SK\u0141ADNIKI<br \/>pokrzywa* (korze\u0144): 210 mg, kapsu\u0142ka: hydroksypropylometyloceluloza. (*certyfikowany sk\u0142adnik ekologiczny).<br \/>Dzienna porcja 4 kapsu\u0142ki zawiera: pokrzywa zwyczajna (Urtica dioica): 840 mg. <\/p>\n<p>OPIS <br \/>Suplement diety. Pokrzywa zwyczajna zwi\u0119ksza wydalanie wody przez nerki. Minera\u0142y i pierwiastki \u015bladowe w pokrzywie wzmacniaj\u0105 ko\u015bci, paznokcie i w\u0142osy. <br \/>Opakowanie zawiera 120 kapsu\u0142ek po 286 mg. <\/p>\n<p>ZALECANE SPO\u017bYCIE I INNE UWAGI<br \/>4 kapsu\u0142ki dziennie.  <br \/>Nie nale\u017cy przekracza\u0107 zalecanej porcji do spo\u017cycia w ci\u0105gu dnia. Suplementy diety nie mog\u0105 by\u0107 stosowane jako substytut zr\u00f3\u017cnicowanej diety. <br \/>Wa\u017cne jest prowadzenie zdrowego stylu \u017cycia i zr\u00f3wnowa\u017conego sposobu \u017cywienia. <br \/>Przed spo\u017cyciem zasi\u0119gn\u0105\u0107 porady lekarza lub farmaceuty. <br \/>Zalecana porcja produktu do spo\u017cycia w ci\u0105gu dnia niezb\u0119dna do uzyskania korzystnego dzia\u0142ania produktu: 4 kapsu\u0142ki. <\/p>\n<p>ZALECANE WARUNKI PRZECHOWYWANIA  <br \/>Przechowywa\u0107 w suchym miejscu, w spos\u00f3b niedost\u0119pny dla ma\u0142ych dzieci.  <\/p>","protected":false},"excerpt":{"rendered":"<p>SK\u0141ADNIKIpokrzywa* (korze\u0144): 210 mg, kapsu\u0142ka: hydroksypropylometyloceluloza. (*certyfikowany sk\u0142adnik ekologiczny).Dzienna porcja 4 kapsu\u0142ki zawiera: pokrzywa zwyczajna (Urtica dioica): 840 mg. OPIS Suplement diety. Pokrzywa zwyczajna zwi\u0119ksza wydalanie wody przez nerki. Minera\u0142y i pierwiastki \u015bladowe w pokrzywie wzmacniaj\u0105 ko\u015bci, paznokcie i w\u0142osy. Opakowanie zawiera 120 kapsu\u0142ek po 286 mg. ZALECANE SPO\u017bYCIE I INNE UWAGI4 kapsu\u0142ki dziennie. Nie [&hellip;]<\/p>","protected":false},"featured_media":5027,"comment_status":"closed","ping_status":"open","template":"","meta":{"_acf_changed":false},"product_brand":[],"product_cat":[1497,9057],"product_tag":[],"class_list":{"0":"post-5026","1":"product","2":"type-product","3":"status-publish","4":"has-post-thumbnail","6":"product_cat-kapsulki-tabletki","7":"product_cat-suplementy-diety","8":"pa_ean-matka-4077","9":"pa_gwarancja-przydatnosci-320","10":"pa_ilosc-w-opakowaniu-2511","11":"pa_jednostka-podstawowa-szt","12":"pa_kod-cn-2106-90-92","13":"pa_kraj-pochodzenia-skladnikow-turcja","14":"pa_masa-netto-2294","15":"pa_objetosc-brutto-1676","16":"pa_producent-purasana-suplementy-diety","17":"pa_producent-nazwa-adres-purasana-nv-heulestraat-104-8560-gullegem","18":"pa_tagi-bez-cukru-w-skladnikach","19":"pa_tagi-bez-glutenu-w-skladnikach","20":"pa_tagi-certyfikat-bio","21":"pa_tagi-weganski","22":"pa_tagi-wegetarianski","24":"first","25":"instock","26":"taxable","27":"shipping-taxable","28":"purchasable","29":"product-type-simple"},"acf":[],"_links":{"self":[{"href":"https:\/\/wiejskieprzysmaki.estima.site\/en\/wp-json\/wp\/v2\/product\/5026","targetHints":{"allow":["GET"]}}],"collection":[{"href":"https:\/\/wiejskieprzysmaki.estima.site\/en\/wp-json\/wp\/v2\/product"}],"about":[{"href":"https:\/\/wiejskieprzysmaki.estima.site\/en\/wp-json\/wp\/v2\/types\/product"}],"replies":[{"embeddable":true,"href":"https:\/\/wiejskieprzysmaki.estima.site\/en\/wp-json\/wp\/v2\/comments?post=5026"}],"wp:featuredmedia":[{"embeddable":true,"href":"https:\/\/wiejskieprzysmaki.estima.site\/en\/wp-json\/wp\/v2\/media\/5027"}],"wp:attachment":[{"href":"https:\/\/wiejskieprzysmaki.estima.site\/en\/wp-json\/wp\/v2\/media?parent=5026"}],"wp:term":[{"taxonomy":"product_brand","embeddable":true,"href":"https:\/\/wiejskieprzysmaki.estima.site\/en\/wp-json\/wp\/v2\/product_brand?post=5026"},{"taxonomy":"product_cat","embeddable":true,"href":"https:\/\/wiejskieprzysmaki.estima.site\/en\/wp-json\/wp\/v2\/product_cat?post=5026"},{"taxonomy":"product_tag","embeddable":true,"href":"https:\/\/wiejskieprzysmaki.estima.site\/en\/wp-json\/wp\/v2\/product_tag?post=5026"}],"curies":[{"name":"wp","href":"https:\/\/api.w.org\/{rel}","templated":true}]}}