{"id":5044,"date":"2025-02-18T11:02:46","date_gmt":"2025-02-18T10:02:46","guid":{"rendered":"https:\/\/wiejskieprzysmaki.estima.site\/produkt\/deser-kokosowy-mango-bezglutenowy-vegangurt-bio-140-g-vegup-bio\/"},"modified":"2025-02-18T11:03:07","modified_gmt":"2025-02-18T10:03:07","slug":"deser-kokosowy-mango-bezglutenowy-vegangurt-bio-140-g-vegup-bio","status":"publish","type":"product","link":"https:\/\/wiejskieprzysmaki.estima.site\/en\/product\/deser-kokosowy-mango-bezglutenowy-vegangurt-bio-140-g-vegup-bio\/","title":{"rendered":"DESER KOKOSOWY MANGO BEZGLUTENOWY VEGANGURT BIO 140 g &#8211; VEGUP BIO"},"content":{"rendered":"<p>SK\u0141ADNIKI <br \/>nap\u00f3j kokosowy* 70,9 % (woda, ekstrakt z kokosa*), mango* 12 %, syrop z agawy*, skrobia*, zag\u0119szczony sok z bia\u0142ych winogron*, zag\u0119szczony sok cytrynowy*, naturalny aromat*, wega\u0144skie kultury bakterii jogurtowych (S. thermophilus, L. delbrueckii ssp. bulgaricus)(*certyfikowany sk\u0142adnik ekologiczny)<\/p>\n<p>WARTO\u015a\u0106 OD\u017bYWCZA W 100 g <br \/>Warto\u015b\u0107 energetyczna 446 kJ\/107 kcal  <br \/>T\u0142uszcz: 5,3 g  <br \/>w tym kwasy t\u0142uszczowe nasycone: 5,1 g  <br \/>W\u0119glowodany: 14 g  <br \/>w tym cukry: 8,4 g  <br \/>B\u0142onnik: <0,5 g  <br \/>Bia\u0142ko: 0,6 g  <br \/>S\u00f3l: 0,03 g<\/p>\n<p>ZALECANE WARUNKI PRZECHOWYWANIA <br \/>Przechowywa\u0107 w temperaturze od +1 do +8\u00b0C.  <\/p>","protected":false},"excerpt":{"rendered":"<p>SK\u0141ADNIKI nap\u00f3j kokosowy* 70,9 % (woda, ekstrakt z kokosa*), mango* 12 %, syrop z agawy*, skrobia*, zag\u0119szczony sok z bia\u0142ych winogron*, zag\u0119szczony sok cytrynowy*, naturalny aromat*, wega\u0144skie kultury bakterii jogurtowych (S. thermophilus, L. delbrueckii ssp. bulgaricus)(*certyfikowany sk\u0142adnik ekologiczny) WARTO\u015a\u0106 OD\u017bYWCZA W 100 g Warto\u015b\u0107 energetyczna 446 kJ\/107 kcal T\u0142uszcz: 5,3 g w tym kwasy t\u0142uszczowe [&hellip;]<\/p>","protected":false},"featured_media":5045,"comment_status":"closed","ping_status":"open","template":"","meta":{"_acf_changed":false},"product_brand":[],"product_cat":[274,275],"product_tag":[],"class_list":{"0":"post-5044","1":"product","2":"type-product","3":"status-publish","4":"has-post-thumbnail","6":"product_cat-lodowka-inne","7":"product_cat-roslinne-alternatywy-jogurtow","8":"pa_ean-matka-4093","9":"pa_gwarancja-przydatnosci-681","10":"pa_ilosc-w-opakowaniu-401","11":"pa_jednostka-podstawowa-szt","12":"pa_kod-cn-2106-90-92","13":"pa_masa-netto-1330","14":"pa_objetosc-brutto-4090","15":"pa_producent-vegup-bio-desery-kokosowe","16":"pa_producent-nazwa-adres-zaklad-produkcji-jogurtu-magda-spolka-z-ograniczona-odpowiedzialnoscia-zakopianska-35-a-34-424-szaflary","17":"pa_tagi-bez-glutenu-deklaracja","18":"pa_tagi-bez-glutenu-w-skladnikach","19":"pa_tagi-certyfikat-bio","20":"pa_tagi-weganski","21":"pa_tagi-wegetarianski","23":"first","24":"instock","25":"taxable","26":"shipping-taxable","27":"purchasable","28":"product-type-simple"},"acf":[],"_links":{"self":[{"href":"https:\/\/wiejskieprzysmaki.estima.site\/en\/wp-json\/wp\/v2\/product\/5044","targetHints":{"allow":["GET"]}}],"collection":[{"href":"https:\/\/wiejskieprzysmaki.estima.site\/en\/wp-json\/wp\/v2\/product"}],"about":[{"href":"https:\/\/wiejskieprzysmaki.estima.site\/en\/wp-json\/wp\/v2\/types\/product"}],"replies":[{"embeddable":true,"href":"https:\/\/wiejskieprzysmaki.estima.site\/en\/wp-json\/wp\/v2\/comments?post=5044"}],"wp:featuredmedia":[{"embeddable":true,"href":"https:\/\/wiejskieprzysmaki.estima.site\/en\/wp-json\/wp\/v2\/media\/5045"}],"wp:attachment":[{"href":"https:\/\/wiejskieprzysmaki.estima.site\/en\/wp-json\/wp\/v2\/media?parent=5044"}],"wp:term":[{"taxonomy":"product_brand","embeddable":true,"href":"https:\/\/wiejskieprzysmaki.estima.site\/en\/wp-json\/wp\/v2\/product_brand?post=5044"},{"taxonomy":"product_cat","embeddable":true,"href":"https:\/\/wiejskieprzysmaki.estima.site\/en\/wp-json\/wp\/v2\/product_cat?post=5044"},{"taxonomy":"product_tag","embeddable":true,"href":"https:\/\/wiejskieprzysmaki.estima.site\/en\/wp-json\/wp\/v2\/product_tag?post=5044"}],"curies":[{"name":"wp","href":"https:\/\/api.w.org\/{rel}","templated":true}]}}