{"id":5048,"date":"2025-02-18T11:02:46","date_gmt":"2025-02-18T10:02:46","guid":{"rendered":"https:\/\/wiejskieprzysmaki.estima.site\/produkt\/miod-manuka-mgo-400-bio-250-g-tranzalpine\/"},"modified":"2025-02-18T11:03:08","modified_gmt":"2025-02-18T10:03:08","slug":"miod-manuka-mgo-400-bio-250-g-tranzalpine","status":"publish","type":"product","link":"https:\/\/wiejskieprzysmaki.estima.site\/en\/product\/miod-manuka-mgo-400-bio-250-g-tranzalpine\/","title":{"rendered":"MI\u00d3D MANUKA MGO 400+ BIO 250 g &#8211; TRANZALPINE"},"content":{"rendered":"<p>SK\u0141ADNIKI<br \/>Mi\u00f3d manuka* 100 %. (*certyfikowany sk\u0142adnik ekologiczny)<\/p>\n<p>OPIS<br \/>Mi\u00f3d ten posiada powy\u017cej 400 (mg\/kg) methylglyoxalu. Pozyskiwany jest z krzew\u00f3w Manuka rosn\u0105cych na odleg\u0142ym zachodnim wybrze\u017cu Nowej Zelandii.<\/p>\n<p>WARTO\u015a\u0106 OD\u017bYWCZA W 100 g<br \/>Warto\u015b\u0107 energetyczna: 1350 kJ\/322 kcal  <br \/>T\u0142uszcz: <1,0 g  <br \/>w tym kwasy t\u0142uszczowe nasycone: <1,0 g  <br \/>W\u0119glowodany: 77 g  <br \/>w tym cukry: 74 g  <br \/>Bia\u0142ko: 0,37 g  <br \/>S\u00f3l: 0,01 g<\/p>\n<p>ZALECANE WARUNKI PRZECHOWYWANIA<br \/>Przechowywa\u0107 w suchym i ch\u0142odnym miejscu<\/p>","protected":false},"excerpt":{"rendered":"<p>SK\u0141ADNIKIMi\u00f3d manuka* 100 %. (*certyfikowany sk\u0142adnik ekologiczny) OPISMi\u00f3d ten posiada powy\u017cej 400 (mg\/kg) methylglyoxalu. Pozyskiwany jest z krzew\u00f3w Manuka rosn\u0105cych na odleg\u0142ym zachodnim wybrze\u017cu Nowej Zelandii. WARTO\u015a\u0106 OD\u017bYWCZA W 100 gWarto\u015b\u0107 energetyczna: 1350 kJ\/322 kcal T\u0142uszcz:<\/p>","protected":false},"featured_media":5049,"comment_status":"closed","ping_status":"open","template":"","meta":{"_acf_changed":false},"product_brand":[],"product_cat":[1104],"product_tag":[],"class_list":{"0":"post-5048","1":"product","2":"type-product","3":"status-publish","4":"has-post-thumbnail","6":"product_cat-miody","7":"pa_ean-matka-4095","8":"pa_gwarancja-przydatnosci-320","9":"pa_ilosc-w-opakowaniu-374","10":"pa_jednostka-podstawowa-szt","11":"pa_kod-cn-0409-00-00","12":"pa_kraj-pochodzenia-skladnikow-nowa-zelandia","13":"pa_masa-netto-480","14":"pa_objetosc-brutto-1013","15":"pa_producent-tranzalpine-miod-manuka","16":"pa_producent-nazwa-adres-hoyer-gmbh-steinbruchstrase-18-82398-polling","17":"pa_tagi-bez-glutenu-w-skladnikach","18":"pa_tagi-certyfikat-bio","19":"pa_tagi-wegetarianski","21":"first","22":"instock","23":"taxable","24":"shipping-taxable","25":"purchasable","26":"product-type-simple"},"acf":[],"_links":{"self":[{"href":"https:\/\/wiejskieprzysmaki.estima.site\/en\/wp-json\/wp\/v2\/product\/5048","targetHints":{"allow":["GET"]}}],"collection":[{"href":"https:\/\/wiejskieprzysmaki.estima.site\/en\/wp-json\/wp\/v2\/product"}],"about":[{"href":"https:\/\/wiejskieprzysmaki.estima.site\/en\/wp-json\/wp\/v2\/types\/product"}],"replies":[{"embeddable":true,"href":"https:\/\/wiejskieprzysmaki.estima.site\/en\/wp-json\/wp\/v2\/comments?post=5048"}],"wp:featuredmedia":[{"embeddable":true,"href":"https:\/\/wiejskieprzysmaki.estima.site\/en\/wp-json\/wp\/v2\/media\/5049"}],"wp:attachment":[{"href":"https:\/\/wiejskieprzysmaki.estima.site\/en\/wp-json\/wp\/v2\/media?parent=5048"}],"wp:term":[{"taxonomy":"product_brand","embeddable":true,"href":"https:\/\/wiejskieprzysmaki.estima.site\/en\/wp-json\/wp\/v2\/product_brand?post=5048"},{"taxonomy":"product_cat","embeddable":true,"href":"https:\/\/wiejskieprzysmaki.estima.site\/en\/wp-json\/wp\/v2\/product_cat?post=5048"},{"taxonomy":"product_tag","embeddable":true,"href":"https:\/\/wiejskieprzysmaki.estima.site\/en\/wp-json\/wp\/v2\/product_tag?post=5048"}],"curies":[{"name":"wp","href":"https:\/\/api.w.org\/{rel}","templated":true}]}}