{"id":5054,"date":"2025-02-18T11:03:10","date_gmt":"2025-02-18T10:03:10","guid":{"rendered":"https:\/\/wiejskieprzysmaki.estima.site\/produkt\/herbata-biala-lisciasta-pai-mu-tan-bio-100-g-ecoblik\/"},"modified":"2025-02-18T11:03:10","modified_gmt":"2025-02-18T10:03:10","slug":"herbata-biala-lisciasta-pai-mu-tan-bio-100-g-ecoblik","status":"publish","type":"product","link":"https:\/\/wiejskieprzysmaki.estima.site\/en\/product\/herbata-biala-lisciasta-pai-mu-tan-bio-100-g-ecoblik\/","title":{"rendered":"HERBATA BIA\u0141A LI\u015aCIASTA PAI MU TAN BIO 100 g &#8211; ECOBLIK"},"content":{"rendered":"<p>SK\u0141ADNIKI<br \/>Herbata bia\u0142a Pai Mu Tan* 100 % (*certyfikowany sk\u0142adnik ekologiczny)<\/p>\n<p>OPIS<br \/>Pai Mu Tan to jedna z najbardziej klasycznych oraz najlepszych bia\u0142ych herbat. Pochodzi z Fujianu, po\u0142udniowo-wschodniej prowincji Chin. Pai Mu Tan stanowi mieszank\u0119 m\u0142odych listk\u00f3w oraz p\u0105czk\u00f3w krzewu da bai, a tak\u017ce shui xian bai. Zbior\u00f3w dokonuje si\u0119 na pocz\u0105tku wiosny \u2013 w marcu i kwietniu, a zadanie to wymaga du\u017cej ostro\u017cno\u015bci \u2013 nale\u017cy uwa\u017ca\u0107, aby nie uszkodzi\u0107 delikatnych ga\u0142\u0105zek herbaty. Nazwa Pai Mu Tan, czyli Bia\u0142a Piwonia, wzi\u0119\u0142a si\u0119 od podobie\u0144stwa p\u0105k\u00f3w i listk\u00f3w mieszanki do tego popularnego kwiatu<br \/>Pai Mu Tan cechuje kwiatowy zapach, czysty i zielonkawy, wr\u0119cz lekko z\u0142ocisty kolor naparu oraz orze\u017awiaj\u0105cy i przyjemny smak. Pai Mu Tan bywa okre\u015blana r\u00f3wnie\u017c mianem eliksiru m\u0142odo\u015bci \u2013 ze wzgl\u0119du na wysok\u0105 zawarto\u015b\u0107 antyoksydant\u00f3w. To tak\u017ce bogate \u017ar\u00f3d\u0142o witamin \u2013 w tym witaminy C oraz polifenoli.<\/p>\n<p>SPOS\u00d3B PRZYGOTOWANIA<br \/>Pai Mu Tan jest dobr\u0105 propozycj\u0105 dla os\u00f3b, kt\u00f3re dopiero poznaj\u0105 \u015bwiat herbat \u2013 jest \u0142atwa w przygotowaniu i nie wymaga tak restrykcyjnych wytycznych, jak pozosta\u0142e rodzaje herbaty. Bia\u0142a Piwonia pozwala wr\u0119cz na eksperymentowanie zar\u00f3wno z temperatur\u0105 wody, jak i z czasem zaparzania. Wa\u017cne jedynie, by nie zalewa\u0107 li\u015bci i p\u0105k\u00f3w wrz\u0105tkiem, a wod\u0105 o temperaturze 70-90 \u2103. Na fili\u017cank\u0119 200 ml zaleca si\u0119 1-2 \u0142y\u017ceczki listk\u00f3w Pai Mu Tan. Czas parzenia nale\u017cy dostosowa\u0107 do indywidualnych upodoba\u0144: 1-7 minut \u2013 w zale\u017cno\u015bci od tego, jak mocny napar chcemy uzyska\u0107. Nast\u0119pnie nale\u017cy odcedzi\u0107 li\u015bcie oraz p\u0105k i cieszy\u0107 si\u0119 fili\u017cank\u0105 doskona\u0142ej herbaty.<\/p>\n<p>ZALECANE WARUNKI PRZECHOWYWANIA<br \/>Przechowywa\u0107 w suchym miejscu.<\/p>","protected":false},"excerpt":{"rendered":"<p>SK\u0141ADNIKIHerbata bia\u0142a Pai Mu Tan* 100 % (*certyfikowany sk\u0142adnik ekologiczny) OPISPai Mu Tan to jedna z najbardziej klasycznych oraz najlepszych bia\u0142ych herbat. Pochodzi z Fujianu, po\u0142udniowo-wschodniej prowincji Chin. Pai Mu Tan stanowi mieszank\u0119 m\u0142odych listk\u00f3w oraz p\u0105czk\u00f3w krzewu da bai, a tak\u017ce shui xian bai. Zbior\u00f3w dokonuje si\u0119 na pocz\u0105tku wiosny \u2013 w marcu i [&hellip;]<\/p>","protected":false},"featured_media":5055,"comment_status":"closed","ping_status":"open","template":"","meta":{"_acf_changed":false},"product_brand":[],"product_cat":[2306,282],"product_tag":[],"class_list":{"0":"post-5054","1":"product","2":"type-product","3":"status-publish","4":"has-post-thumbnail","6":"product_cat-biale-czerwone-rooibos","7":"product_cat-herbaty-i-ziola","8":"pa_ean-matka-4101","9":"pa_gwarancja-przydatnosci-320","10":"pa_ilosc-w-opakowaniu-366","11":"pa_jednostka-podstawowa-szt","12":"pa_kod-cn-0902-10-00","13":"pa_kraj-pochodzenia-skladnikow-chiny","14":"pa_masa-netto-242","15":"pa_objetosc-brutto-4099","16":"pa_producent-ecoblik-herbatki","17":"pa_producent-nazwa-adres-medicaline-konrad-malitka-ostrowiec-150-05-480-karczew","18":"pa_tagi-bez-cukru-w-skladnikach","19":"pa_tagi-bez-glutenu-w-skladnikach","20":"pa_tagi-certyfikat-bio","21":"pa_tagi-weganski","22":"pa_tagi-wegetarianski","24":"first","25":"instock","26":"taxable","27":"shipping-taxable","28":"purchasable","29":"product-type-simple"},"acf":[],"_links":{"self":[{"href":"https:\/\/wiejskieprzysmaki.estima.site\/en\/wp-json\/wp\/v2\/product\/5054","targetHints":{"allow":["GET"]}}],"collection":[{"href":"https:\/\/wiejskieprzysmaki.estima.site\/en\/wp-json\/wp\/v2\/product"}],"about":[{"href":"https:\/\/wiejskieprzysmaki.estima.site\/en\/wp-json\/wp\/v2\/types\/product"}],"replies":[{"embeddable":true,"href":"https:\/\/wiejskieprzysmaki.estima.site\/en\/wp-json\/wp\/v2\/comments?post=5054"}],"wp:featuredmedia":[{"embeddable":true,"href":"https:\/\/wiejskieprzysmaki.estima.site\/en\/wp-json\/wp\/v2\/media\/5055"}],"wp:attachment":[{"href":"https:\/\/wiejskieprzysmaki.estima.site\/en\/wp-json\/wp\/v2\/media?parent=5054"}],"wp:term":[{"taxonomy":"product_brand","embeddable":true,"href":"https:\/\/wiejskieprzysmaki.estima.site\/en\/wp-json\/wp\/v2\/product_brand?post=5054"},{"taxonomy":"product_cat","embeddable":true,"href":"https:\/\/wiejskieprzysmaki.estima.site\/en\/wp-json\/wp\/v2\/product_cat?post=5054"},{"taxonomy":"product_tag","embeddable":true,"href":"https:\/\/wiejskieprzysmaki.estima.site\/en\/wp-json\/wp\/v2\/product_tag?post=5054"}],"curies":[{"name":"wp","href":"https:\/\/api.w.org\/{rel}","templated":true}]}}