{"id":5056,"date":"2025-02-18T11:03:10","date_gmt":"2025-02-18T10:03:10","guid":{"rendered":"https:\/\/wiejskieprzysmaki.estima.site\/produkt\/herbata-czerwona-oolong-bio-70-g-ecoblik\/"},"modified":"2025-02-18T11:03:11","modified_gmt":"2025-02-18T10:03:11","slug":"herbata-czerwona-oolong-bio-70-g-ecoblik","status":"publish","type":"product","link":"https:\/\/wiejskieprzysmaki.estima.site\/en\/product\/herbata-czerwona-oolong-bio-70-g-ecoblik\/","title":{"rendered":"HERBATA CZERWONA OOLONG BIO 70 g &#8211; ECOBLIK"},"content":{"rendered":"<p>SK\u0141ADNIKI <br \/>Herbata Oolong* 100 % (*certyfikowany sk\u0142adnik ekologiczny)<\/p>\n<p>OPIS<br \/>Herbata Oolong, nazywa si\u0119 j\u0105 tak\u017ce herbat\u0105 szmaragdow\u0105, niebiesk\u0105, turkusow\u0105, smocz\u0105 lub ulung. Wed\u0142ug chi\u0144skiej klasyfikacji zalicza si\u0119 j\u0105 do grupy herbat niebieskich, wed\u0142ug polskiej &#8211; najcz\u0119\u015bciej do czerwonych. Jej li\u015bcie s\u0105 delikatnie poddawane s\u0142abej fermentacji. Herbata Oolong jest znacznie mniej cierpka w smaku i delikatniejsza dla \u017co\u0142\u0105dka, o nutach s\u0142odkawych, a nawet owocowych. Cechuje j\u0105 tak\u017ce wysoka zawarto\u015b\u0107 tanin oraz garbnik\u00f3w ro\u015blinnych.<br \/>Zawiera tylko nieznaczne ilo\u015bci kofeiny.<\/p>\n<p>SPOS\u00d3B PRZYGOTOWANIA <br \/>Oolong zaparzamy w nieco mniejszej ilo\u015bci wody \u2013 1 \u0142y\u017ceczka na ma\u0142\u0105 fili\u017cank\u0119 wody \u2013 ok. 120-170 ml. Optymalna temperatura wody to 90 \u2103. Napar odcedzamy z li\u015bci po ok. 1-5 minutach, w zale\u017cno\u015bci od tego, jak\u0105 intensywno\u015b\u0107 herbaty preferujemy.<\/p>\n<p>ZALECANE WARUNKI PRZECHOWYWANIA <br \/>Przechowywa\u0107 w suchym miejscu.<\/p>","protected":false},"excerpt":{"rendered":"<p>SK\u0141ADNIKI Herbata Oolong* 100 % (*certyfikowany sk\u0142adnik ekologiczny) OPISHerbata Oolong, nazywa si\u0119 j\u0105 tak\u017ce herbat\u0105 szmaragdow\u0105, niebiesk\u0105, turkusow\u0105, smocz\u0105 lub ulung. Wed\u0142ug chi\u0144skiej klasyfikacji zalicza si\u0119 j\u0105 do grupy herbat niebieskich, wed\u0142ug polskiej &#8211; najcz\u0119\u015bciej do czerwonych. Jej li\u015bcie s\u0105 delikatnie poddawane s\u0142abej fermentacji. Herbata Oolong jest znacznie mniej cierpka w smaku i delikatniejsza dla [&hellip;]<\/p>","protected":false},"featured_media":5057,"comment_status":"closed","ping_status":"open","template":"","meta":{"_acf_changed":false},"product_brand":[],"product_cat":[2306,282],"product_tag":[],"class_list":{"0":"post-5056","1":"product","2":"type-product","3":"status-publish","4":"has-post-thumbnail","6":"product_cat-biale-czerwone-rooibos","7":"product_cat-herbaty-i-ziola","8":"pa_ean-matka-4102","9":"pa_gwarancja-przydatnosci-320","10":"pa_ilosc-w-opakowaniu-366","11":"pa_jednostka-podstawowa-szt","12":"pa_kod-cn-0902-30-00","13":"pa_kraj-pochodzenia-skladnikow-chiny","14":"pa_masa-netto-695","15":"pa_objetosc-brutto-4099","16":"pa_producent-ecoblik-herbatki","17":"pa_producent-nazwa-adres-medicaline-konrad-malitka-ostrowiec-150-05-480-karczew","18":"pa_tagi-bez-cukru-w-skladnikach","19":"pa_tagi-bez-glutenu-w-skladnikach","20":"pa_tagi-certyfikat-bio","21":"pa_tagi-weganski","22":"pa_tagi-wegetarianski","24":"first","25":"instock","26":"taxable","27":"shipping-taxable","28":"purchasable","29":"product-type-simple"},"acf":[],"_links":{"self":[{"href":"https:\/\/wiejskieprzysmaki.estima.site\/en\/wp-json\/wp\/v2\/product\/5056","targetHints":{"allow":["GET"]}}],"collection":[{"href":"https:\/\/wiejskieprzysmaki.estima.site\/en\/wp-json\/wp\/v2\/product"}],"about":[{"href":"https:\/\/wiejskieprzysmaki.estima.site\/en\/wp-json\/wp\/v2\/types\/product"}],"replies":[{"embeddable":true,"href":"https:\/\/wiejskieprzysmaki.estima.site\/en\/wp-json\/wp\/v2\/comments?post=5056"}],"wp:featuredmedia":[{"embeddable":true,"href":"https:\/\/wiejskieprzysmaki.estima.site\/en\/wp-json\/wp\/v2\/media\/5057"}],"wp:attachment":[{"href":"https:\/\/wiejskieprzysmaki.estima.site\/en\/wp-json\/wp\/v2\/media?parent=5056"}],"wp:term":[{"taxonomy":"product_brand","embeddable":true,"href":"https:\/\/wiejskieprzysmaki.estima.site\/en\/wp-json\/wp\/v2\/product_brand?post=5056"},{"taxonomy":"product_cat","embeddable":true,"href":"https:\/\/wiejskieprzysmaki.estima.site\/en\/wp-json\/wp\/v2\/product_cat?post=5056"},{"taxonomy":"product_tag","embeddable":true,"href":"https:\/\/wiejskieprzysmaki.estima.site\/en\/wp-json\/wp\/v2\/product_tag?post=5056"}],"curies":[{"name":"wp","href":"https:\/\/api.w.org\/{rel}","templated":true}]}}