{"id":5068,"date":"2025-02-18T11:03:10","date_gmt":"2025-02-18T10:03:10","guid":{"rendered":"https:\/\/wiejskieprzysmaki.estima.site\/produkt\/herbatka-kurkuma-pomarancza-turmeric-orange-bio-17-x-2-g-34-g-yogi-tea\/"},"modified":"2025-02-18T11:03:16","modified_gmt":"2025-02-18T10:03:16","slug":"herbatka-kurkuma-pomarancza-turmeric-orange-bio-17-x-2-g-34-g-yogi-tea","status":"publish","type":"product","link":"https:\/\/wiejskieprzysmaki.estima.site\/en\/product\/herbatka-kurkuma-pomarancza-turmeric-orange-bio-17-x-2-g-34-g-yogi-tea\/","title":{"rendered":"HERBATKA KURKUMA POMARA\u0143CZA (TURMERIC ORANGE) BIO (17 x 2 g) 34 g &#8211; YOGI TEA"},"content":{"rendered":"<p>SK\u0141ADNIKI<br \/>korze\u0144 kurkumy* (50 %), lukrecja*, cynamon*, sk\u00f3rka pomara\u0144czowa* (9 %), jab\u0142ko*, imbir*, czarny pieprz*, kardamon*, olejek pomara\u0144czowy* (1 %), \u0142uski kakao*, ziarna wanilii* (1 %), bia\u0142y hibiskus*, koper w\u0142oski*, kwiat muszkatu*, go\u017adziki* (*certyfikowany sk\u0142adnik ekologiczny).<\/p>\n<p>OPIS<br \/>Niech s\u0142o\u0144ce \u015bwieci w Twoim wn\u0119trzu, by mog\u0142o \u015bwieci\u0107 tak\u017ce nad Twoim \u017cyciem! Wzmacniaj\u0105ca kurkuma, delikatna pomara\u0144cza i cudownie \u0142agodna wanilia tworz\u0105 t\u0119 kompozycj\u0119, aby zapewni\u0107 Ci szczeg\u00f3ln\u0105 przyjemno\u015b\u0107: herbatka jest l\u015bni\u0105co z\u0142ocista w fili\u017cance i rozpieszcza swoim s\u0142odkim i pikantnym smakiem, dope\u0142niaj\u0105c doznania wyj\u0105tkowo wspania\u0142ym aromatem. To jest prawdziwe bogactwo.<br \/>Wypr\u00f3buj YOGI TEA\u00ae Turmeric Orange bez dodatk\u00f3w lub lekko os\u0142odzon\u0105, z odrobin\u0105 MLEKA lub wega\u0144sk\u0105 alternatyw\u0105 mleka.<br \/>Herbatka dla wszystkich, kt\u00f3rzy czuj\u0105 smak sercem<\/p>\n<p>SPOS\u00d3B PRZYGOTOWANIA<br \/>Zala\u0107 torebk\u0119 250 ml \u015bwie\u017co przegotowanej wody i pozostawi\u0107 do zaparzenia na oko\u0142o 7 minut lub d\u0142u\u017cej &#8211; dla uzyskania g\u0142\u0119bszego aromatu. Doda\u0107 MLEKO lub jego substytut i pos\u0142odzi\u0107 do smaku.<\/p>\n<p>UWAGI<br \/>Zawiera lukrecj\u0119 \u2013 chorzy na nadci\u015bnienie powinni unika\u0107 nadmiernego spo\u017cycia.<\/p>\n<p>ZALECANE WARUNKI PRZECHOWYWANIA<br \/>Przechowywa\u0107 w suchym i ch\u0142odnym miejscu.<\/p>","protected":false},"excerpt":{"rendered":"<p>SK\u0141ADNIKIkorze\u0144 kurkumy* (50 %), lukrecja*, cynamon*, sk\u00f3rka pomara\u0144czowa* (9 %), jab\u0142ko*, imbir*, czarny pieprz*, kardamon*, olejek pomara\u0144czowy* (1 %), \u0142uski kakao*, ziarna wanilii* (1 %), bia\u0142y hibiskus*, koper w\u0142oski*, kwiat muszkatu*, go\u017adziki* (*certyfikowany sk\u0142adnik ekologiczny). OPISNiech s\u0142o\u0144ce \u015bwieci w Twoim wn\u0119trzu, by mog\u0142o \u015bwieci\u0107 tak\u017ce nad Twoim \u017cyciem! Wzmacniaj\u0105ca kurkuma, delikatna pomara\u0144cza i cudownie \u0142agodna [&hellip;]<\/p>","protected":false},"featured_media":5069,"comment_status":"closed","ping_status":"open","template":"","meta":{"_acf_changed":false},"product_brand":[],"product_cat":[282,478],"product_tag":[],"class_list":{"0":"post-5068","1":"product","2":"type-product","3":"status-publish","4":"has-post-thumbnail","6":"product_cat-herbaty-i-ziola","7":"product_cat-ziolowe-owocowe-mieszanki","8":"pa_ean-matka-4111","9":"pa_gwarancja-przydatnosci-522","10":"pa_ilosc-w-opakowaniu-298","11":"pa_jednostka-podstawowa-szt","12":"pa_kod-cn-0910-99-99","13":"pa_masa-netto-2294","14":"pa_objetosc-brutto-1264","15":"pa_producent-yogi-tea-herbaty-i-herbatki","16":"pa_producent-nazwa-adres-yogi-tea-gmbh-burchardstrase-24-20095-hamburg","17":"pa_tagi-bez-cukru-w-skladnikach","18":"pa_tagi-bez-glutenu-w-skladnikach","19":"pa_tagi-certyfikat-bio","20":"pa_tagi-weganski","21":"pa_tagi-wegetarianski","23":"first","24":"instock","25":"taxable","26":"shipping-taxable","27":"purchasable","28":"product-type-simple"},"acf":[],"_links":{"self":[{"href":"https:\/\/wiejskieprzysmaki.estima.site\/en\/wp-json\/wp\/v2\/product\/5068","targetHints":{"allow":["GET"]}}],"collection":[{"href":"https:\/\/wiejskieprzysmaki.estima.site\/en\/wp-json\/wp\/v2\/product"}],"about":[{"href":"https:\/\/wiejskieprzysmaki.estima.site\/en\/wp-json\/wp\/v2\/types\/product"}],"replies":[{"embeddable":true,"href":"https:\/\/wiejskieprzysmaki.estima.site\/en\/wp-json\/wp\/v2\/comments?post=5068"}],"wp:featuredmedia":[{"embeddable":true,"href":"https:\/\/wiejskieprzysmaki.estima.site\/en\/wp-json\/wp\/v2\/media\/5069"}],"wp:attachment":[{"href":"https:\/\/wiejskieprzysmaki.estima.site\/en\/wp-json\/wp\/v2\/media?parent=5068"}],"wp:term":[{"taxonomy":"product_brand","embeddable":true,"href":"https:\/\/wiejskieprzysmaki.estima.site\/en\/wp-json\/wp\/v2\/product_brand?post=5068"},{"taxonomy":"product_cat","embeddable":true,"href":"https:\/\/wiejskieprzysmaki.estima.site\/en\/wp-json\/wp\/v2\/product_cat?post=5068"},{"taxonomy":"product_tag","embeddable":true,"href":"https:\/\/wiejskieprzysmaki.estima.site\/en\/wp-json\/wp\/v2\/product_tag?post=5068"}],"curies":[{"name":"wp","href":"https:\/\/api.w.org\/{rel}","templated":true}]}}