{"id":5072,"date":"2025-02-18T11:03:10","date_gmt":"2025-02-18T10:03:10","guid":{"rendered":"https:\/\/wiejskieprzysmaki.estima.site\/produkt\/makaron-orkiszowy-spaghetti-luksusowy-bio-250-g-niro\/"},"modified":"2025-02-18T11:03:18","modified_gmt":"2025-02-18T10:03:18","slug":"makaron-orkiszowy-spaghetti-luksusowy-bio-250-g-niro","status":"publish","type":"product","link":"https:\/\/wiejskieprzysmaki.estima.site\/en\/product\/makaron-orkiszowy-spaghetti-luksusowy-bio-250-g-niro\/","title":{"rendered":"MAKARON (ORKISZOWY) SPAGHETTI LUKSUSOWY BIO 250 g &#8211; NIRO"},"content":{"rendered":"<p>SK\u0141ADNIKI  <br \/>m\u0105ka z PSZENICY ORKISZ*, woda. (*certyfikowany sk\u0142adnik ekologiczny)  <\/p>\n<p>SPOS\u00d3B PRZYGOTOWANIA<br \/>Gotowa\u0107 7 minut.<\/p>\n<p>OPIS<br \/>Spaghetti luksusowe makaron ekologiczny, z bia\u0142ej maki ORKISZowej, bez dodatku soli i jaj.<\/p>\n<p>WARTO\u015a\u0106 OD\u017bYWCZA W 100 g  <br \/>Warto\u015b\u0107 energetyczna: 1500 kJ\/357 kcal  <br \/>T\u0142uszcz: 1,3 g  <br \/>w tym kwasy t\u0142uszczowe nasycone: 0,3 g  <br \/>W\u0119glowodany: 73 g  <br \/>w tym cukry: 1,9 g  <br \/>B\u0142onnik: 3,9 g  <br \/>Bia\u0142ko: 11 g  <br \/>S\u00f3l: 0,015 g  <\/p>\n<p>ZALECANE WARUNKI PRZECHOWYWANIA  <br \/>Przechowywa\u0107 w suchym i ch\u0142odnym miejscu  <\/p>","protected":false},"excerpt":{"rendered":"<p>SK\u0141ADNIKI m\u0105ka z PSZENICY ORKISZ*, woda. (*certyfikowany sk\u0142adnik ekologiczny) SPOS\u00d3B PRZYGOTOWANIAGotowa\u0107 7 minut. OPISSpaghetti luksusowe makaron ekologiczny, z bia\u0142ej maki ORKISZowej, bez dodatku soli i jaj. WARTO\u015a\u0106 OD\u017bYWCZA W 100 g Warto\u015b\u0107 energetyczna: 1500 kJ\/357 kcal T\u0142uszcz: 1,3 g w tym kwasy t\u0142uszczowe nasycone: 0,3 g W\u0119glowodany: 73 g w tym cukry: 1,9 g B\u0142onnik: [&hellip;]<\/p>","protected":false},"featured_media":5073,"comment_status":"closed","ping_status":"open","template":"","meta":{"_acf_changed":false},"product_brand":[],"product_cat":[1162,1246],"product_tag":[],"class_list":{"0":"post-5072","1":"product","2":"type-product","3":"status-publish","4":"has-post-thumbnail","6":"product_cat-makarony","7":"product_cat-zbozowe-z-glutenem","8":"pa_ean-matka-4113","9":"pa_gwarancja-przydatnosci-320","10":"pa_ilosc-w-opakowaniu-454","11":"pa_jednostka-podstawowa-szt","12":"pa_kod-cn-1902-19-10","13":"pa_masa-netto-480","14":"pa_objetosc-brutto-2260","15":"pa_producent-niro-makarony-orkiszowe","16":"pa_producent-nazwa-adres-przedsiebiorstwo-produkcyjno-uslugowo-handlowe-niro-sp-z-o-o-dolna-4-42-283-boronow","17":"pa_tagi-bez-cukru-w-skladnikach","18":"pa_tagi-certyfikat-bio","19":"pa_tagi-weganski","20":"pa_tagi-wegetarianski","22":"first","23":"instock","24":"taxable","25":"shipping-taxable","26":"purchasable","27":"product-type-simple"},"acf":[],"_links":{"self":[{"href":"https:\/\/wiejskieprzysmaki.estima.site\/en\/wp-json\/wp\/v2\/product\/5072","targetHints":{"allow":["GET"]}}],"collection":[{"href":"https:\/\/wiejskieprzysmaki.estima.site\/en\/wp-json\/wp\/v2\/product"}],"about":[{"href":"https:\/\/wiejskieprzysmaki.estima.site\/en\/wp-json\/wp\/v2\/types\/product"}],"replies":[{"embeddable":true,"href":"https:\/\/wiejskieprzysmaki.estima.site\/en\/wp-json\/wp\/v2\/comments?post=5072"}],"wp:featuredmedia":[{"embeddable":true,"href":"https:\/\/wiejskieprzysmaki.estima.site\/en\/wp-json\/wp\/v2\/media\/5073"}],"wp:attachment":[{"href":"https:\/\/wiejskieprzysmaki.estima.site\/en\/wp-json\/wp\/v2\/media?parent=5072"}],"wp:term":[{"taxonomy":"product_brand","embeddable":true,"href":"https:\/\/wiejskieprzysmaki.estima.site\/en\/wp-json\/wp\/v2\/product_brand?post=5072"},{"taxonomy":"product_cat","embeddable":true,"href":"https:\/\/wiejskieprzysmaki.estima.site\/en\/wp-json\/wp\/v2\/product_cat?post=5072"},{"taxonomy":"product_tag","embeddable":true,"href":"https:\/\/wiejskieprzysmaki.estima.site\/en\/wp-json\/wp\/v2\/product_tag?post=5072"}],"curies":[{"name":"wp","href":"https:\/\/api.w.org\/{rel}","templated":true}]}}