{"id":5094,"date":"2025-02-18T11:03:25","date_gmt":"2025-02-18T10:03:25","guid":{"rendered":"https:\/\/wiejskieprzysmaki.estima.site\/produkt\/syrop-malinowy-z-imbirem-bio-330-ml-batom\/"},"modified":"2025-02-18T11:03:26","modified_gmt":"2025-02-18T10:03:26","slug":"syrop-malinowy-z-imbirem-bio-330-ml-batom","status":"publish","type":"product","link":"https:\/\/wiejskieprzysmaki.estima.site\/en\/product\/syrop-malinowy-z-imbirem-bio-330-ml-batom\/","title":{"rendered":"SYROP MALINOWY Z IMBIREM BIO 330 ml &#8211; BATOM"},"content":{"rendered":"<p>SK\u0141ADNIKI<br \/>sok malinowy* (64 %), cukier trzcinowy*, sok imbirowy* 6 %. (*certyfikowany sk\u0142adnik ekologiczny)<\/p>\n<p>OPIS<br \/>Sok t\u0142oczony ze \u015bwie\u017cych malin, s\u0142odzony cukrem trzcinowym, z dodatkiem soku z imbiru, pasteryzowany.<br \/>Rozgrzewaj\u0105cy, doskona\u0142y do herbaty, deser\u00f3w i napoj\u00f3w. <br \/>Przed otwarciem wstrz\u0105sn\u0105\u0107. M\u0119tno\u015b\u0107 i osad tworz\u0105 naturalne cz\u0105steczki owoc\u00f3w. <\/p>\n<p>WARTO\u015a\u0106 OD\u017bYWCZA W 100 ml<br \/>Warto\u015b\u0107 energetyczna: 597 kJ\/143 kcal <br \/>T\u0142uszcz: 0 g <br \/>w tym kwasy t\u0142uszczowe nasycone: 0 g <br \/>W\u0119glowodany: 35 g <br \/>w tym cukry: 34 g <br \/>Bia\u0142ko: 0 g <br \/>S\u00f3l: 0,01 g<\/p>\n<p>ZALECANE WARUNKI PRZECHOWYWANIA<br \/>Przechowywa\u0107 w ch\u0142odnym i ciemnym miejscu. Po otwarciu przechowywa\u0107 w lod\u00f3wce do 10 dni. <\/p>","protected":false},"excerpt":{"rendered":"<p>SK\u0141ADNIKIsok malinowy* (64 %), cukier trzcinowy*, sok imbirowy* 6 %. (*certyfikowany sk\u0142adnik ekologiczny) OPISSok t\u0142oczony ze \u015bwie\u017cych malin, s\u0142odzony cukrem trzcinowym, z dodatkiem soku z imbiru, pasteryzowany.Rozgrzewaj\u0105cy, doskona\u0142y do herbaty, deser\u00f3w i napoj\u00f3w. Przed otwarciem wstrz\u0105sn\u0105\u0107. M\u0119tno\u015b\u0107 i osad tworz\u0105 naturalne cz\u0105steczki owoc\u00f3w. WARTO\u015a\u0106 OD\u017bYWCZA W 100 mlWarto\u015b\u0107 energetyczna: 597 kJ\/143 kcal T\u0142uszcz: 0 g [&hellip;]<\/p>","protected":false},"featured_media":5095,"comment_status":"closed","ping_status":"open","template":"","meta":{"_acf_changed":false},"product_brand":[],"product_cat":[134,410],"product_tag":[],"class_list":{"0":"post-5094","1":"product","2":"type-product","3":"status-publish","4":"has-post-thumbnail","6":"product_cat-napoje","7":"product_cat-soki-owocowe-soki-owocowe-z-dodatkami","8":"pa_ean-matka-4132","9":"pa_gwarancja-przydatnosci-311","10":"pa_ilosc-w-opakowaniu-374","11":"pa_jednostka-podstawowa-szt","12":"pa_kod-cn-2009-89-79","13":"pa_objetosc-brutto-1293","14":"pa_objetosc-netto-1012","15":"pa_producent-batom-oleje-soki-sole-kapielowe","16":"pa_producent-nazwa-adres-batom-pl-jozef-lesniak-hurtownia-zdrowej-zywnosci-generala-augusta-fieldorfa-nila-17-31-209-krakow","17":"pa_tagi-bez-glutenu-w-skladnikach","18":"pa_tagi-certyfikat-bio","19":"pa_tagi-weganski","20":"pa_tagi-wegetarianski","22":"first","23":"instock","24":"taxable","25":"shipping-taxable","26":"purchasable","27":"product-type-simple"},"acf":[],"_links":{"self":[{"href":"https:\/\/wiejskieprzysmaki.estima.site\/en\/wp-json\/wp\/v2\/product\/5094","targetHints":{"allow":["GET"]}}],"collection":[{"href":"https:\/\/wiejskieprzysmaki.estima.site\/en\/wp-json\/wp\/v2\/product"}],"about":[{"href":"https:\/\/wiejskieprzysmaki.estima.site\/en\/wp-json\/wp\/v2\/types\/product"}],"replies":[{"embeddable":true,"href":"https:\/\/wiejskieprzysmaki.estima.site\/en\/wp-json\/wp\/v2\/comments?post=5094"}],"wp:featuredmedia":[{"embeddable":true,"href":"https:\/\/wiejskieprzysmaki.estima.site\/en\/wp-json\/wp\/v2\/media\/5095"}],"wp:attachment":[{"href":"https:\/\/wiejskieprzysmaki.estima.site\/en\/wp-json\/wp\/v2\/media?parent=5094"}],"wp:term":[{"taxonomy":"product_brand","embeddable":true,"href":"https:\/\/wiejskieprzysmaki.estima.site\/en\/wp-json\/wp\/v2\/product_brand?post=5094"},{"taxonomy":"product_cat","embeddable":true,"href":"https:\/\/wiejskieprzysmaki.estima.site\/en\/wp-json\/wp\/v2\/product_cat?post=5094"},{"taxonomy":"product_tag","embeddable":true,"href":"https:\/\/wiejskieprzysmaki.estima.site\/en\/wp-json\/wp\/v2\/product_tag?post=5094"}],"curies":[{"name":"wp","href":"https:\/\/api.w.org\/{rel}","templated":true}]}}