{"id":5096,"date":"2025-02-18T11:03:25","date_gmt":"2025-02-18T10:03:25","guid":{"rendered":"https:\/\/wiejskieprzysmaki.estima.site\/produkt\/herbata-zielona-bancha-japonska-bio-60-g-moya-matcha\/"},"modified":"2025-02-18T11:03:26","modified_gmt":"2025-02-18T10:03:26","slug":"herbata-zielona-bancha-japonska-bio-60-g-moya-matcha","status":"publish","type":"product","link":"https:\/\/wiejskieprzysmaki.estima.site\/en\/product\/herbata-zielona-bancha-japonska-bio-60-g-moya-matcha\/","title":{"rendered":"HERBATA ZIELONA BANCHA JAPO\u0143SKA BIO 60 g &#8211; MOYA MATCHA"},"content":{"rendered":"<p>SK\u0141ADNIKI<br \/>Zielona herbata bancha* 100 %. (*certyfikowany sk\u0142adnik ekologiczny)<\/p>\n<p>OPIS<br \/>Organiczna zielona herbata z dojrza\u0142ych li\u015bci drugiego i trzeciego zbioru zbieranych z tych samych krzew\u00f3w co li\u015bcie Senchy. Bancha to w Japonii popularna herbata codziennego u\u017cytku. Li\u015bcie z letnich i jesiennych zbior\u00f3w, z kt\u00f3rych powstaje naturalnie zawieraj\u0105 mniej kofeiny (dwa razy mniej ni\u017c Sencha lub Gyokuro), mniej substancji aromatycznych za to wi\u0119cej garbnik\u00f3w co daje Banchy jej wyrazisty smak. W Japonii cz\u0119sto podaje si\u0119 j\u0105 do posi\u0142k\u00f3w. Jej stosunkowo niska zawarto\u015b\u0107 kofeiny powoduje, \u017ce cz\u0119sto pije si\u0119 j\u0105 wieczorem. Mniejsza ilo\u015b\u0107 kofeiny (lub teiny, jak cz\u0119sto nazywa si\u0119 ten zwi\u0105zek wyst\u0119puj\u0105cy w herbacie) skutkuje r\u00f3wnie\u017c mniejsz\u0105 goryczk\u0105 naparu herbacianego w stosunku do Senchy. Nazwa Bancha pochodzi od s\u0142\u00f3w \u201eban\u201d i \u201echa.\u201d \u201eCha\u201d w j\u0119zyku japo\u0144skim to herbata. S\u0142owo \u201eban\u201d(\u756a) ma natomiast podw\u00f3jne znaczenie. Mo\u017ce by\u0107 rozumiane jako odpowiednik tego co \u201ezwyk\u0142e\u201d, \u201epopularne\u201d lub \u201ecodzienne.\u201d Natomiast \u201eban\u201d zapisane jako \u6669o tej samej wymowie oznacza \u201ep\u00f3\u017ano\u201d i odnosi si\u0119 do p\u00f3\u017anych zbior\u00f3w, z kt\u00f3rych pochodz\u0105 li\u015bci wchodz\u0105ce w sk\u0142ad Banchy. Bancha zyska\u0142a na popularno\u015bci w epoce Edo i jest dzisiaj drug\u0105 najcz\u0119\u015bciej pit\u0105 herbat\u0105 zielon\u0105 w Japonii. Istnieje ponad 20 rodzaj\u00f3w Banchy o r\u00f3\u017cnych stopniach fermentacji i pochodz\u0105cych z r\u00f3\u017cnych region\u00f3w. Bancha jest herbat\u0105 cz\u0119sto rekomendowan\u0105 w diecie wega\u0144skiej poniewa\u017c jest najbogatszych \u017ar\u00f3de\u0142 \u017celaza pochodzenia ro\u015blinnego (38mg \/ 100g Banchy). Moya Bancha pochodzi z ma\u0142ych rodzinnych upraw w Prefekturze Kagoshima na wyspie Kiushu.<\/p>\n<p>SPOS\u00d3B PRZYGOTOWANIA<br \/>Ilo\u015b\u0107 herbaty: 3-4 g na 250 ml. Czas parzenia: 3-4 min. Ilo\u015b\u0107 zaparze\u0144: 3. Temperatura parzenia: 70-80 \u2103.<\/p>\n<p>ZALECANE WARUNKI PRZECHOWYWANIA<br \/>Przechowywa\u0107 w suchym i ch\u0142odnym miejscu<\/p>","protected":false},"excerpt":{"rendered":"<p>SK\u0141ADNIKIZielona herbata bancha* 100 %. (*certyfikowany sk\u0142adnik ekologiczny) OPISOrganiczna zielona herbata z dojrza\u0142ych li\u015bci drugiego i trzeciego zbioru zbieranych z tych samych krzew\u00f3w co li\u015bcie Senchy. Bancha to w Japonii popularna herbata codziennego u\u017cytku. Li\u015bcie z letnich i jesiennych zbior\u00f3w, z kt\u00f3rych powstaje naturalnie zawieraj\u0105 mniej kofeiny (dwa razy mniej ni\u017c Sencha lub Gyokuro), mniej [&hellip;]<\/p>","protected":false},"featured_media":5097,"comment_status":"closed","ping_status":"open","template":"","meta":{"_acf_changed":false},"product_brand":[],"product_cat":[282,950],"product_tag":[],"class_list":{"0":"post-5096","1":"product","2":"type-product","3":"status-publish","4":"has-post-thumbnail","6":"product_cat-herbaty-i-ziola","7":"product_cat-zielone-w-tym-z-dodatkami","8":"pa_ean-matka-4136","9":"pa_gwarancja-przydatnosci-320","10":"pa_ilosc-w-opakowaniu-298","11":"pa_jednostka-podstawowa-szt","12":"pa_kod-cn-0902-10-00","13":"pa_kraj-pochodzenia-skladnikow-japonia","14":"pa_masa-netto-284","15":"pa_objetosc-brutto-4134","16":"pa_producent-moya-matcha-herbaty-zielone-matcha","17":"pa_producent-nazwa-adres-moya-europe-spolka-z-ograniczona-odpowiedzialnoscia-mieczyslawa-karlowicza-9a-02-501-warszawa","18":"pa_tagi-bez-cukru-w-skladnikach","19":"pa_tagi-bez-glutenu-w-skladnikach","20":"pa_tagi-certyfikat-bio","21":"pa_tagi-weganski","22":"pa_tagi-wegetarianski","24":"first","25":"instock","26":"taxable","27":"shipping-taxable","28":"purchasable","29":"product-type-simple"},"acf":[],"_links":{"self":[{"href":"https:\/\/wiejskieprzysmaki.estima.site\/en\/wp-json\/wp\/v2\/product\/5096","targetHints":{"allow":["GET"]}}],"collection":[{"href":"https:\/\/wiejskieprzysmaki.estima.site\/en\/wp-json\/wp\/v2\/product"}],"about":[{"href":"https:\/\/wiejskieprzysmaki.estima.site\/en\/wp-json\/wp\/v2\/types\/product"}],"replies":[{"embeddable":true,"href":"https:\/\/wiejskieprzysmaki.estima.site\/en\/wp-json\/wp\/v2\/comments?post=5096"}],"wp:featuredmedia":[{"embeddable":true,"href":"https:\/\/wiejskieprzysmaki.estima.site\/en\/wp-json\/wp\/v2\/media\/5097"}],"wp:attachment":[{"href":"https:\/\/wiejskieprzysmaki.estima.site\/en\/wp-json\/wp\/v2\/media?parent=5096"}],"wp:term":[{"taxonomy":"product_brand","embeddable":true,"href":"https:\/\/wiejskieprzysmaki.estima.site\/en\/wp-json\/wp\/v2\/product_brand?post=5096"},{"taxonomy":"product_cat","embeddable":true,"href":"https:\/\/wiejskieprzysmaki.estima.site\/en\/wp-json\/wp\/v2\/product_cat?post=5096"},{"taxonomy":"product_tag","embeddable":true,"href":"https:\/\/wiejskieprzysmaki.estima.site\/en\/wp-json\/wp\/v2\/product_tag?post=5096"}],"curies":[{"name":"wp","href":"https:\/\/api.w.org\/{rel}","templated":true}]}}