{"id":5104,"date":"2025-02-18T11:03:25","date_gmt":"2025-02-18T10:03:25","guid":{"rendered":"https:\/\/wiejskieprzysmaki.estima.site\/produkt\/herbata-zielona-matcha-codzienna-japonska-bio-100-g-moya-matcha\/"},"modified":"2025-02-18T11:03:35","modified_gmt":"2025-02-18T10:03:35","slug":"herbata-zielona-matcha-codzienna-japonska-bio-100-g-moya-matcha","status":"publish","type":"product","link":"https:\/\/wiejskieprzysmaki.estima.site\/en\/product\/herbata-zielona-matcha-codzienna-japonska-bio-100-g-moya-matcha\/","title":{"rendered":"HERBATA ZIELONA MATCHA CODZIENNA JAPO\u0143SKA BIO 100 g &#8211; MOYA MATCHA"},"content":{"rendered":"<p>SK\u0141ADNIKI<br \/>Zielona herbata matcha 100 %* (*certyfikowany sk\u0142adnik ekologiczny)<\/p>\n<p>OPIS<br \/>Organiczna matcha z drugiego i trzeciego zbioru. Charakteryzuje si\u0119 mocnym aromatem z wyczuwaln\u0105 goryczk\u0105 i ja\u015bniejszym odcieniem zieleni. Polecana do matcha latte, koktajli oraz jako dodatek do lod\u00f3w albo wypiek\u00f3w.<\/p>\n<p>SPOS\u00d3B PRZYGOTOWANIA<br \/>Zalej \u0142y\u017ceczk\u0119 herbaty matcha niewielk\u0105 ilo\u015bci\u0105 ciep\u0142ej wody w czarce i energicznie wymieszaj bambusowym mieszade\u0142kiem a\u017c ca\u0142a matcha si\u0119 rozpu\u015bci a na powierzchni powstanie charakterystyczna g\u0119sta pianka.  Nast\u0119pnie powoli dolej wod\u0119 tak aby uzyska\u0107 porcj\u0119 ok. 200 ml.  Do mieszania najlepiej nadaje si\u0119 tradycyjny bambusowy chasen czyli mieszade\u0142ko. Match\u0119 mo\u017cna te\u017c przygotowa\u0107 przy u\u017cyciu r\u0119cznego spieniacza do MLEKA, a tradycyjn\u0105 czark\u0119 zast\u0105pi\u0107 szklank\u0105 lub kubkiem. Woda powinna mie\u0107 temperatur\u0119 ok. 80\u00b0C. Mo\u017cesz j\u0105 uzyska\u0107 korzystaj\u0105c z czajnika z miernikiem temperatury lub odstawiaj\u0105c zwyk\u0142y czajnik z wrz\u0105c\u0105 wod\u0105 na 10 min. Matchy nie powinno si\u0119 zalewa\u0107 wrz\u0105tkiem gdy\u017c traci wtedy cz\u0119\u015b\u0107 swoich w\u0142a\u015bciwo\u015bci od\u017cywczych.<\/p>\n<p>ZALECANE WARUNKI PRZECHOWYWANIA<br \/>Po otwarciu przechowywa\u0107 w lod\u00f3wce<\/p>","protected":false},"excerpt":{"rendered":"<p>SK\u0141ADNIKIZielona herbata matcha 100 %* (*certyfikowany sk\u0142adnik ekologiczny) OPISOrganiczna matcha z drugiego i trzeciego zbioru. Charakteryzuje si\u0119 mocnym aromatem z wyczuwaln\u0105 goryczk\u0105 i ja\u015bniejszym odcieniem zieleni. Polecana do matcha latte, koktajli oraz jako dodatek do lod\u00f3w albo wypiek\u00f3w. SPOS\u00d3B PRZYGOTOWANIAZalej \u0142y\u017ceczk\u0119 herbaty matcha niewielk\u0105 ilo\u015bci\u0105 ciep\u0142ej wody w czarce i energicznie wymieszaj bambusowym mieszade\u0142kiem a\u017c [&hellip;]<\/p>","protected":false},"featured_media":5105,"comment_status":"closed","ping_status":"open","template":"","meta":{"_acf_changed":false},"product_brand":[],"product_cat":[282,950],"product_tag":[],"class_list":{"0":"post-5104","1":"product","2":"type-product","3":"status-publish","4":"has-post-thumbnail","6":"product_cat-herbaty-i-ziola","7":"product_cat-zielone-w-tym-z-dodatkami","8":"pa_ean-matka-4141","9":"pa_gwarancja-przydatnosci-320","10":"pa_ilosc-w-opakowaniu-298","11":"pa_jednostka-podstawowa-szt","12":"pa_kod-cn-0902-10-00","13":"pa_kraj-pochodzenia-skladnikow-japonia","14":"pa_masa-netto-242","15":"pa_objetosc-brutto-4140","16":"pa_producent-moya-matcha-herbaty-zielone-matcha","17":"pa_producent-nazwa-adres-moya-europe-spolka-z-ograniczona-odpowiedzialnoscia-mieczyslawa-karlowicza-9a-02-501-warszawa","18":"pa_tagi-bez-cukru-w-skladnikach","19":"pa_tagi-bez-glutenu-w-skladnikach","20":"pa_tagi-certyfikat-bio","21":"pa_tagi-weganski","22":"pa_tagi-wegetarianski","24":"first","25":"instock","26":"taxable","27":"shipping-taxable","28":"purchasable","29":"product-type-simple"},"acf":[],"_links":{"self":[{"href":"https:\/\/wiejskieprzysmaki.estima.site\/en\/wp-json\/wp\/v2\/product\/5104","targetHints":{"allow":["GET"]}}],"collection":[{"href":"https:\/\/wiejskieprzysmaki.estima.site\/en\/wp-json\/wp\/v2\/product"}],"about":[{"href":"https:\/\/wiejskieprzysmaki.estima.site\/en\/wp-json\/wp\/v2\/types\/product"}],"replies":[{"embeddable":true,"href":"https:\/\/wiejskieprzysmaki.estima.site\/en\/wp-json\/wp\/v2\/comments?post=5104"}],"wp:featuredmedia":[{"embeddable":true,"href":"https:\/\/wiejskieprzysmaki.estima.site\/en\/wp-json\/wp\/v2\/media\/5105"}],"wp:attachment":[{"href":"https:\/\/wiejskieprzysmaki.estima.site\/en\/wp-json\/wp\/v2\/media?parent=5104"}],"wp:term":[{"taxonomy":"product_brand","embeddable":true,"href":"https:\/\/wiejskieprzysmaki.estima.site\/en\/wp-json\/wp\/v2\/product_brand?post=5104"},{"taxonomy":"product_cat","embeddable":true,"href":"https:\/\/wiejskieprzysmaki.estima.site\/en\/wp-json\/wp\/v2\/product_cat?post=5104"},{"taxonomy":"product_tag","embeddable":true,"href":"https:\/\/wiejskieprzysmaki.estima.site\/en\/wp-json\/wp\/v2\/product_tag?post=5104"}],"curies":[{"name":"wp","href":"https:\/\/api.w.org\/{rel}","templated":true}]}}