{"id":5158,"date":"2025-02-18T11:04:42","date_gmt":"2025-02-18T10:04:42","guid":{"rendered":"https:\/\/wiejskieprzysmaki.estima.site\/produkt\/chalwa-waniliowa-bio-200-g-bioagros\/"},"modified":"2025-02-18T11:04:56","modified_gmt":"2025-02-18T10:04:56","slug":"chalwa-waniliowa-bio-200-g-bioagros","status":"publish","type":"product","link":"https:\/\/wiejskieprzysmaki.estima.site\/en\/product\/chalwa-waniliowa-bio-200-g-bioagros\/","title":{"rendered":"CHA\u0141WA WANILIOWA BIO 200 g &#8211; BIOAGROS"},"content":{"rendered":"<p>SK\u0141ADNIKI <br \/>pe\u0142noziarniste tahini* 47,7 % (mielony \u0142uskany SEZAM*), syrop z tapioki* 45,8 %, cukier* 6,4 %, wanilia*. (*certyfikowany sk\u0142adnik ekologiczny)<\/p>\n<p>OPIS <br \/>Opakowanie zawiera 5 sugerowanych porcji. Produkt Grecki. <\/p>\n<p>WARTO\u015a\u0106 OD\u017bYWCZA W 100 g<br \/>Warto\u015b\u0107 energetyczna: 2134 kJ\/508 kcal<br \/>T\u0142uszcz: 27,6 g<br \/>w tym kwasy t\u0142uszczowe nasycone: 4,3 g<br \/>W\u0119glowodany: 55,5 g<br \/>w tym cukry: 8,9 g<br \/>Bia\u0142ko: 9,3 g<br \/>S\u00f3l: 0,1 g<\/p>\n<p>INFORMACJA ALERGENNA <br \/>Mo\u017ce zawiera\u0107 ORZECHY.<\/p>\n<p>ZALECANE WARUNKI PRZECHOWYWANIA <br \/>Przechowywa\u0107 w suchym i ch\u0142odnym miejscu.<\/p>","protected":false},"excerpt":{"rendered":"<p>SK\u0141ADNIKI pe\u0142noziarniste tahini* 47,7 % (mielony \u0142uskany SEZAM*), syrop z tapioki* 45,8 %, cukier* 6,4 %, wanilia*. (*certyfikowany sk\u0142adnik ekologiczny) OPIS Opakowanie zawiera 5 sugerowanych porcji. Produkt Grecki. WARTO\u015a\u0106 OD\u017bYWCZA W 100 gWarto\u015b\u0107 energetyczna: 2134 kJ\/508 kcalT\u0142uszcz: 27,6 gw tym kwasy t\u0142uszczowe nasycone: 4,3 gW\u0119glowodany: 55,5 gw tym cukry: 8,9 gBia\u0142ko: 9,3 gS\u00f3l: 0,1 g [&hellip;]<\/p>","protected":false},"featured_media":5159,"comment_status":"closed","ping_status":"open","template":"","meta":{"_acf_changed":false},"product_brand":[],"product_cat":[465,139],"product_tag":[],"class_list":{"0":"post-5158","1":"product","2":"type-product","3":"status-publish","4":"has-post-thumbnail","6":"product_cat-batony-wafelki-sezamki","7":"product_cat-slodycze-i-przekaski","8":"pa_ean-matka-4181","9":"pa_gwarancja-przydatnosci-522","10":"pa_ilosc-w-opakowaniu-406","11":"pa_jednostka-podstawowa-szt","12":"pa_kod-cn-1704-90-99","13":"pa_kraj-pochodzenia-skladnikow-turcja","14":"pa_masa-netto-354","15":"pa_objetosc-brutto-3932","16":"pa_producent-bioagros-greckie-produkty-spozywcze","17":"pa_producent-nazwa-adres-bioagros-s-a-vasileos-pavlou-2-58300-kria-vrisi","18":"pa_tagi-bez-glutenu-w-skladnikach","19":"pa_tagi-certyfikat-bio","20":"pa_tagi-weganski","21":"pa_tagi-wegetarianski","23":"first","24":"instock","25":"taxable","26":"shipping-taxable","27":"purchasable","28":"product-type-simple"},"acf":[],"_links":{"self":[{"href":"https:\/\/wiejskieprzysmaki.estima.site\/en\/wp-json\/wp\/v2\/product\/5158","targetHints":{"allow":["GET"]}}],"collection":[{"href":"https:\/\/wiejskieprzysmaki.estima.site\/en\/wp-json\/wp\/v2\/product"}],"about":[{"href":"https:\/\/wiejskieprzysmaki.estima.site\/en\/wp-json\/wp\/v2\/types\/product"}],"replies":[{"embeddable":true,"href":"https:\/\/wiejskieprzysmaki.estima.site\/en\/wp-json\/wp\/v2\/comments?post=5158"}],"wp:featuredmedia":[{"embeddable":true,"href":"https:\/\/wiejskieprzysmaki.estima.site\/en\/wp-json\/wp\/v2\/media\/5159"}],"wp:attachment":[{"href":"https:\/\/wiejskieprzysmaki.estima.site\/en\/wp-json\/wp\/v2\/media?parent=5158"}],"wp:term":[{"taxonomy":"product_brand","embeddable":true,"href":"https:\/\/wiejskieprzysmaki.estima.site\/en\/wp-json\/wp\/v2\/product_brand?post=5158"},{"taxonomy":"product_cat","embeddable":true,"href":"https:\/\/wiejskieprzysmaki.estima.site\/en\/wp-json\/wp\/v2\/product_cat?post=5158"},{"taxonomy":"product_tag","embeddable":true,"href":"https:\/\/wiejskieprzysmaki.estima.site\/en\/wp-json\/wp\/v2\/product_tag?post=5158"}],"curies":[{"name":"wp","href":"https:\/\/api.w.org\/{rel}","templated":true}]}}