{"id":5160,"date":"2025-02-18T11:04:42","date_gmt":"2025-02-18T10:04:42","guid":{"rendered":"https:\/\/wiejskieprzysmaki.estima.site\/produkt\/koncentrat-napoju-probiotycznego-kurkuma-imbir-pieprz-bezglutenowy-bio-500-ml-joy-day\/"},"modified":"2025-02-20T15:13:48","modified_gmt":"2025-02-20T14:13:48","slug":"koncentrat-napoju-probiotycznego-kurkuma-imbir-pieprz-bezglutenowy-bio-500-ml-joy-day","status":"publish","type":"product","link":"https:\/\/wiejskieprzysmaki.estima.site\/en\/product\/koncentrat-napoju-probiotycznego-kurkuma-imbir-pieprz-bezglutenowy-bio-500-ml-joy-day\/","title":{"rendered":"KONCENTRAT NAPOJU PROBIOTYCZNEGO KURKUMA IMBIR PIEPRZ BEZGLUTENOWY BIO 500 ml &#8211; JOY DAY"},"content":{"rendered":"<p>SK\u0141ADNIKI <br \/>zestaw \u017cywych szczep\u00f3w bakterii probiotycznych w postaci p\u0142ynnej (4&#215;10*7jtk\/ml)  (Lactobacillus rhamnosus GG, Lactobacillus rhamnosus LR 04, Lactobacillus rhamnosus LR 05, Lactobacillus acidophilus LA 1, Lactobacillus delbrueckii ssp. bulgaricus LB 2, Lactobacillus casei 101\/37, Lactobacillus plantarum LP 02, Lactobacillus plantarum LP 01, Lactobacillus fermentum LF2, Bifidobacterium breve BL 10, Bifidobacterium breve Bbr 8, Bifidobacterium longum BL 03, Bifidobacterium animals ssp. lactis Bi 1, Streptococcus thermophilus Z57, Streptococcus thermophilus 9Y), ekstrakt z fermentowanych sk\u0142adnik\u00f3w ro\u015blinnych* 40% (w tym korze\u0144 kurkumy* 49%, korze\u0144 imbiru* 49%, ziarna pieprzu* 2%) (*certyfikowany sk\u0142adnik ekologiczny)<\/p>\n<p>OPIS <br \/>Suplement diety. Charakteryzuje si\u0119 \u015bwie\u017cym aromatem i naturalnym, orze\u017awiaj\u0105cym smakiem. Bez dodatku cukr\u00f3w i substancji s\u0142odz\u0105cych. Zawiera naturalnie wyst\u0119puj\u0105ce cukry. Produkt nieklarowany i niepasteryzowany. Opakowanie 500 ml zawiera 50 porcji produktu.<\/p>\n<p>ZALECANE SPO\u017bYCIE I INNE UWAGI<br \/>Doro\u015bli: od 10 do 15 ml (2-3 \u0142y\u017ceczki) 3 razy dziennie rozcie\u0144czone w ok. 100 ml wody lub z innym dowolnym napojem.  <br \/>Dzieci powy\u017cej 3-go roku \u017cycia: 5 ml (1 \u0142y\u017ceczka) 3 razy dziennie rozcie\u0144czone w ok. 50 ml wody lub z innym napojem.<br \/>Nie nale\u017cy przekracza\u0107 dziennej zalecanej porcji spo\u017cycia. Utrzymanie prawid\u0142owego stanu zdrowia wymaga zr\u00f3wnowa\u017conego od\u017cywiania i prowadzenia zdrowego trybu \u017cycia. <br \/>Produkt nie mo\u017ce by\u0107 stosowany jako substytut zr\u00f3\u017cnicowanej diety. <br \/>Kwasowo\u015b\u0107 suplementu oraz mog\u0105ce powstawa\u0107: osad na dnie butelki, bia\u0142y nalot na powierzchni, gazy s\u0105 naturalnym efektem procesu fermentacji.<\/p>\n<p>ZALECNE WARUNKI PRZECHOWYWANIA <br \/>Przechowywa\u0107 w miejscu ch\u0142odnym i przyciemnionym, w spos\u00f3b niedost\u0119pny dla dzieci. Po otwarciu spo\u017cy\u0107 w ci\u0105gu 30 dni.<\/p>","protected":false},"excerpt":{"rendered":"<p>SK\u0141ADNIKI zestaw \u017cywych szczep\u00f3w bakterii probiotycznych w postaci p\u0142ynnej (4&#215;10*7jtk\/ml) (Lactobacillus rhamnosus GG, Lactobacillus rhamnosus LR 04, Lactobacillus rhamnosus LR 05, Lactobacillus acidophilus LA 1, Lactobacillus delbrueckii ssp. bulgaricus LB 2, Lactobacillus casei 101\/37, Lactobacillus plantarum LP 02, Lactobacillus plantarum LP 01, Lactobacillus fermentum LF2, Bifidobacterium breve BL 10, Bifidobacterium breve Bbr 8, Bifidobacterium longum [&hellip;]<\/p>","protected":false},"featured_media":5161,"comment_status":"closed","ping_status":"open","template":"","meta":{"_acf_changed":false},"product_brand":[],"product_cat":[3711,9057],"product_tag":[],"class_list":{"0":"post-5160","1":"product","2":"type-product","3":"status-publish","4":"has-post-thumbnail","6":"product_cat-produkty-w-plynie","7":"product_cat-suplementy-diety","8":"pa_ean-matka-4183","9":"pa_gwarancja-przydatnosci-324","10":"pa_ilosc-w-opakowaniu-298","11":"pa_jednostka-podstawowa-szt","12":"pa_kod-cn-2106-90-98","13":"pa_objetosc-brutto-4182","14":"pa_objetosc-netto-376","15":"pa_producent-joy-day-napoje-probiotyczne","16":"pa_producent-nazwa-adres-living-food-sp-z-o-o-graniczna-15-66-320-trzciel","17":"pa_tagi-bez-cukru-w-skladnikach","18":"pa_tagi-bez-glutenu-deklaracja","19":"pa_tagi-bez-glutenu-w-skladnikach","20":"pa_tagi-certyfikat-bio","21":"pa_tagi-weganski","22":"pa_tagi-wegetarianski","24":"first","25":"instock","26":"taxable","27":"shipping-taxable","28":"purchasable","29":"product-type-simple"},"acf":[],"_links":{"self":[{"href":"https:\/\/wiejskieprzysmaki.estima.site\/en\/wp-json\/wp\/v2\/product\/5160","targetHints":{"allow":["GET"]}}],"collection":[{"href":"https:\/\/wiejskieprzysmaki.estima.site\/en\/wp-json\/wp\/v2\/product"}],"about":[{"href":"https:\/\/wiejskieprzysmaki.estima.site\/en\/wp-json\/wp\/v2\/types\/product"}],"replies":[{"embeddable":true,"href":"https:\/\/wiejskieprzysmaki.estima.site\/en\/wp-json\/wp\/v2\/comments?post=5160"}],"wp:featuredmedia":[{"embeddable":true,"href":"https:\/\/wiejskieprzysmaki.estima.site\/en\/wp-json\/wp\/v2\/media\/5161"}],"wp:attachment":[{"href":"https:\/\/wiejskieprzysmaki.estima.site\/en\/wp-json\/wp\/v2\/media?parent=5160"}],"wp:term":[{"taxonomy":"product_brand","embeddable":true,"href":"https:\/\/wiejskieprzysmaki.estima.site\/en\/wp-json\/wp\/v2\/product_brand?post=5160"},{"taxonomy":"product_cat","embeddable":true,"href":"https:\/\/wiejskieprzysmaki.estima.site\/en\/wp-json\/wp\/v2\/product_cat?post=5160"},{"taxonomy":"product_tag","embeddable":true,"href":"https:\/\/wiejskieprzysmaki.estima.site\/en\/wp-json\/wp\/v2\/product_tag?post=5160"}],"curies":[{"name":"wp","href":"https:\/\/api.w.org\/{rel}","templated":true}]}}