{"id":5166,"date":"2025-02-18T11:04:42","date_gmt":"2025-02-18T10:04:42","guid":{"rendered":"https:\/\/wiejskieprzysmaki.estima.site\/produkt\/sok-jablkowo-malinowy-nfc-bio-300-ml-dolina-czerska\/"},"modified":"2025-02-18T11:04:59","modified_gmt":"2025-02-18T10:04:59","slug":"sok-jablkowo-malinowy-nfc-bio-300-ml-dolina-czerska","status":"publish","type":"product","link":"https:\/\/wiejskieprzysmaki.estima.site\/en\/product\/sok-jablkowo-malinowy-nfc-bio-300-ml-dolina-czerska\/","title":{"rendered":"SOK JAB\u0141KOWO &#8211; MALINOWY NFC BIO 300 ml &#8211; DOLINA CZERSKA"},"content":{"rendered":"<p>SK\u0141ADNIKI<br \/>bezpo\u015bredni sok jab\u0142kowy* 90 %,  bezpo\u015bredni sok malinowy* 10 %. (*certyfikowany sk\u0142adnik ekologiczny)<\/p>\n<p>OPIS<br \/>Sok bezpo\u015brednio t\u0142oczony NFC (nie z koncentratu) z owoc\u00f3w jab\u0142ek i malin.<br \/>Produkt pasteryzowany. Smak i konsystencja zale\u017cy od odmiany oraz stopnia dojrza\u0142o\u015bci owoc\u00f3w. M\u0119tno\u015b\u0107 i osad s\u0105 zjawiskiem naturalnym.<\/p>\n<p>WARTO\u015a\u0106 OD\u017bYWCZA W 100 ml <br \/>Warto\u015b\u0107 energetyczna: 203 kJ\/48 kcal <br \/>T\u0142uszcz: 0 g <br \/>w tym kwasy t\u0142uszczowe nasycone: 0 g <br \/>W\u0119glowodany: 9,1 g <br \/>w tym cukry: 8,7 g <br \/>B\u0142onnik: 0 g<br \/>Bia\u0142ko: 0,5 g <br \/>S\u00f3l: 0 g<\/p>\n<p>UWAGA<br \/>Smak i konsystencja mog\u0105 r\u00f3\u017cni\u0107 si\u0119 w zale\u017cno\u015bci od pory roku oraz odmiany u\u017cytego surowca, osad jest procesem naturalnym wyst\u0119puj\u0105cym w sokach.<br \/>Przed spo\u017cyciem wstrz\u0105sn\u0105\u0107.<\/p>\n<p>ZALECANE WARUNKI PRZECHOWYWANIA <br \/>Po otwarciu przechowywa\u0107 w lod\u00f3wce i spo\u017cy\u0107 w ci\u0105gu 24 godzin. <\/p>","protected":false},"excerpt":{"rendered":"<p>SK\u0141ADNIKIbezpo\u015bredni sok jab\u0142kowy* 90 %, bezpo\u015bredni sok malinowy* 10 %. (*certyfikowany sk\u0142adnik ekologiczny) OPISSok bezpo\u015brednio t\u0142oczony NFC (nie z koncentratu) z owoc\u00f3w jab\u0142ek i malin.Produkt pasteryzowany. Smak i konsystencja zale\u017cy od odmiany oraz stopnia dojrza\u0142o\u015bci owoc\u00f3w. M\u0119tno\u015b\u0107 i osad s\u0105 zjawiskiem naturalnym. WARTO\u015a\u0106 OD\u017bYWCZA W 100 ml Warto\u015b\u0107 energetyczna: 203 kJ\/48 kcal T\u0142uszcz: 0 g [&hellip;]<\/p>","protected":false},"featured_media":5167,"comment_status":"closed","ping_status":"open","template":"","meta":{"_acf_changed":false},"product_brand":[],"product_cat":[134,410],"product_tag":[],"class_list":{"0":"post-5166","1":"product","2":"type-product","3":"status-publish","4":"has-post-thumbnail","6":"product_cat-napoje","7":"product_cat-soki-owocowe-soki-owocowe-z-dodatkami","8":"pa_ean-matka-4188","9":"pa_gwarancja-przydatnosci-324","10":"pa_ilosc-w-opakowaniu-298","11":"pa_jednostka-podstawowa-szt","12":"pa_kod-cn-2009-90-98","13":"pa_objetosc-brutto-532","14":"pa_objetosc-netto-1012","15":"pa_producent-dolina-czerska-soki","16":"pa_producent-nazwa-adres-mbf-spolka-z-ograniczona-odpowiedzialnoscia-por-jana-bialka-7-9-05-530-gora-kalwaria","17":"pa_tagi-bez-cukru-w-skladnikach","18":"pa_tagi-bez-glutenu-w-skladnikach","19":"pa_tagi-certyfikat-bio","20":"pa_tagi-weganski","21":"pa_tagi-wegetarianski","23":"first","24":"instock","25":"taxable","26":"shipping-taxable","27":"purchasable","28":"product-type-simple"},"acf":[],"_links":{"self":[{"href":"https:\/\/wiejskieprzysmaki.estima.site\/en\/wp-json\/wp\/v2\/product\/5166","targetHints":{"allow":["GET"]}}],"collection":[{"href":"https:\/\/wiejskieprzysmaki.estima.site\/en\/wp-json\/wp\/v2\/product"}],"about":[{"href":"https:\/\/wiejskieprzysmaki.estima.site\/en\/wp-json\/wp\/v2\/types\/product"}],"replies":[{"embeddable":true,"href":"https:\/\/wiejskieprzysmaki.estima.site\/en\/wp-json\/wp\/v2\/comments?post=5166"}],"wp:featuredmedia":[{"embeddable":true,"href":"https:\/\/wiejskieprzysmaki.estima.site\/en\/wp-json\/wp\/v2\/media\/5167"}],"wp:attachment":[{"href":"https:\/\/wiejskieprzysmaki.estima.site\/en\/wp-json\/wp\/v2\/media?parent=5166"}],"wp:term":[{"taxonomy":"product_brand","embeddable":true,"href":"https:\/\/wiejskieprzysmaki.estima.site\/en\/wp-json\/wp\/v2\/product_brand?post=5166"},{"taxonomy":"product_cat","embeddable":true,"href":"https:\/\/wiejskieprzysmaki.estima.site\/en\/wp-json\/wp\/v2\/product_cat?post=5166"},{"taxonomy":"product_tag","embeddable":true,"href":"https:\/\/wiejskieprzysmaki.estima.site\/en\/wp-json\/wp\/v2\/product_tag?post=5166"}],"curies":[{"name":"wp","href":"https:\/\/api.w.org\/{rel}","templated":true}]}}