{"id":5194,"date":"2025-02-18T11:05:04","date_gmt":"2025-02-18T10:05:04","guid":{"rendered":"https:\/\/wiejskieprzysmaki.estima.site\/produkt\/cykoria-do-zaparzania-bio-250-g-lima\/"},"modified":"2025-02-20T15:23:14","modified_gmt":"2025-02-20T14:23:14","slug":"cykoria-do-zaparzania-bio-250-g-lima","status":"publish","type":"product","link":"https:\/\/wiejskieprzysmaki.estima.site\/en\/product\/cykoria-do-zaparzania-bio-250-g-lima\/","title":{"rendered":"CYKORIA DO ZAPARZANIA BIO 250 g \u2013 LIMA"},"content":{"rendered":"<p>SK\u0141ADNIKI <br \/>ekologiczna cykoria. <\/p>\n<p>OPIS<br \/>Cykoria to \u015bwietne zast\u0119pstwo tradycyjnej kawy prawdziwej. Pozbawiona kofeiny i bardzo smaczna jest produktem, kt\u00f3ry mo\u017cesz spo\u017cywa\u0107 ka\u017cdego dnia na \u015bniadanie.<br \/>Cykoria cechuje si\u0119 nie tylko doskona\u0142ym smakiem, ale te\u017c walorami zdrowotnymi. <br \/>Nap\u00f3j z uwagi na swoje naturalne w\u0142a\u015bciwo\u015bci z dodatkiem MLEKA mo\u017ce by\u0107 z powodzeniem podawany dzieciom na \u015bniadanie.<\/p>\n<p>SPOS\u00d3B PRZYGOTOWANIA <br \/>Wsypa\u0107 jedn\u0105 \u0142y\u017ceczk\u0119 cykorii do kubka i zala\u0107 wrz\u0105c\u0105 wod\u0105 lub wsypa\u0107 p\u00f3\u0142 \u0142y\u017ceczki cykorii i p\u00f3\u0142 \u0142y\u017ceczki kawy i zala\u0107 wrz\u0105c\u0105 wod\u0105. Producent zaleca przygotowanie cykorii przy pomocy filtra do parzenia kawy.<\/p>\n<p>WARTO\u015a\u0106 OD\u017bYWCZA W 100 g<br \/>Warto\u015b\u0107 energetyczna &#8211; 1390 kJ\/330 kcal<br \/>T\u0142uszcz &#8211; 1,2 g<br \/>w tym kwasy t\u0142uszczowe nasycone &#8211; 0,2 g<br \/>W\u0119glowodany &#8211; 65 g<br \/>w tym cukry &#8211; 10 g<br \/>B\u0142onnik- 20 g<br \/>Bia\u0142ko &#8211; 4,5 g<br \/>S\u00f3l &#8211; 0,25 g<\/p>\n<p>ZALECANE WARUNKI PRZECHOWYWANIA <br \/>Przechowywa\u0107 w suchym miejscu. <\/p>","protected":false},"excerpt":{"rendered":"<p>SK\u0141ADNIKI ekologiczna cykoria. OPISCykoria to \u015bwietne zast\u0119pstwo tradycyjnej kawy prawdziwej. Pozbawiona kofeiny i bardzo smaczna jest produktem, kt\u00f3ry mo\u017cesz spo\u017cywa\u0107 ka\u017cdego dnia na \u015bniadanie.Cykoria cechuje si\u0119 nie tylko doskona\u0142ym smakiem, ale te\u017c walorami zdrowotnymi. Nap\u00f3j z uwagi na swoje naturalne w\u0142a\u015bciwo\u015bci z dodatkiem MLEKA mo\u017ce by\u0107 z powodzeniem podawany dzieciom na \u015bniadanie. SPOS\u00d3B PRZYGOTOWANIA Wsypa\u0107 [&hellip;]<\/p>","protected":false},"featured_media":5195,"comment_status":"closed","ping_status":"open","template":"","meta":{"_acf_changed":false},"product_brand":[],"product_cat":[897],"product_tag":[],"class_list":{"0":"post-5194","1":"product","2":"type-product","3":"status-publish","4":"has-post-thumbnail","6":"product_cat-kawa-i-kakao","7":"pa_ean-matka-4217","8":"pa_gwarancja-przydatnosci-320","9":"pa_ilosc-w-opakowaniu-374","10":"pa_jednostka-podstawowa-szt","11":"pa_kod-cn-2101-30-11","12":"pa_kraj-pochodzenia-skladnikow-francja","13":"pa_masa-netto-480","14":"pa_objetosc-brutto-4216","15":"pa_producent-lima-sosy-sojowe-kawy-zbozowe","16":"pa_producent-nazwa-adres-lima-n-v-groendreef-101-9880-aalter","17":"pa_tagi-bez-cukru-w-skladnikach","18":"pa_tagi-bez-glutenu-w-skladnikach","19":"pa_tagi-certyfikat-bio","20":"pa_tagi-weganski","21":"pa_tagi-wegetarianski","23":"first","24":"instock","25":"taxable","26":"shipping-taxable","27":"purchasable","28":"product-type-simple"},"acf":[],"_links":{"self":[{"href":"https:\/\/wiejskieprzysmaki.estima.site\/en\/wp-json\/wp\/v2\/product\/5194","targetHints":{"allow":["GET"]}}],"collection":[{"href":"https:\/\/wiejskieprzysmaki.estima.site\/en\/wp-json\/wp\/v2\/product"}],"about":[{"href":"https:\/\/wiejskieprzysmaki.estima.site\/en\/wp-json\/wp\/v2\/types\/product"}],"replies":[{"embeddable":true,"href":"https:\/\/wiejskieprzysmaki.estima.site\/en\/wp-json\/wp\/v2\/comments?post=5194"}],"wp:featuredmedia":[{"embeddable":true,"href":"https:\/\/wiejskieprzysmaki.estima.site\/en\/wp-json\/wp\/v2\/media\/5195"}],"wp:attachment":[{"href":"https:\/\/wiejskieprzysmaki.estima.site\/en\/wp-json\/wp\/v2\/media?parent=5194"}],"wp:term":[{"taxonomy":"product_brand","embeddable":true,"href":"https:\/\/wiejskieprzysmaki.estima.site\/en\/wp-json\/wp\/v2\/product_brand?post=5194"},{"taxonomy":"product_cat","embeddable":true,"href":"https:\/\/wiejskieprzysmaki.estima.site\/en\/wp-json\/wp\/v2\/product_cat?post=5194"},{"taxonomy":"product_tag","embeddable":true,"href":"https:\/\/wiejskieprzysmaki.estima.site\/en\/wp-json\/wp\/v2\/product_tag?post=5194"}],"curies":[{"name":"wp","href":"https:\/\/api.w.org\/{rel}","templated":true}]}}