{"id":5204,"date":"2025-02-18T11:05:04","date_gmt":"2025-02-18T10:05:04","guid":{"rendered":"https:\/\/wiejskieprzysmaki.estima.site\/produkt\/kawa-ziarnista-bezkofeinowa-arabica-100-bio-250-g-quba-caffe\/"},"modified":"2025-02-20T15:23:56","modified_gmt":"2025-02-20T14:23:56","slug":"kawa-ziarnista-bezkofeinowa-arabica-100-bio-250-g-quba-caffe","status":"publish","type":"product","link":"https:\/\/wiejskieprzysmaki.estima.site\/en\/product\/kawa-ziarnista-bezkofeinowa-arabica-100-bio-250-g-quba-caffe\/","title":{"rendered":"KAWA ZIARNISTA BEZKOFEINOWA ARABICA 100 % BIO 250 g &#8211; QUBA CAFFE"},"content":{"rendered":"<p>SK\u0141ADNIKI<br \/>100 % kawa ziarnista arabica palona* (*certyfikowany sk\u0142adnik ekologiczny)<\/p>\n<p>OPIS  <br \/>Kawa bezkofeinowa nie jest w 100 % wolna od kofeiny. Wi\u0119kszo\u015b\u0107 kaw bezkofeinowych zawiera 2-3 % naturalnej kofeiny, zwykle od 1 do 7 miligram\u00f3w na fili\u017cank\u0119. W celu usuni\u0119cia kofeiny z zielonych ziaren moczy si\u0119 kaw\u0119 w wysokiej jako\u015bci wodzie, kt\u00f3ra jest dobrym rozpuszczalnikiem. Wyekstrahowany roztw\u00f3r przepuszcza si\u0119 przez filtry w\u0119glowe eliminuj\u0105c z niego niemal\u017ce do zera kofein\u0119. <br \/>Nasza kawa bezkofeinowa jest pozyskiwana metod\u0105 Swiss Water Process, w kt\u00f3rej kawa jest wolna od chemicznych dodatk\u00f3w i przetwarzana przy u\u017cyciu mo\u017cliwie najczystszej wody. W\u0142a\u015bnie dlatego ekologiczna kawa mo\u017ce zachowa\u0107 swoje certyfikaty ekologiczne.<br \/>Delikatny posmak mlecznej czekolady, wyczuwalne nuty s\u0142odu, zbo\u017ca i orzech\u00f3w.<\/p>\n<p>ZALECANE WARUNKI PRZECHOWYWANIA  <br \/>Przechowywa\u0107 w suchym i ch\u0142odnym miejscu, z dala od intensywnych zapach\u00f3w. Kaw\u0119 nale\u017cy mieli\u0107 bezpo\u015brednio przed zaparzeniem.<\/p>","protected":false},"excerpt":{"rendered":"<p>SK\u0141ADNIKI100 % kawa ziarnista arabica palona* (*certyfikowany sk\u0142adnik ekologiczny) OPIS Kawa bezkofeinowa nie jest w 100 % wolna od kofeiny. Wi\u0119kszo\u015b\u0107 kaw bezkofeinowych zawiera 2-3 % naturalnej kofeiny, zwykle od 1 do 7 miligram\u00f3w na fili\u017cank\u0119. W celu usuni\u0119cia kofeiny z zielonych ziaren moczy si\u0119 kaw\u0119 w wysokiej jako\u015bci wodzie, kt\u00f3ra jest dobrym rozpuszczalnikiem. Wyekstrahowany [&hellip;]<\/p>","protected":false},"featured_media":5205,"comment_status":"closed","ping_status":"open","template":"","meta":{"_acf_changed":false},"product_brand":[],"product_cat":[897],"product_tag":[],"class_list":{"0":"post-5204","1":"product","2":"type-product","3":"status-publish","4":"has-post-thumbnail","6":"product_cat-kawa-i-kakao","7":"pa_ean-matka-4224","8":"pa_gwarancja-przydatnosci-311","9":"pa_ilosc-w-opakowaniu-401","10":"pa_jednostka-podstawowa-szt","11":"pa_kod-cn-0901-21-00","12":"pa_kraj-pochodzenia-skladnikow-peru","13":"pa_masa-netto-480","14":"pa_objetosc-brutto-782","15":"pa_producent-quba-caffe-kawy-herbaty","16":"pa_producent-nazwa-adres-quba-cafe-serwis-kubiak-spolka-jawna-starorudzka-10b-93-418-lodz","17":"pa_tagi-bez-cukru-w-skladnikach","18":"pa_tagi-bez-glutenu-w-skladnikach","19":"pa_tagi-certyfikat-bio","20":"pa_tagi-weganski","21":"pa_tagi-wegetarianski","23":"first","24":"instock","25":"taxable","26":"shipping-taxable","27":"purchasable","28":"product-type-simple"},"acf":[],"_links":{"self":[{"href":"https:\/\/wiejskieprzysmaki.estima.site\/en\/wp-json\/wp\/v2\/product\/5204","targetHints":{"allow":["GET"]}}],"collection":[{"href":"https:\/\/wiejskieprzysmaki.estima.site\/en\/wp-json\/wp\/v2\/product"}],"about":[{"href":"https:\/\/wiejskieprzysmaki.estima.site\/en\/wp-json\/wp\/v2\/types\/product"}],"replies":[{"embeddable":true,"href":"https:\/\/wiejskieprzysmaki.estima.site\/en\/wp-json\/wp\/v2\/comments?post=5204"}],"wp:featuredmedia":[{"embeddable":true,"href":"https:\/\/wiejskieprzysmaki.estima.site\/en\/wp-json\/wp\/v2\/media\/5205"}],"wp:attachment":[{"href":"https:\/\/wiejskieprzysmaki.estima.site\/en\/wp-json\/wp\/v2\/media?parent=5204"}],"wp:term":[{"taxonomy":"product_brand","embeddable":true,"href":"https:\/\/wiejskieprzysmaki.estima.site\/en\/wp-json\/wp\/v2\/product_brand?post=5204"},{"taxonomy":"product_cat","embeddable":true,"href":"https:\/\/wiejskieprzysmaki.estima.site\/en\/wp-json\/wp\/v2\/product_cat?post=5204"},{"taxonomy":"product_tag","embeddable":true,"href":"https:\/\/wiejskieprzysmaki.estima.site\/en\/wp-json\/wp\/v2\/product_tag?post=5204"}],"curies":[{"name":"wp","href":"https:\/\/api.w.org\/{rel}","templated":true}]}}