{"id":5208,"date":"2025-02-18T11:05:04","date_gmt":"2025-02-18T10:05:04","guid":{"rendered":"https:\/\/wiejskieprzysmaki.estima.site\/produkt\/witamina-c-1000-mg-90-kapsulek-jantar\/"},"modified":"2025-02-20T15:13:48","modified_gmt":"2025-02-20T14:13:48","slug":"witamina-c-1000-mg-90-kapsulek-jantar","status":"publish","type":"product","link":"https:\/\/wiejskieprzysmaki.estima.site\/en\/product\/witamina-c-1000-mg-90-kapsulek-jantar\/","title":{"rendered":"WITAMINA C (1000 mg) 90 KAPSU\u0141EK &#8211; JANTAR"},"content":{"rendered":"<p>SK\u0141ADNIKI<br \/>witamina C (kwas L-askorbinowy), \u017celatyna, ekstrakt z gorzkiej pomara\u0144czy standaryzowany na 60 % bioflawonoid\u00f3w.<\/p>\n<p>Zalecana dzienna porcja do spo\u017cycia 1 kapsu\u0142ka zawiera:<br \/>witamina C &#8211; 1000 mg<br \/>ekstrakt z pomara\u0144czy &#8211; 40 mg <br \/>w tym bioflawonoidy &#8211; 24 mg<\/p>\n<p>OPIS <br \/>Suplement diety dla doros\u0142ych i dzieci powy\u017cej 12 roku \u017cycia. <\/p>\n<p>ZALECANE SPO\u017bYCIE I INNE UWAGI<br \/>Zalecana dzienna porcja do spo\u017cycia \u2013 1 kapsu\u0142ka dziennie. Spo\u017cywa\u0107 kapsu\u0142k\u0119 w trakcie posi\u0142ku, popijaj\u0105c wod\u0105. <br \/>Nie nale\u017cy przekracza\u0107 zalecanej porcji do spo\u017cycia w ci\u0105gu dnia. <br \/>Suplementy diety nie mog\u0105 by\u0107 stosowane jako substytut (zamiennik) zr\u00f3\u017cnicowanej diety. <\/p>\n<p>ZALECANE WARUNKI PRZECHOWYWANIA<br \/>Suplement diety powinien by\u0107 przechowywany w spos\u00f3b niedost\u0119pny dla ma\u0142ych dzieci, w suchym i ch\u0142odnym miejscu. Chroni\u0107 przed wilgoci\u0105 i bezpo\u015brednim dzia\u0142aniem promieni s\u0142onecznych.<\/p>","protected":false},"excerpt":{"rendered":"<p>SK\u0141ADNIKIwitamina C (kwas L-askorbinowy), \u017celatyna, ekstrakt z gorzkiej pomara\u0144czy standaryzowany na 60 % bioflawonoid\u00f3w. Zalecana dzienna porcja do spo\u017cycia 1 kapsu\u0142ka zawiera:witamina C &#8211; 1000 mgekstrakt z pomara\u0144czy &#8211; 40 mg w tym bioflawonoidy &#8211; 24 mg OPIS Suplement diety dla doros\u0142ych i dzieci powy\u017cej 12 roku \u017cycia. ZALECANE SPO\u017bYCIE I INNE UWAGIZalecana dzienna porcja [&hellip;]<\/p>","protected":false},"featured_media":5209,"comment_status":"closed","ping_status":"open","template":"","meta":{"_acf_changed":false},"product_brand":[],"product_cat":[1497,9057],"product_tag":[],"class_list":{"0":"post-5208","1":"product","2":"type-product","3":"status-publish","4":"has-post-thumbnail","6":"product_cat-kapsulki-tabletki","7":"product_cat-suplementy-diety","8":"pa_ean-matka-4227","9":"pa_gwarancja-przydatnosci-311","10":"pa_ilosc-w-opakowaniu-4226","11":"pa_jednostka-podstawowa-szt","12":"pa_kod-cn-2106-90-92","13":"pa_masa-netto-2520","14":"pa_objetosc-brutto-3391","15":"pa_producent-jantar-woda-i-suplementy","16":"pa_producent-nazwa-adres-jantar-dystrybucja-sp-z-o-o-zurawia-24-78-100-kolobrzeg","17":"pa_tagi-bez-cukru-w-skladnikach","18":"pa_tagi-bez-glutenu-w-skladnikach","20":"first","21":"instock","22":"taxable","23":"shipping-taxable","24":"purchasable","25":"product-type-simple"},"acf":[],"_links":{"self":[{"href":"https:\/\/wiejskieprzysmaki.estima.site\/en\/wp-json\/wp\/v2\/product\/5208","targetHints":{"allow":["GET"]}}],"collection":[{"href":"https:\/\/wiejskieprzysmaki.estima.site\/en\/wp-json\/wp\/v2\/product"}],"about":[{"href":"https:\/\/wiejskieprzysmaki.estima.site\/en\/wp-json\/wp\/v2\/types\/product"}],"replies":[{"embeddable":true,"href":"https:\/\/wiejskieprzysmaki.estima.site\/en\/wp-json\/wp\/v2\/comments?post=5208"}],"wp:featuredmedia":[{"embeddable":true,"href":"https:\/\/wiejskieprzysmaki.estima.site\/en\/wp-json\/wp\/v2\/media\/5209"}],"wp:attachment":[{"href":"https:\/\/wiejskieprzysmaki.estima.site\/en\/wp-json\/wp\/v2\/media?parent=5208"}],"wp:term":[{"taxonomy":"product_brand","embeddable":true,"href":"https:\/\/wiejskieprzysmaki.estima.site\/en\/wp-json\/wp\/v2\/product_brand?post=5208"},{"taxonomy":"product_cat","embeddable":true,"href":"https:\/\/wiejskieprzysmaki.estima.site\/en\/wp-json\/wp\/v2\/product_cat?post=5208"},{"taxonomy":"product_tag","embeddable":true,"href":"https:\/\/wiejskieprzysmaki.estima.site\/en\/wp-json\/wp\/v2\/product_tag?post=5208"}],"curies":[{"name":"wp","href":"https:\/\/api.w.org\/{rel}","templated":true}]}}