{"id":5214,"date":"2025-02-18T11:05:20","date_gmt":"2025-02-18T10:05:20","guid":{"rendered":"https:\/\/wiejskieprzysmaki.estima.site\/produkt\/anchois-sardele-filety-w-bio-oliwie-z-oliwek-extra-virgin-78-g-la-bio-idea\/"},"modified":"2025-02-18T11:05:20","modified_gmt":"2025-02-18T10:05:20","slug":"anchois-sardele-filety-w-bio-oliwie-z-oliwek-extra-virgin-78-g-la-bio-idea","status":"publish","type":"product","link":"https:\/\/wiejskieprzysmaki.estima.site\/en\/product\/anchois-sardele-filety-w-bio-oliwie-z-oliwek-extra-virgin-78-g-la-bio-idea\/","title":{"rendered":"ANCHOIS (SARDELE) FILETY W BIO OLIWIE Z OLIWEK EXTRA VIRGIN 78 g &#8211; LA BIO IDEA"},"content":{"rendered":"<p>SK\u0141ADNIKI<br \/>Filety z SARDELI (55 %) (SARDELE, s\u00f3l); ekologiczna oliwa z oliwek extra virgin (45 %).  <\/p>\n<p>WARTO\u015a\u0106 OD\u017bYWCZA W 100 g  <br \/>Warto\u015b\u0107 energetyczna: 742 kJ\/177 kcal  <br \/>T\u0142uszcz: 7,2 g  <br \/>w tym kwasy t\u0142uszczowe nasycone: 0 g  <br \/>W\u0119glowodany: 1,1 g  <br \/>w tym cukry: 0 g  <br \/>Bia\u0142ko: 26,9 g  <br \/>S\u00f3l: 16 g  <\/p>\n<p>ZALECANE WARUNKI PRZECHOWYWANIA<br \/>Przechowywa\u0107 w ch\u0142odnym miejscu<\/p>","protected":false},"excerpt":{"rendered":"<p>SK\u0141ADNIKIFilety z SARDELI (55 %) (SARDELE, s\u00f3l); ekologiczna oliwa z oliwek extra virgin (45 %). WARTO\u015a\u0106 OD\u017bYWCZA W 100 g Warto\u015b\u0107 energetyczna: 742 kJ\/177 kcal T\u0142uszcz: 7,2 g w tym kwasy t\u0142uszczowe nasycone: 0 g W\u0119glowodany: 1,1 g w tym cukry: 0 g Bia\u0142ko: 26,9 g S\u00f3l: 16 g ZALECANE WARUNKI PRZECHOWYWANIAPrzechowywa\u0107 w ch\u0142odnym miejscu<\/p>","protected":false},"featured_media":5215,"comment_status":"closed","ping_status":"open","template":"","meta":{"_acf_changed":false},"product_brand":[],"product_cat":[1567],"product_tag":[],"class_list":{"0":"post-5214","1":"product","2":"type-product","3":"status-publish","4":"has-post-thumbnail","6":"product_cat-wedliny","7":"pa_ean-matka-4234","8":"pa_gwarancja-przydatnosci-320","9":"pa_ilosc-w-opakowaniu-374","10":"pa_jednostka-podstawowa-szt","11":"pa_kod-cn-1604-16-00","12":"pa_kraj-pochodzenia-skladnikow-turcja","13":"pa_masa-netto-4232","14":"pa_objetosc-brutto-4233","15":"pa_producent-la-bio-idea-makarony-straczkowesosy-pomidorowe","16":"pa_producent-nazwa-adres-do-it-consumer-products-bv-hermesweg-7-3771-nd-barneveld","17":"pa_tagi-bez-cukru-w-skladnikach","18":"pa_tagi-bez-glutenu-w-skladnikach","19":"pa_tagi-certyfikat-bio","21":"first","22":"instock","23":"taxable","24":"shipping-taxable","25":"purchasable","26":"product-type-simple"},"acf":[],"_links":{"self":[{"href":"https:\/\/wiejskieprzysmaki.estima.site\/en\/wp-json\/wp\/v2\/product\/5214","targetHints":{"allow":["GET"]}}],"collection":[{"href":"https:\/\/wiejskieprzysmaki.estima.site\/en\/wp-json\/wp\/v2\/product"}],"about":[{"href":"https:\/\/wiejskieprzysmaki.estima.site\/en\/wp-json\/wp\/v2\/types\/product"}],"replies":[{"embeddable":true,"href":"https:\/\/wiejskieprzysmaki.estima.site\/en\/wp-json\/wp\/v2\/comments?post=5214"}],"wp:featuredmedia":[{"embeddable":true,"href":"https:\/\/wiejskieprzysmaki.estima.site\/en\/wp-json\/wp\/v2\/media\/5215"}],"wp:attachment":[{"href":"https:\/\/wiejskieprzysmaki.estima.site\/en\/wp-json\/wp\/v2\/media?parent=5214"}],"wp:term":[{"taxonomy":"product_brand","embeddable":true,"href":"https:\/\/wiejskieprzysmaki.estima.site\/en\/wp-json\/wp\/v2\/product_brand?post=5214"},{"taxonomy":"product_cat","embeddable":true,"href":"https:\/\/wiejskieprzysmaki.estima.site\/en\/wp-json\/wp\/v2\/product_cat?post=5214"},{"taxonomy":"product_tag","embeddable":true,"href":"https:\/\/wiejskieprzysmaki.estima.site\/en\/wp-json\/wp\/v2\/product_tag?post=5214"}],"curies":[{"name":"wp","href":"https:\/\/api.w.org\/{rel}","templated":true}]}}