{"id":5218,"date":"2025-02-18T11:05:20","date_gmt":"2025-02-18T10:05:20","guid":{"rendered":"https:\/\/wiejskieprzysmaki.estima.site\/produkt\/sos-pomidorowy-passata-z-bazylia-bio-680-g-la-bio-idea\/"},"modified":"2025-02-18T11:05:22","modified_gmt":"2025-02-18T10:05:22","slug":"sos-pomidorowy-passata-z-bazylia-bio-680-g-la-bio-idea","status":"publish","type":"product","link":"https:\/\/wiejskieprzysmaki.estima.site\/en\/product\/sos-pomidorowy-passata-z-bazylia-bio-680-g-la-bio-idea\/","title":{"rendered":"SOS POMIDOROWY PASSATA Z BAZYLI\u0104 BIO 680 g &#8211; LA BIO IDEA"},"content":{"rendered":"<p>SK\u0141ADNIKI <br \/>Przetarte pomidory*, bazylia* (0,4 %). (*certyfikowany sk\u0142adnik ekologiczny)  <\/p>\n<p>WARTO\u015a\u0106 OD\u017bYWCZA W 100 g  <br \/>Warto\u015b\u0107 energetyczna: 120 kJ\/29 kcal  <br \/>T\u0142uszcz: 0,5 g  <br \/>w tym kwasy t\u0142uszczowe nasycone: 0,9 g  <br \/>W\u0119glowodany: 4,8 g  <br \/>w tym cukry: 4,1 g  <br \/>Bia\u0142ko: 1,2 g  <br \/>S\u00f3l: 0,1 g  <\/p>\n<p>ZALECANE WARUNKI PRZECHOWYWANIA<br \/>Przechowywa\u0107 w suchym i ch\u0142odnym miejscu<\/p>","protected":false},"excerpt":{"rendered":"<p>SK\u0141ADNIKI Przetarte pomidory*, bazylia* (0,4 %). (*certyfikowany sk\u0142adnik ekologiczny) WARTO\u015a\u0106 OD\u017bYWCZA W 100 g Warto\u015b\u0107 energetyczna: 120 kJ\/29 kcal T\u0142uszcz: 0,5 g w tym kwasy t\u0142uszczowe nasycone: 0,9 g W\u0119glowodany: 4,8 g w tym cukry: 4,1 g Bia\u0142ko: 1,2 g S\u00f3l: 0,1 g ZALECANE WARUNKI PRZECHOWYWANIAPrzechowywa\u0107 w suchym i ch\u0142odnym miejscu<\/p>","protected":false},"featured_media":5219,"comment_status":"closed","ping_status":"open","template":"","meta":{"_acf_changed":false},"product_brand":[],"product_cat":[95,94],"product_tag":[],"class_list":{"0":"post-5218","1":"product","2":"type-product","3":"status-publish","4":"has-post-thumbnail","6":"product_cat-ketchupy-koncentraty-sosy-pomidorowe","7":"product_cat-sosy","8":"pa_ean-matka-4236","9":"pa_gwarancja-przydatnosci-320","10":"pa_ilosc-w-opakowaniu-374","11":"pa_jednostka-podstawowa-szt","12":"pa_kod-cn-2002-90-19","13":"pa_kraj-pochodzenia-skladnikow-turcja","14":"pa_masa-netto-1165","15":"pa_objetosc-brutto-1240","16":"pa_producent-la-bio-idea-makarony-straczkowesosy-pomidorowe","17":"pa_producent-nazwa-adres-do-it-consumer-products-bv-hermesweg-7-3771-nd-barneveld","18":"pa_tagi-bez-cukru-w-skladnikach","19":"pa_tagi-bez-glutenu-w-skladnikach","20":"pa_tagi-certyfikat-bio","21":"pa_tagi-weganski","22":"pa_tagi-wegetarianski","24":"first","25":"instock","26":"taxable","27":"shipping-taxable","28":"purchasable","29":"product-type-simple"},"acf":[],"_links":{"self":[{"href":"https:\/\/wiejskieprzysmaki.estima.site\/en\/wp-json\/wp\/v2\/product\/5218","targetHints":{"allow":["GET"]}}],"collection":[{"href":"https:\/\/wiejskieprzysmaki.estima.site\/en\/wp-json\/wp\/v2\/product"}],"about":[{"href":"https:\/\/wiejskieprzysmaki.estima.site\/en\/wp-json\/wp\/v2\/types\/product"}],"replies":[{"embeddable":true,"href":"https:\/\/wiejskieprzysmaki.estima.site\/en\/wp-json\/wp\/v2\/comments?post=5218"}],"wp:featuredmedia":[{"embeddable":true,"href":"https:\/\/wiejskieprzysmaki.estima.site\/en\/wp-json\/wp\/v2\/media\/5219"}],"wp:attachment":[{"href":"https:\/\/wiejskieprzysmaki.estima.site\/en\/wp-json\/wp\/v2\/media?parent=5218"}],"wp:term":[{"taxonomy":"product_brand","embeddable":true,"href":"https:\/\/wiejskieprzysmaki.estima.site\/en\/wp-json\/wp\/v2\/product_brand?post=5218"},{"taxonomy":"product_cat","embeddable":true,"href":"https:\/\/wiejskieprzysmaki.estima.site\/en\/wp-json\/wp\/v2\/product_cat?post=5218"},{"taxonomy":"product_tag","embeddable":true,"href":"https:\/\/wiejskieprzysmaki.estima.site\/en\/wp-json\/wp\/v2\/product_tag?post=5218"}],"curies":[{"name":"wp","href":"https:\/\/api.w.org\/{rel}","templated":true}]}}