{"id":5242,"date":"2025-02-18T11:05:20","date_gmt":"2025-02-18T10:05:20","guid":{"rendered":"https:\/\/wiejskieprzysmaki.estima.site\/produkt\/ryz-czerwony-pelnoziarnisty-bio-5-kg-horeca-bio-planet\/"},"modified":"2025-02-18T11:05:31","modified_gmt":"2025-02-18T10:05:31","slug":"ryz-czerwony-pelnoziarnisty-bio-5-kg-horeca-bio-planet","status":"publish","type":"product","link":"https:\/\/wiejskieprzysmaki.estima.site\/en\/product\/ryz-czerwony-pelnoziarnisty-bio-5-kg-horeca-bio-planet\/","title":{"rendered":"RY\u017b CZERWONY PE\u0141NOZIARNISTY BIO 5 kg &#8211; HORECA (BIO PLANET)"},"content":{"rendered":"<p>SK\u0141ADNIKI<br \/>ry\u017c czerwony pe\u0142noziarnisty* 100% (*certyfikowany sk\u0142adnik ekologiczny)<\/p>\n<p>OPIS<br \/>Ekologiczny ry\u017c czerwony pe\u0142noziarnisty charakteryzuje si\u0119 niezwykle s\u0142odkim smakiem oraz orzechowym aromatem. Podaje si\u0119 go g\u0142\u00f3wnie do wykwintnych potraw oraz deser\u00f3w z egzotycznymi owocami. Dzi\u0119ki swojej oryginalnej barwie doskonale nadaje si\u0119 r\u00f3wnie\u017c do sa\u0142atek.<\/p>\n<p>SPOS\u00d3B PRZYGOTOWANIA<br \/>Uprzednio wyp\u0142ukany ry\u017c gotowa\u0107 w proporcji 1:2 (1 porcja ry\u017cu na 2 porcje wody) na ma\u0142ym ogniu ok. 40 min.<\/p>\n<p>WARTO\u015a\u0106 OD\u017bYWCZA W 100 g<br \/>Warto\u015b\u0107 energetyczna &#8211; 1486 kJ \/ 351 kcal<br \/>T\u0142uszcz &#8211; 2,2 g<br \/>w tym kwasy t\u0142uszczowe nasycone &#8211; 0,3 g<br \/>W\u0119glowodany &#8211; 74 g,<br \/> w tym cukry &#8211; 1,7 g<br \/>B\u0142onnik &#8211; 3,0 g<br \/>Bia\u0142ko &#8211; 7,2 g<br \/>S\u00f3l &#8211; 0 g<\/p>\n<p>ZALECANE WARUNKI PRZECHOWYWANIA<br \/>Przechowywa\u0107 w suchym i ch\u0142odnym miejscu.<\/p>","protected":false},"excerpt":{"rendered":"<p>SK\u0141ADNIKIry\u017c czerwony pe\u0142noziarnisty* 100% (*certyfikowany sk\u0142adnik ekologiczny) OPISEkologiczny ry\u017c czerwony pe\u0142noziarnisty charakteryzuje si\u0119 niezwykle s\u0142odkim smakiem oraz orzechowym aromatem. Podaje si\u0119 go g\u0142\u00f3wnie do wykwintnych potraw oraz deser\u00f3w z egzotycznymi owocami. Dzi\u0119ki swojej oryginalnej barwie doskonale nadaje si\u0119 r\u00f3wnie\u017c do sa\u0142atek. SPOS\u00d3B PRZYGOTOWANIAUprzednio wyp\u0142ukany ry\u017c gotowa\u0107 w proporcji 1:2 (1 porcja ry\u017cu na 2 porcje [&hellip;]<\/p>","protected":false},"featured_media":5243,"comment_status":"closed","ping_status":"open","template":"","meta":{"_acf_changed":false},"product_brand":[],"product_cat":[313],"product_tag":[],"class_list":{"0":"post-5242","1":"product","2":"type-product","3":"status-publish","4":"has-post-thumbnail","6":"product_cat-ryze-i-kasze","7":"pa_ean-matka-552","8":"pa_ean-matka-4257","9":"pa_gwarancja-przydatnosci-311","10":"pa_ilosc-w-opakowaniu-340","11":"pa_jednostka-podstawowa-szt","12":"pa_kod-cn-1006-20-98","13":"pa_kraj-pochodzenia-skladnikow-kambodza","14":"pa_masa-netto-1488","15":"pa_objetosc-brutto-1815","16":"pa_producent-horeca-bio-pozostale","17":"pa_producent-nazwa-adres-bio-planet-s-a-wilkowa-wies-7-05-084-leszno","18":"pa_tagi-bez-cukru-w-skladnikach","19":"pa_tagi-bez-glutenu-w-skladnikach","20":"pa_tagi-certyfikat-bio","21":"pa_tagi-weganski","22":"pa_tagi-wegetarianski","24":"first","25":"instock","26":"taxable","27":"shipping-taxable","28":"purchasable","29":"product-type-simple"},"acf":[],"_links":{"self":[{"href":"https:\/\/wiejskieprzysmaki.estima.site\/en\/wp-json\/wp\/v2\/product\/5242","targetHints":{"allow":["GET"]}}],"collection":[{"href":"https:\/\/wiejskieprzysmaki.estima.site\/en\/wp-json\/wp\/v2\/product"}],"about":[{"href":"https:\/\/wiejskieprzysmaki.estima.site\/en\/wp-json\/wp\/v2\/types\/product"}],"replies":[{"embeddable":true,"href":"https:\/\/wiejskieprzysmaki.estima.site\/en\/wp-json\/wp\/v2\/comments?post=5242"}],"wp:featuredmedia":[{"embeddable":true,"href":"https:\/\/wiejskieprzysmaki.estima.site\/en\/wp-json\/wp\/v2\/media\/5243"}],"wp:attachment":[{"href":"https:\/\/wiejskieprzysmaki.estima.site\/en\/wp-json\/wp\/v2\/media?parent=5242"}],"wp:term":[{"taxonomy":"product_brand","embeddable":true,"href":"https:\/\/wiejskieprzysmaki.estima.site\/en\/wp-json\/wp\/v2\/product_brand?post=5242"},{"taxonomy":"product_cat","embeddable":true,"href":"https:\/\/wiejskieprzysmaki.estima.site\/en\/wp-json\/wp\/v2\/product_cat?post=5242"},{"taxonomy":"product_tag","embeddable":true,"href":"https:\/\/wiejskieprzysmaki.estima.site\/en\/wp-json\/wp\/v2\/product_tag?post=5242"}],"curies":[{"name":"wp","href":"https:\/\/api.w.org\/{rel}","templated":true}]}}