{"id":5252,"date":"2025-02-18T11:05:20","date_gmt":"2025-02-18T10:05:20","guid":{"rendered":"https:\/\/wiejskieprzysmaki.estima.site\/produkt\/herbata-czarna-lisciasta-assam-bio-130-g-ecoblik\/"},"modified":"2025-02-18T11:05:34","modified_gmt":"2025-02-18T10:05:34","slug":"herbata-czarna-lisciasta-assam-bio-130-g-ecoblik","status":"publish","type":"product","link":"https:\/\/wiejskieprzysmaki.estima.site\/en\/product\/herbata-czarna-lisciasta-assam-bio-130-g-ecoblik\/","title":{"rendered":"HERBATA CZARNA LI\u015aCIASTA ASSAM BIO 130 g &#8211; ECOBLIK"},"content":{"rendered":"<p>SK\u0141ADNIKI<br \/>herbata Assam* 100 %. (*certyfikowany sk\u0142adnik ekologiczny)<\/p>\n<p>SPOS\u00d3B PRZYGOTOWANIA <br \/>Aby otrzyma\u0107 mocny, wyrazisty napar, zaleca si\u0119 wsypa\u0107 1 \u0142y\u017ceczk\u0119 herbaty assam do fili\u017canki o pojemno\u015bci 200 ml. Nast\u0119pnie zala\u0107 li\u015bcie gor\u0105c\u0105 ale nie wrz\u0105c\u0105 wod\u0105 &#8211; najlepiej o temperaturze 95-96 \u2103. Napar parzy\u0107 pod przykryciem oko\u0142o 3 minuty, a nast\u0119pnie odcedzi\u0107. <\/p>\n<p>ZALECANE WARUNKI PRZECHOWYWANIA <br \/>Przechowywa\u0107 w suchym miejscu.<\/p>","protected":false},"excerpt":{"rendered":"<p>SK\u0141ADNIKIherbata Assam* 100 %. (*certyfikowany sk\u0142adnik ekologiczny) SPOS\u00d3B PRZYGOTOWANIA Aby otrzyma\u0107 mocny, wyrazisty napar, zaleca si\u0119 wsypa\u0107 1 \u0142y\u017ceczk\u0119 herbaty assam do fili\u017canki o pojemno\u015bci 200 ml. Nast\u0119pnie zala\u0107 li\u015bcie gor\u0105c\u0105 ale nie wrz\u0105c\u0105 wod\u0105 &#8211; najlepiej o temperaturze 95-96 \u2103. Napar parzy\u0107 pod przykryciem oko\u0142o 3 minuty, a nast\u0119pnie odcedzi\u0107. ZALECANE WARUNKI PRZECHOWYWANIA Przechowywa\u0107 [&hellip;]<\/p>","protected":false},"featured_media":5253,"comment_status":"closed","ping_status":"open","template":"","meta":{"_acf_changed":false},"product_brand":[],"product_cat":[1267,282],"product_tag":[],"class_list":{"0":"post-5252","1":"product","2":"type-product","3":"status-publish","4":"has-post-thumbnail","6":"product_cat-czarne-w-tym-z-dodatkami","7":"product_cat-herbaty-i-ziola","8":"pa_ean-matka-4265","9":"pa_gwarancja-przydatnosci-320","10":"pa_ilosc-w-opakowaniu-366","11":"pa_jednostka-podstawowa-szt","12":"pa_kod-cn-0902-30-00","13":"pa_masa-netto-1849","14":"pa_objetosc-brutto-4099","15":"pa_producent-ecoblik-herbatki","16":"pa_producent-nazwa-adres-medicaline-konrad-malitka-ostrowiec-150-05-480-karczew","17":"pa_tagi-bez-cukru-w-skladnikach","18":"pa_tagi-bez-glutenu-w-skladnikach","19":"pa_tagi-certyfikat-bio","20":"pa_tagi-weganski","21":"pa_tagi-wegetarianski","23":"first","24":"instock","25":"taxable","26":"shipping-taxable","27":"purchasable","28":"product-type-simple"},"acf":[],"_links":{"self":[{"href":"https:\/\/wiejskieprzysmaki.estima.site\/en\/wp-json\/wp\/v2\/product\/5252","targetHints":{"allow":["GET"]}}],"collection":[{"href":"https:\/\/wiejskieprzysmaki.estima.site\/en\/wp-json\/wp\/v2\/product"}],"about":[{"href":"https:\/\/wiejskieprzysmaki.estima.site\/en\/wp-json\/wp\/v2\/types\/product"}],"replies":[{"embeddable":true,"href":"https:\/\/wiejskieprzysmaki.estima.site\/en\/wp-json\/wp\/v2\/comments?post=5252"}],"wp:featuredmedia":[{"embeddable":true,"href":"https:\/\/wiejskieprzysmaki.estima.site\/en\/wp-json\/wp\/v2\/media\/5253"}],"wp:attachment":[{"href":"https:\/\/wiejskieprzysmaki.estima.site\/en\/wp-json\/wp\/v2\/media?parent=5252"}],"wp:term":[{"taxonomy":"product_brand","embeddable":true,"href":"https:\/\/wiejskieprzysmaki.estima.site\/en\/wp-json\/wp\/v2\/product_brand?post=5252"},{"taxonomy":"product_cat","embeddable":true,"href":"https:\/\/wiejskieprzysmaki.estima.site\/en\/wp-json\/wp\/v2\/product_cat?post=5252"},{"taxonomy":"product_tag","embeddable":true,"href":"https:\/\/wiejskieprzysmaki.estima.site\/en\/wp-json\/wp\/v2\/product_tag?post=5252"}],"curies":[{"name":"wp","href":"https:\/\/api.w.org\/{rel}","templated":true}]}}