{"id":5256,"date":"2025-02-18T11:05:35","date_gmt":"2025-02-18T10:05:35","guid":{"rendered":"https:\/\/wiejskieprzysmaki.estima.site\/produkt\/syrop-na-stan-zapalny-gornych-drog-oddechowych-bio-200-ml-purasana\/"},"modified":"2025-02-20T15:13:48","modified_gmt":"2025-02-20T14:13:48","slug":"syrop-na-stan-zapalny-gornych-drog-oddechowych-bio-200-ml-purasana","status":"publish","type":"product","link":"https:\/\/wiejskieprzysmaki.estima.site\/en\/product\/syrop-na-stan-zapalny-gornych-drog-oddechowych-bio-200-ml-purasana\/","title":{"rendered":"SYROP NA STAN ZAPALNY G\u00d3RNYCH DR\u00d3G ODDECHOWYCH BIO 200 ml &#8211; PURASANA"},"content":{"rendered":"<p>SK\u0141ADNIKI <br \/>syrop z PSZENICY* (bezglutenowy), hydrolat z tymianku* (Thymus vulgaris), dzika r\u00f3\u017ca* (li\u015bcie) (Rosa canina L.), olsza czarna* (p\u0105ki) (Alnus glutinosa L. Gaertn), grab pospolity* (p\u0105ki) (Carpinus betulus L.), olejek eteryczny z cynamonowca kamforowego* (Cinnamomum camphora), zag\u0119szczony sok z cytryny* (Citrus limon L. Burm F.) (*sk\u0142adniki ekologiczne) <\/p>\n<p>OPIS <br \/>Suplement diety stosowany w celu \u0142agodzenia stanu zapalnego g\u00f3rnych dr\u00f3g oddechowych. P\u0105ki olszy czarnej wspieraj\u0105 uk\u0142ad odporno\u015bciowy, p\u0105ki grabu pospolitego maj\u0105 pozytywny wp\u0142yw na ilo\u015b\u0107 wydzielanego \u015bluzu. <\/p>\n<p>ZALECANE SPO\u017bYCIE I INNE UWAGI <br \/>Doustnie. Przed otwarciem wstrz\u0105sn\u0105\u0107. Spo\u017cywa\u0107 mi\u0119dzy posi\u0142kami. <br \/>Dzieci powy\u017cej 12 lat: 3 x 5 ml dziennie. <br \/>Doro\u015bli: 3 x 10 ml dziennie. <br \/>Nie przekracza\u0107 zalecanej dziennej porcji. Suplementy diety nie zast\u0119puj\u0105 zr\u00f3\u017cnicowanej i zbilansowanej diety oraz zdrowego stylu \u017cycia. Nie stosowa\u0107 u dzieci poni\u017cej 12 lat oraz w okresie ci\u0105\u017cy i laktacji.<\/p>\n<p>ZALECANE WARUNKI PRZECHOWYWANIA <br \/>Po otwarciu przechowywa\u0107 w lod\u00f3wce. Przechowywa\u0107 w spos\u00f3b niedost\u0119pny dla dzieci. <\/p>","protected":false},"excerpt":{"rendered":"<p>SK\u0141ADNIKI syrop z PSZENICY* (bezglutenowy), hydrolat z tymianku* (Thymus vulgaris), dzika r\u00f3\u017ca* (li\u015bcie) (Rosa canina L.), olsza czarna* (p\u0105ki) (Alnus glutinosa L. Gaertn), grab pospolity* (p\u0105ki) (Carpinus betulus L.), olejek eteryczny z cynamonowca kamforowego* (Cinnamomum camphora), zag\u0119szczony sok z cytryny* (Citrus limon L. Burm F.) (*sk\u0142adniki ekologiczne) OPIS Suplement diety stosowany w celu \u0142agodzenia stanu [&hellip;]<\/p>","protected":false},"featured_media":5257,"comment_status":"closed","ping_status":"open","template":"","meta":{"_acf_changed":false},"product_brand":[],"product_cat":[3711,9057],"product_tag":[],"class_list":{"0":"post-5256","1":"product","2":"type-product","3":"status-publish","4":"has-post-thumbnail","6":"product_cat-produkty-w-plynie","7":"product_cat-suplementy-diety","8":"pa_ean-matka-4267","9":"pa_gwarancja-przydatnosci-320","10":"pa_ilosc-w-opakowaniu-454","11":"pa_jednostka-podstawowa-szt","12":"pa_kod-cn-2106-90-98","13":"pa_kraj-pochodzenia-skladnikow-turcja","14":"pa_objetosc-brutto-3932","15":"pa_objetosc-netto-436","16":"pa_producent-purasana-suplementy-diety","17":"pa_producent-nazwa-adres-purasana-nv-heulestraat-104-8560-gullegem","18":"pa_tagi-bez-glutenu-w-skladnikach","19":"pa_tagi-certyfikat-bio","20":"pa_tagi-weganski","21":"pa_tagi-wegetarianski","23":"first","24":"instock","25":"taxable","26":"shipping-taxable","27":"purchasable","28":"product-type-simple"},"acf":[],"_links":{"self":[{"href":"https:\/\/wiejskieprzysmaki.estima.site\/en\/wp-json\/wp\/v2\/product\/5256","targetHints":{"allow":["GET"]}}],"collection":[{"href":"https:\/\/wiejskieprzysmaki.estima.site\/en\/wp-json\/wp\/v2\/product"}],"about":[{"href":"https:\/\/wiejskieprzysmaki.estima.site\/en\/wp-json\/wp\/v2\/types\/product"}],"replies":[{"embeddable":true,"href":"https:\/\/wiejskieprzysmaki.estima.site\/en\/wp-json\/wp\/v2\/comments?post=5256"}],"wp:featuredmedia":[{"embeddable":true,"href":"https:\/\/wiejskieprzysmaki.estima.site\/en\/wp-json\/wp\/v2\/media\/5257"}],"wp:attachment":[{"href":"https:\/\/wiejskieprzysmaki.estima.site\/en\/wp-json\/wp\/v2\/media?parent=5256"}],"wp:term":[{"taxonomy":"product_brand","embeddable":true,"href":"https:\/\/wiejskieprzysmaki.estima.site\/en\/wp-json\/wp\/v2\/product_brand?post=5256"},{"taxonomy":"product_cat","embeddable":true,"href":"https:\/\/wiejskieprzysmaki.estima.site\/en\/wp-json\/wp\/v2\/product_cat?post=5256"},{"taxonomy":"product_tag","embeddable":true,"href":"https:\/\/wiejskieprzysmaki.estima.site\/en\/wp-json\/wp\/v2\/product_tag?post=5256"}],"curies":[{"name":"wp","href":"https:\/\/api.w.org\/{rel}","templated":true}]}}