{"id":5258,"date":"2025-02-18T11:05:35","date_gmt":"2025-02-18T10:05:35","guid":{"rendered":"https:\/\/wiejskieprzysmaki.estima.site\/produkt\/jezowka-purpurowa-echinacea-forte-krople-bio-50-ml-purasana\/"},"modified":"2025-02-20T15:13:48","modified_gmt":"2025-02-20T14:13:48","slug":"jezowka-purpurowa-echinacea-forte-krople-bio-50-ml-purasana","status":"publish","type":"product","link":"https:\/\/wiejskieprzysmaki.estima.site\/en\/product\/jezowka-purpurowa-echinacea-forte-krople-bio-50-ml-purasana\/","title":{"rendered":"JE\u017b\u00d3WKA PURPUROWA (ECHINACEA FORTE) KROPLE BIO 50 ml &#8211; PURASANA"},"content":{"rendered":"<p>SK\u0141ADNIKI<br \/>ekstrakt z je\u017c\u00f3wki purpurowej* (Echinacea purpurea) 90 % (cz\u0119\u015bci naziemne 80 %, korze\u0144 20 %), ekstrakt z p\u0105czk\u00f3w olszy czarnej* (Alnus glutinosa), topola czarna* (Populus nigra), czarna porzeczka* (Ribes nigrum), alkohol*, woda, emulgator: gliceryna*.  (*certyfikowany sk\u0142adnik ekologiczny)<\/p>\n<p>OPIS<br \/>Suplement diety na bazie 90 % Echinacea purpurea (ekstrakt z ca\u0142ej ro\u015bliny) i 10 % Alnus glutinosa (ekstrakt z p\u0105czk\u00f3w). Te naturalne sk\u0142adniki pomagaj\u0105 zwi\u0119kszy\u0107 i utrzyma\u0107 odporno\u015b\u0107. Ponadto ten suplement pomaga w \u0142agodzeniu infekcji dr\u00f3g oddechowych. Zawarto\u015b\u0107 alkoholu 60,8 %.  <\/p>\n<p>ZALECANE SPO\u017bYCIE I INNE UWAGI <br \/>3 x dziennie 30 kropli.  <br \/>Zim\u0105 5 x dziennie 40 kropli rozpu\u015bci\u0107 w wodzie lub soku.  <br \/>Nie nale\u017cy przekracza\u0107 zalecanej porcji do spo\u017cycia w ci\u0105gu dnia. Suplement diet nie mo\u017ce by\u0107 stosowany jako substytut zr\u00f3\u017cnicowanej diety. <br \/>Nie stosowa\u0107 w okresie ci\u0105\u017cy i laktacji. Skonsultuj si\u0119 z lekarzem lub farmaceut\u0105 w przypadku jednoczesnego stosowania lek\u00f3w przeciwzakrzepowych. <br \/>Nie stosowa\u0107 u dzieci i m\u0142odzie\u017cy w wieku poni\u017cej 18 lat.  <br \/>Zr\u00f3wnowa\u017cony spos\u00f3b \u017cywienia i zdrowy tryb \u017cycia s\u0105 podstaw\u0105 zapewnienia prawid\u0142owego funkcjonowania organizmu.<\/p>\n<p>ZALECANE WARUNKI PRZECHOWYWANIA <br \/>Przechowywa\u0107 w spos\u00f3b niedost\u0119pny dla ma\u0142ych dzieci.<\/p>","protected":false},"excerpt":{"rendered":"<p>SK\u0141ADNIKIekstrakt z je\u017c\u00f3wki purpurowej* (Echinacea purpurea) 90 % (cz\u0119\u015bci naziemne 80 %, korze\u0144 20 %), ekstrakt z p\u0105czk\u00f3w olszy czarnej* (Alnus glutinosa), topola czarna* (Populus nigra), czarna porzeczka* (Ribes nigrum), alkohol*, woda, emulgator: gliceryna*. (*certyfikowany sk\u0142adnik ekologiczny) OPISSuplement diety na bazie 90 % Echinacea purpurea (ekstrakt z ca\u0142ej ro\u015bliny) i 10 % Alnus glutinosa (ekstrakt [&hellip;]<\/p>","protected":false},"featured_media":5259,"comment_status":"closed","ping_status":"open","template":"","meta":{"_acf_changed":false},"product_brand":[],"product_cat":[3711,9057],"product_tag":[],"class_list":{"0":"post-5258","1":"product","2":"type-product","3":"status-publish","4":"has-post-thumbnail","6":"product_cat-produkty-w-plynie","7":"product_cat-suplementy-diety","8":"pa_ean-matka-4270","9":"pa_gwarancja-przydatnosci-320","10":"pa_ilosc-w-opakowaniu-331","11":"pa_jednostka-podstawowa-szt","12":"pa_kod-cn-2106-90-98","13":"pa_kraj-pochodzenia-skladnikow-turcja","14":"pa_objetosc-brutto-4269","15":"pa_objetosc-netto-4268","16":"pa_producent-purasana-suplementy-diety","17":"pa_producent-nazwa-adres-purasana-nv-heulestraat-104-8560-gullegem","18":"pa_tagi-bez-cukru-w-skladnikach","19":"pa_tagi-bez-glutenu-w-skladnikach","20":"pa_tagi-certyfikat-bio","21":"pa_tagi-weganski","22":"pa_tagi-wegetarianski","24":"first","25":"instock","26":"taxable","27":"shipping-taxable","28":"purchasable","29":"product-type-simple"},"acf":[],"_links":{"self":[{"href":"https:\/\/wiejskieprzysmaki.estima.site\/en\/wp-json\/wp\/v2\/product\/5258","targetHints":{"allow":["GET"]}}],"collection":[{"href":"https:\/\/wiejskieprzysmaki.estima.site\/en\/wp-json\/wp\/v2\/product"}],"about":[{"href":"https:\/\/wiejskieprzysmaki.estima.site\/en\/wp-json\/wp\/v2\/types\/product"}],"replies":[{"embeddable":true,"href":"https:\/\/wiejskieprzysmaki.estima.site\/en\/wp-json\/wp\/v2\/comments?post=5258"}],"wp:featuredmedia":[{"embeddable":true,"href":"https:\/\/wiejskieprzysmaki.estima.site\/en\/wp-json\/wp\/v2\/media\/5259"}],"wp:attachment":[{"href":"https:\/\/wiejskieprzysmaki.estima.site\/en\/wp-json\/wp\/v2\/media?parent=5258"}],"wp:term":[{"taxonomy":"product_brand","embeddable":true,"href":"https:\/\/wiejskieprzysmaki.estima.site\/en\/wp-json\/wp\/v2\/product_brand?post=5258"},{"taxonomy":"product_cat","embeddable":true,"href":"https:\/\/wiejskieprzysmaki.estima.site\/en\/wp-json\/wp\/v2\/product_cat?post=5258"},{"taxonomy":"product_tag","embeddable":true,"href":"https:\/\/wiejskieprzysmaki.estima.site\/en\/wp-json\/wp\/v2\/product_tag?post=5258"}],"curies":[{"name":"wp","href":"https:\/\/api.w.org\/{rel}","templated":true}]}}