{"id":5262,"date":"2025-02-18T11:05:35","date_gmt":"2025-02-18T10:05:35","guid":{"rendered":"https:\/\/wiejskieprzysmaki.estima.site\/produkt\/ekstrakt-waniliowy-bio-50-ml-royal-brand\/"},"modified":"2025-02-18T11:05:37","modified_gmt":"2025-02-18T10:05:37","slug":"ekstrakt-waniliowy-bio-50-ml-royal-brand","status":"publish","type":"product","link":"https:\/\/wiejskieprzysmaki.estima.site\/en\/product\/ekstrakt-waniliowy-bio-50-ml-royal-brand\/","title":{"rendered":"EKSTRAKT WANILIOWY BIO 50 ml &#8211; ROYAL BRAND"},"content":{"rendered":"<p>SK\u0141ADNIKI<br \/>woda, cukier trzcinowy*, ekstrat waniliowy* (alkohol* 50 %), cukier inwertowany*. (*certyfikowany sk\u0142adnik ekologiczny)  <\/p>\n<p>OPIS<br \/>Naturalny aromat waniliowy. Idealny do napoj\u00f3w, deser\u00f3w, wypiek\u00f3w. \u015awietnie nadaje si\u0119 jako dodatek do truskawek ze \u015bmietan\u0105.  <\/p>\n<p>ZALECANE WARUNKI PRZECHOWYWANIA<br \/>Przechowywa\u0107 w zacienionym miejscu w temperaturze pokojowej  <\/p>","protected":false},"excerpt":{"rendered":"<p>SK\u0141ADNIKIwoda, cukier trzcinowy*, ekstrat waniliowy* (alkohol* 50 %), cukier inwertowany*. (*certyfikowany sk\u0142adnik ekologiczny) OPISNaturalny aromat waniliowy. Idealny do napoj\u00f3w, deser\u00f3w, wypiek\u00f3w. \u015awietnie nadaje si\u0119 jako dodatek do truskawek ze \u015bmietan\u0105. ZALECANE WARUNKI PRZECHOWYWANIAPrzechowywa\u0107 w zacienionym miejscu w temperaturze pokojowej<\/p>","protected":false},"featured_media":5263,"comment_status":"closed","ping_status":"open","template":"","meta":{"_acf_changed":false},"product_brand":[],"product_cat":[36],"product_tag":[],"class_list":{"0":"post-5262","1":"product","2":"type-product","3":"status-publish","4":"has-post-thumbnail","6":"product_cat-dodatki-do-wypiekow-i-deserow","7":"pa_ean-matka-4274","8":"pa_gwarancja-przydatnosci-320","9":"pa_ilosc-w-opakowaniu-331","10":"pa_jednostka-podstawowa-szt","11":"pa_kod-cn-2103-90-90","12":"pa_kraj-pochodzenia-skladnikow-turcja","13":"pa_objetosc-brutto-3571","14":"pa_objetosc-netto-4268","15":"pa_producent-royal-brand-aromaty","16":"pa_producent-nazwa-adres-p-h-royal-spolka-z-ograniczona-odpowiedzialnoscia-wolska-84-86-01-141-warszawa","17":"pa_tagi-bez-glutenu-w-skladnikach","18":"pa_tagi-certyfikat-bio","19":"pa_tagi-weganski","20":"pa_tagi-wegetarianski","22":"first","23":"instock","24":"taxable","25":"shipping-taxable","26":"purchasable","27":"product-type-simple"},"acf":[],"_links":{"self":[{"href":"https:\/\/wiejskieprzysmaki.estima.site\/en\/wp-json\/wp\/v2\/product\/5262","targetHints":{"allow":["GET"]}}],"collection":[{"href":"https:\/\/wiejskieprzysmaki.estima.site\/en\/wp-json\/wp\/v2\/product"}],"about":[{"href":"https:\/\/wiejskieprzysmaki.estima.site\/en\/wp-json\/wp\/v2\/types\/product"}],"replies":[{"embeddable":true,"href":"https:\/\/wiejskieprzysmaki.estima.site\/en\/wp-json\/wp\/v2\/comments?post=5262"}],"wp:featuredmedia":[{"embeddable":true,"href":"https:\/\/wiejskieprzysmaki.estima.site\/en\/wp-json\/wp\/v2\/media\/5263"}],"wp:attachment":[{"href":"https:\/\/wiejskieprzysmaki.estima.site\/en\/wp-json\/wp\/v2\/media?parent=5262"}],"wp:term":[{"taxonomy":"product_brand","embeddable":true,"href":"https:\/\/wiejskieprzysmaki.estima.site\/en\/wp-json\/wp\/v2\/product_brand?post=5262"},{"taxonomy":"product_cat","embeddable":true,"href":"https:\/\/wiejskieprzysmaki.estima.site\/en\/wp-json\/wp\/v2\/product_cat?post=5262"},{"taxonomy":"product_tag","embeddable":true,"href":"https:\/\/wiejskieprzysmaki.estima.site\/en\/wp-json\/wp\/v2\/product_tag?post=5262"}],"curies":[{"name":"wp","href":"https:\/\/api.w.org\/{rel}","templated":true}]}}