{"id":5280,"date":"2025-02-18T11:05:35","date_gmt":"2025-02-18T10:05:35","guid":{"rendered":"https:\/\/wiejskieprzysmaki.estima.site\/produkt\/kombucha-z-hibiskusem-bio-500-ml-delikatna\/"},"modified":"2025-02-18T11:05:52","modified_gmt":"2025-02-18T10:05:52","slug":"kombucha-z-hibiskusem-bio-500-ml-delikatna","status":"publish","type":"product","link":"https:\/\/wiejskieprzysmaki.estima.site\/en\/product\/kombucha-z-hibiskusem-bio-500-ml-delikatna\/","title":{"rendered":"KOMBUCHA Z HIBISKUSEM BIO 500 ml &#8211; DELIKATNA"},"content":{"rendered":"<p>SK\u0141ADNIKI<br \/>napar z czarnej herbaty* 95 % (woda, cukier trzcinowy*, czarna herbata* 1 %, \u017cywe kultury scoby*), kwiat hibiskusa* 5 %. (*certyfikowany sk\u0142adnik ekologiczny)<\/p>\n<p>OPIS  <br \/>Nap\u00f3j naturalnie musuj\u0105cy na bazie naparu z herbaty z hibiskusem, poddany procesowi fermentacji. Ma przyjemny, lekko kwaskowaty smak. Jest idealn\u0105 alternatyw\u0105 dla piw i napoj\u00f3w gazowanych.<\/p>\n<p>WARTO\u015a\u0106 OD\u017bYWCZA W 100 ml<br \/>Warto\u015b\u0107 energetyczna: 18 kJ\/4 kcal  <br \/>T\u0142uszcz: <0,1 g  <br \/>w tym kwasy t\u0142uszczowe nasycone: 0 g  <br \/>W\u0119glowodany: <0,5 g  <br \/>w tym cukry: <0,5 g  <br \/>Bia\u0142ko: 0 g  <br \/>S\u00f3l: 0 g<\/p>\n<p>INFORMACJA ALERGENNA<br \/>Mo\u017ce zawiera\u0107 SOJ\u0118, GORCZYC\u0118.<\/p>\n<p>UWAGA<br \/>Nap\u00f3j mo\u017ce zawiera\u0107 do 1,2 % alkoholu. Je\u017celi w Twojej butelce widzisz zawiesin\u0119, jest to naturalny grzyb herbaciany. Wykorzystaj go do przygotowania w\u0142asnej kombuchy.<\/p>\n<p>ZALECANE WARUNKI PRZECHOWYWANIA<br \/>Przechowywa\u0107 w temperaturze od +2\u00b0C do +8\u00b0C. Po otwarciu spo\u017cy\u0107 w ci\u0105gu 7 dni.<\/p>","protected":false},"excerpt":{"rendered":"<p>SK\u0141ADNIKInapar z czarnej herbaty* 95 % (woda, cukier trzcinowy*, czarna herbata* 1 %, \u017cywe kultury scoby*), kwiat hibiskusa* 5 %. (*certyfikowany sk\u0142adnik ekologiczny) OPIS Nap\u00f3j naturalnie musuj\u0105cy na bazie naparu z herbaty z hibiskusem, poddany procesowi fermentacji. Ma przyjemny, lekko kwaskowaty smak. Jest idealn\u0105 alternatyw\u0105 dla piw i napoj\u00f3w gazowanych. WARTO\u015a\u0106 OD\u017bYWCZA W 100 mlWarto\u015b\u0107 [&hellip;]<\/p>","protected":false},"featured_media":5281,"comment_status":"closed","ping_status":"open","template":"","meta":{"_acf_changed":false},"product_brand":[],"product_cat":[274,4283],"product_tag":[],"class_list":{"0":"post-5280","1":"product","2":"type-product","3":"status-publish","4":"has-post-thumbnail","6":"product_cat-lodowka-inne","7":"product_cat-napoje-chlodnicze","8":"pa_ean-matka-4290","9":"pa_gwarancja-przydatnosci-324","10":"pa_ilosc-w-opakowaniu-374","11":"pa_jednostka-podstawowa-szt","12":"pa_kod-cn-2202-99-19","13":"pa_objetosc-brutto-4281","14":"pa_objetosc-netto-376","15":"pa_producent-delikatna-kombucha-kimchi-zakwas","16":"pa_producent-nazwa-adres-ekologiczna-przetwornia-mikolaj-bator-balladyny-33-81-524-gdynia","17":"pa_tagi-bez-glutenu-w-skladnikach","18":"pa_tagi-certyfikat-bio","19":"pa_tagi-weganski","20":"pa_tagi-wegetarianski","22":"first","23":"instock","24":"taxable","25":"shipping-taxable","26":"purchasable","27":"product-type-simple"},"acf":[],"_links":{"self":[{"href":"https:\/\/wiejskieprzysmaki.estima.site\/en\/wp-json\/wp\/v2\/product\/5280","targetHints":{"allow":["GET"]}}],"collection":[{"href":"https:\/\/wiejskieprzysmaki.estima.site\/en\/wp-json\/wp\/v2\/product"}],"about":[{"href":"https:\/\/wiejskieprzysmaki.estima.site\/en\/wp-json\/wp\/v2\/types\/product"}],"replies":[{"embeddable":true,"href":"https:\/\/wiejskieprzysmaki.estima.site\/en\/wp-json\/wp\/v2\/comments?post=5280"}],"wp:featuredmedia":[{"embeddable":true,"href":"https:\/\/wiejskieprzysmaki.estima.site\/en\/wp-json\/wp\/v2\/media\/5281"}],"wp:attachment":[{"href":"https:\/\/wiejskieprzysmaki.estima.site\/en\/wp-json\/wp\/v2\/media?parent=5280"}],"wp:term":[{"taxonomy":"product_brand","embeddable":true,"href":"https:\/\/wiejskieprzysmaki.estima.site\/en\/wp-json\/wp\/v2\/product_brand?post=5280"},{"taxonomy":"product_cat","embeddable":true,"href":"https:\/\/wiejskieprzysmaki.estima.site\/en\/wp-json\/wp\/v2\/product_cat?post=5280"},{"taxonomy":"product_tag","embeddable":true,"href":"https:\/\/wiejskieprzysmaki.estima.site\/en\/wp-json\/wp\/v2\/product_tag?post=5280"}],"curies":[{"name":"wp","href":"https:\/\/api.w.org\/{rel}","templated":true}]}}