{"id":5316,"date":"2025-02-18T11:06:01","date_gmt":"2025-02-18T10:06:01","guid":{"rendered":"https:\/\/wiejskieprzysmaki.estima.site\/produkt\/mieszanka-na-brownie-bezglutenowa-bio-400-g-bauck-hof\/"},"modified":"2025-02-18T11:06:13","modified_gmt":"2025-02-18T10:06:13","slug":"mieszanka-na-brownie-bezglutenowa-bio-400-g-bauck-hof","status":"publish","type":"product","link":"https:\/\/wiejskieprzysmaki.estima.site\/en\/product\/mieszanka-na-brownie-bezglutenowa-bio-400-g-bauck-hof\/","title":{"rendered":"MIESZANKA NA BROWNIE BEZGLUTENOWA BIO 400 g &#8211; BAUCK HOF"},"content":{"rendered":"<p>SK\u0141ADNIKI<br \/>cukier*, m\u0105ka kukurydziana*, p\u0142atki czekolady* 15 % (surowy cukier trzcinowy*, miazga kakaowa*, t\u0142uszcz kakaowy*, emulgator: lecytyny (ze s\u0142onecznika*), m\u0105ka ry\u017cowa pe\u0142noziarnista*, kakao w proszku o obni\u017conej zawarto\u015bci t\u0142uszczu* 8 %, substancja zag\u0119szczaj\u0105ca: guma guar*, mielone \u0142upiny babki jajowatej*, s\u00f3l kamienna, wanilia w proszku*. (*certyfikowany sk\u0142adnik ekologiczny)<\/p>\n<p>SPOS\u00d3B PRZYGOTOWANIA <br \/>CIASTO BROWNIE: Rozgrza\u0107 piekarnik do 175 stopni Celsjusza. Zawarto\u015b\u0107 opakowania wymiesza\u0107 z 200 g mi\u0119kkiego MAS\u0141A, 2 jajkami i 100 ml MLEKA, aby uzyska\u0107 g\u0142adk\u0105 mas\u0119. Mas\u0119 rozprowadzi\u0107 w formie do pieczenia (ok. 20 x 20 cm). Piec przez 25 minut. <br \/>CIASTO WEGETARIA\u0143SKIE: Rozgrza\u0107 piekarnik do 175 stopni Celsjusza. Zawarto\u015b\u0107 opakowania wymiesza\u0107 na g\u0142adk\u0105 mas\u0119 ze 150 g mi\u0119kkiej margaryny i 100 ml napoju ro\u015blinnego (np. owsianego lub sojowego). Aby ciasto by\u0142o bardziej wilgotne mo\u017cna doda\u0107 50 g skrobi kukurydzianej. Mas\u0119 rozprowadzi\u0107 w formie do pieczenia (ok. 20 x 20 cm). Piec przez 25 minut.<\/p>\n<p>WARTO\u015a\u0106 OD\u017bYWCZA W 100 g<br \/>Warto\u015b\u0107 energetyczna: 1669 kJ\/395 kcal <br \/>T\u0142uszcz: 5,3 g <br \/>w tym kwasy t\u0142uszczowe nasycone: 3,1 g <br \/>W\u0119glowodany: 81 g <br \/>w tym cukry: 54 g <br \/>B\u0142onnik: 4,2 g <br \/>Bia\u0142ko: 4,0 g <br \/>S\u00f3l: 0,17 g<\/p>\n<p>INFORMACJA ALERGENNA <br \/>Mo\u017ce zawiera\u0107 MLEKO, SOJ\u0118, ORZECHY, GORCZYC\u0118, \u0141UBIN i nasiona SEZAMU.<\/p>\n<p>ZALECANE WARUNKI PRZECHOWYWANIA <br \/>Przechowywa\u0107 w ch\u0142odnym i suchym miejscu. <\/p>","protected":false},"excerpt":{"rendered":"<p>SK\u0141ADNIKIcukier*, m\u0105ka kukurydziana*, p\u0142atki czekolady* 15 % (surowy cukier trzcinowy*, miazga kakaowa*, t\u0142uszcz kakaowy*, emulgator: lecytyny (ze s\u0142onecznika*), m\u0105ka ry\u017cowa pe\u0142noziarnista*, kakao w proszku o obni\u017conej zawarto\u015bci t\u0142uszczu* 8 %, substancja zag\u0119szczaj\u0105ca: guma guar*, mielone \u0142upiny babki jajowatej*, s\u00f3l kamienna, wanilia w proszku*. (*certyfikowany sk\u0142adnik ekologiczny) SPOS\u00d3B PRZYGOTOWANIA CIASTO BROWNIE: Rozgrza\u0107 piekarnik do 175 stopni [&hellip;]<\/p>","protected":false},"featured_media":5317,"comment_status":"closed","ping_status":"open","template":"","meta":{"_acf_changed":false},"product_brand":[],"product_cat":[722],"product_tag":[],"class_list":{"0":"post-5316","1":"product","2":"type-product","3":"status-publish","4":"has-post-thumbnail","6":"product_cat-mieszanki-do-przygotowywania-potraw","7":"pa_ean-matka-4318","8":"pa_gwarancja-przydatnosci-324","9":"pa_ilosc-w-opakowaniu-298","10":"pa_jednostka-podstawowa-szt","11":"pa_kod-cn-1901-20-00","12":"pa_kraj-pochodzenia-skladnikow-turcja","13":"pa_masa-netto-268","14":"pa_objetosc-brutto-2169","15":"pa_producent-bauck-hof-mieszanki-do-wypiekow","16":"pa_producent-nazwa-adres-bauck-gmbh-duhenweitz-4-29571-rosche","17":"pa_tagi-bez-glutenu-deklaracja","18":"pa_tagi-bez-glutenu-w-skladnikach","19":"pa_tagi-certyfikat-bio","20":"pa_tagi-weganski","21":"pa_tagi-wegetarianski","23":"first","24":"instock","25":"taxable","26":"shipping-taxable","27":"purchasable","28":"product-type-simple"},"acf":[],"_links":{"self":[{"href":"https:\/\/wiejskieprzysmaki.estima.site\/en\/wp-json\/wp\/v2\/product\/5316","targetHints":{"allow":["GET"]}}],"collection":[{"href":"https:\/\/wiejskieprzysmaki.estima.site\/en\/wp-json\/wp\/v2\/product"}],"about":[{"href":"https:\/\/wiejskieprzysmaki.estima.site\/en\/wp-json\/wp\/v2\/types\/product"}],"replies":[{"embeddable":true,"href":"https:\/\/wiejskieprzysmaki.estima.site\/en\/wp-json\/wp\/v2\/comments?post=5316"}],"wp:featuredmedia":[{"embeddable":true,"href":"https:\/\/wiejskieprzysmaki.estima.site\/en\/wp-json\/wp\/v2\/media\/5317"}],"wp:attachment":[{"href":"https:\/\/wiejskieprzysmaki.estima.site\/en\/wp-json\/wp\/v2\/media?parent=5316"}],"wp:term":[{"taxonomy":"product_brand","embeddable":true,"href":"https:\/\/wiejskieprzysmaki.estima.site\/en\/wp-json\/wp\/v2\/product_brand?post=5316"},{"taxonomy":"product_cat","embeddable":true,"href":"https:\/\/wiejskieprzysmaki.estima.site\/en\/wp-json\/wp\/v2\/product_cat?post=5316"},{"taxonomy":"product_tag","embeddable":true,"href":"https:\/\/wiejskieprzysmaki.estima.site\/en\/wp-json\/wp\/v2\/product_tag?post=5316"}],"curies":[{"name":"wp","href":"https:\/\/api.w.org\/{rel}","templated":true}]}}