{"id":5326,"date":"2025-02-18T11:06:01","date_gmt":"2025-02-18T10:06:01","guid":{"rendered":"https:\/\/wiejskieprzysmaki.estima.site\/produkt\/miesko-w-galaretce-bio-180-g-smak-eko\/"},"modified":"2025-02-18T11:06:18","modified_gmt":"2025-02-18T10:06:18","slug":"miesko-w-galaretce-bio-180-g-smak-eko","status":"publish","type":"product","link":"https:\/\/wiejskieprzysmaki.estima.site\/en\/product\/miesko-w-galaretce-bio-180-g-smak-eko\/","title":{"rendered":"MI\u0118SKO W GALARETCE BIO 180 g &#8211; SMAK EKO"},"content":{"rendered":"<p>SK\u0141ADNIKI  <br \/>mi\u0119so wieprzowe* 81 %, woda, \u017celatyna wieprzowa*, s\u00f3l (warzona i morska), przyprawy* (w tym pieprz*, cebula*) i ekstrakty przypraw, m\u0105ka ry\u017cowa*, regulator kwasowo\u015bci: cytryniany sodu, maltodekstyna*, przeciwutleniacz: askorbinian sodu. (*certyfikowany sk\u0142adnik ekologiczny)<\/p>\n<p>OPIS  <br \/>Konserwa wieprzowa grubo rozdrobniona sterylizowana.<\/p>\n<p>WARTO\u015a\u0106 OD\u017bYWCZA W 100 g  <br \/>Warto\u015b\u0107 energetyczna: 752 kJ\/180 kcal  <br \/>T\u0142uszcz: 12 g  <br \/>w tym kwasy t\u0142uszczowe nasycone: 4,8 g  <br \/>W\u0119glowodany: 0,9 g  <br \/>w tym cukry: 0,7 g  <br \/>Bia\u0142ko: 17 g  <br \/>S\u00f3l: 1,6 g<\/p>\n<p>ZALECANE WARUNKI PRZECHOWYWANIA<br \/>Przechowywa\u0107 w temperaturze od +2 \u00b0C do + 21 \u00b0C. Chroni\u0107 przed bezpo\u015brednim dzia\u0142aniem promieni s\u0142onecznych. Po otwarciu przechowywa\u0107 w lod\u00f3wce i spo\u017cy\u0107 w ciagu 48 godzin.  <\/p>","protected":false},"excerpt":{"rendered":"<p>SK\u0141ADNIKI mi\u0119so wieprzowe* 81 %, woda, \u017celatyna wieprzowa*, s\u00f3l (warzona i morska), przyprawy* (w tym pieprz*, cebula*) i ekstrakty przypraw, m\u0105ka ry\u017cowa*, regulator kwasowo\u015bci: cytryniany sodu, maltodekstyna*, przeciwutleniacz: askorbinian sodu. (*certyfikowany sk\u0142adnik ekologiczny) OPIS Konserwa wieprzowa grubo rozdrobniona sterylizowana. WARTO\u015a\u0106 OD\u017bYWCZA W 100 g Warto\u015b\u0107 energetyczna: 752 kJ\/180 kcal T\u0142uszcz: 12 g w tym kwasy [&hellip;]<\/p>","protected":false},"featured_media":5327,"comment_status":"closed","ping_status":"open","template":"","meta":{"_acf_changed":false},"product_brand":[],"product_cat":[1567],"product_tag":[],"class_list":{"0":"post-5326","1":"product","2":"type-product","3":"status-publish","4":"has-post-thumbnail","6":"product_cat-wedliny","7":"pa_ean-matka-4330","8":"pa_gwarancja-przydatnosci-320","9":"pa_ilosc-w-opakowaniu-374","10":"pa_jednostka-podstawowa-szt","11":"pa_kod-cn-1602-49-19","12":"pa_kraj-pochodzenia-skladnikow-turcja","13":"pa_masa-netto-432","14":"pa_objetosc-brutto-4327","15":"pa_producent-smak-eko-sloiki-miesne-smalec-pasztet","16":"pa_producent-nazwa-adres-zaklad-miesny-smak-gorno-spolka-z-ograniczona-odpowiedzialnoscia-centralna-4-36-051-gorno","17":"pa_tagi-bez-cukru-w-skladnikach","18":"pa_tagi-bez-glutenu-w-skladnikach","19":"pa_tagi-certyfikat-bio","21":"first","22":"instock","23":"taxable","24":"shipping-taxable","25":"purchasable","26":"product-type-simple"},"acf":[],"_links":{"self":[{"href":"https:\/\/wiejskieprzysmaki.estima.site\/en\/wp-json\/wp\/v2\/product\/5326","targetHints":{"allow":["GET"]}}],"collection":[{"href":"https:\/\/wiejskieprzysmaki.estima.site\/en\/wp-json\/wp\/v2\/product"}],"about":[{"href":"https:\/\/wiejskieprzysmaki.estima.site\/en\/wp-json\/wp\/v2\/types\/product"}],"replies":[{"embeddable":true,"href":"https:\/\/wiejskieprzysmaki.estima.site\/en\/wp-json\/wp\/v2\/comments?post=5326"}],"wp:featuredmedia":[{"embeddable":true,"href":"https:\/\/wiejskieprzysmaki.estima.site\/en\/wp-json\/wp\/v2\/media\/5327"}],"wp:attachment":[{"href":"https:\/\/wiejskieprzysmaki.estima.site\/en\/wp-json\/wp\/v2\/media?parent=5326"}],"wp:term":[{"taxonomy":"product_brand","embeddable":true,"href":"https:\/\/wiejskieprzysmaki.estima.site\/en\/wp-json\/wp\/v2\/product_brand?post=5326"},{"taxonomy":"product_cat","embeddable":true,"href":"https:\/\/wiejskieprzysmaki.estima.site\/en\/wp-json\/wp\/v2\/product_cat?post=5326"},{"taxonomy":"product_tag","embeddable":true,"href":"https:\/\/wiejskieprzysmaki.estima.site\/en\/wp-json\/wp\/v2\/product_tag?post=5326"}],"curies":[{"name":"wp","href":"https:\/\/api.w.org\/{rel}","templated":true}]}}