{"id":5328,"date":"2025-02-18T11:06:01","date_gmt":"2025-02-18T10:06:01","guid":{"rendered":"https:\/\/wiejskieprzysmaki.estima.site\/produkt\/pasztet-bio-180-g-smak-eko\/"},"modified":"2025-02-18T11:06:19","modified_gmt":"2025-02-18T10:06:19","slug":"pasztet-bio-180-g-smak-eko","status":"publish","type":"product","link":"https:\/\/wiejskieprzysmaki.estima.site\/en\/product\/pasztet-bio-180-g-smak-eko\/","title":{"rendered":"PASZTET BIO 180 g &#8211; SMAK EKO"},"content":{"rendered":"<p>SK\u0141ADNIKI  <br \/>mi\u0119so wieprzowe* 65 %, w\u0105troba wieprzowa* 12 %, t\u0142uszcz wieprzowy* 11 %, woda, tkanka \u0142\u0105czna wieprzowa* 1,1 %, s\u00f3l (warzona i morska), przyprawy* w tym (pieprz*, cebula*, ga\u0142ka muszkato\u0142owa*, li\u015b\u0107 laurowy*), m\u0105ka ry\u017cowa*. (* certyfikowany sk\u0142adnik ekologiczny)<\/p>\n<p>OPIS  <br \/>Konserwa mi\u0119sna podrobowa wieprzowa sterylizowana.<\/p>\n<p>WARTO\u015a\u0106 OD\u017bYWCZA W 100  g  <br \/>Warto\u015b\u0107 energetyczna: 1376 kJ\/333 kcal  <br \/>T\u0142uszcz: 31 g  <br \/>w tym kwasy t\u0142uszczowe nasycone: 12 g  <br \/>W\u0119glowodany: 0,6 g  <br \/>w tym cukry: <0,5 g  <br \/>Bia\u0142ko: 13  g  <br \/>S\u00f3l: 1,3 g<\/p>\n<p>ZALECANE WARUNKI PRZECHOWYWANIA<br \/>Przechowywa\u0107 w temperaturze od +2 do +21\u00b0C. Chroni\u0107 przed bezpo\u015brednim dzia\u0142aniem promieni s\u0142onecznych. Po otwarciu przechowywa\u0107 w lod\u00f3wce i spo\u017cy\u0107 w ciagu 48 godzin.  <\/p>","protected":false},"excerpt":{"rendered":"<p>SK\u0141ADNIKI mi\u0119so wieprzowe* 65 %, w\u0105troba wieprzowa* 12 %, t\u0142uszcz wieprzowy* 11 %, woda, tkanka \u0142\u0105czna wieprzowa* 1,1 %, s\u00f3l (warzona i morska), przyprawy* w tym (pieprz*, cebula*, ga\u0142ka muszkato\u0142owa*, li\u015b\u0107 laurowy*), m\u0105ka ry\u017cowa*. (* certyfikowany sk\u0142adnik ekologiczny) OPIS Konserwa mi\u0119sna podrobowa wieprzowa sterylizowana. WARTO\u015a\u0106 OD\u017bYWCZA W 100 g Warto\u015b\u0107 energetyczna: 1376 kJ\/333 kcal T\u0142uszcz: [&hellip;]<\/p>","protected":false},"featured_media":5329,"comment_status":"closed","ping_status":"open","template":"","meta":{"_acf_changed":false},"product_brand":[],"product_cat":[1567],"product_tag":[],"class_list":{"0":"post-5328","1":"product","2":"type-product","3":"status-publish","4":"has-post-thumbnail","6":"product_cat-wedliny","7":"pa_ean-matka-4332","8":"pa_gwarancja-przydatnosci-320","9":"pa_ilosc-w-opakowaniu-374","10":"pa_jednostka-podstawowa-szt","11":"pa_kod-cn-1602-32-19","12":"pa_kraj-pochodzenia-skladnikow-turcja","13":"pa_masa-netto-432","14":"pa_objetosc-brutto-4327","15":"pa_producent-smak-eko-sloiki-miesne-smalec-pasztet","16":"pa_producent-nazwa-adres-zaklad-miesny-smak-gorno-spolka-z-ograniczona-odpowiedzialnoscia-centralna-4-36-051-gorno","17":"pa_tagi-bez-cukru-w-skladnikach","18":"pa_tagi-bez-glutenu-w-skladnikach","19":"pa_tagi-certyfikat-bio","21":"first","22":"instock","23":"taxable","24":"shipping-taxable","25":"purchasable","26":"product-type-simple"},"acf":[],"_links":{"self":[{"href":"https:\/\/wiejskieprzysmaki.estima.site\/en\/wp-json\/wp\/v2\/product\/5328","targetHints":{"allow":["GET"]}}],"collection":[{"href":"https:\/\/wiejskieprzysmaki.estima.site\/en\/wp-json\/wp\/v2\/product"}],"about":[{"href":"https:\/\/wiejskieprzysmaki.estima.site\/en\/wp-json\/wp\/v2\/types\/product"}],"replies":[{"embeddable":true,"href":"https:\/\/wiejskieprzysmaki.estima.site\/en\/wp-json\/wp\/v2\/comments?post=5328"}],"wp:featuredmedia":[{"embeddable":true,"href":"https:\/\/wiejskieprzysmaki.estima.site\/en\/wp-json\/wp\/v2\/media\/5329"}],"wp:attachment":[{"href":"https:\/\/wiejskieprzysmaki.estima.site\/en\/wp-json\/wp\/v2\/media?parent=5328"}],"wp:term":[{"taxonomy":"product_brand","embeddable":true,"href":"https:\/\/wiejskieprzysmaki.estima.site\/en\/wp-json\/wp\/v2\/product_brand?post=5328"},{"taxonomy":"product_cat","embeddable":true,"href":"https:\/\/wiejskieprzysmaki.estima.site\/en\/wp-json\/wp\/v2\/product_cat?post=5328"},{"taxonomy":"product_tag","embeddable":true,"href":"https:\/\/wiejskieprzysmaki.estima.site\/en\/wp-json\/wp\/v2\/product_tag?post=5328"}],"curies":[{"name":"wp","href":"https:\/\/api.w.org\/{rel}","templated":true}]}}