{"id":5364,"date":"2025-02-18T11:06:21","date_gmt":"2025-02-18T10:06:21","guid":{"rendered":"https:\/\/wiejskieprzysmaki.estima.site\/produkt\/orkisz-ekspandowany-z-miodem-bio-210-g-biominki\/"},"modified":"2025-02-18T11:06:31","modified_gmt":"2025-02-18T10:06:31","slug":"orkisz-ekspandowany-z-miodem-bio-210-g-biominki","status":"publish","type":"product","link":"https:\/\/wiejskieprzysmaki.estima.site\/en\/product\/orkisz-ekspandowany-z-miodem-bio-210-g-biominki\/","title":{"rendered":"ORKISZ EKSPANDOWANY Z MIODEM BIO 210 g &#8211; BIOMINKI"},"content":{"rendered":"<p>ORKISZ ekspandowany w polewie z miodem<\/p>\n<p>SK\u0141ADNIKI<br \/>pszenica ORKISZ ekspandowana* 62,5 %, cukier trzcinowy*, mi\u00f3d* 5 %, olej rzepakowy* (*certyfikowany sk\u0142adnik ekologiczny)<\/p>\n<p>WARTO\u015a\u0106 OD\u017bYWCZA W 100 g<br \/>Warto\u015b\u0107 energetyczna: 1576 kJ\/372 kcal<br \/>T\u0142uszcz: 2,2 g<br \/>w tym kwasy t\u0142uszczowe nasycone: 0,2 g<br \/>W\u0119glowodany: 0,2 g<br \/>w tym cukry: 35 g<br \/>B\u0142onnik: 5,1 g<br \/>Bia\u0142ko: 8,5 g<br \/>S\u00f3l: <0,01 g\n\nZALECANE WARUNKI PRZECHOWYWANIA<br \/>Przechowywa\u0107 w suchym i ch\u0142odnym miejscu.<\/p>","protected":false},"excerpt":{"rendered":"<p>ORKISZ ekspandowany w polewie z miodem SK\u0141ADNIKIpszenica ORKISZ ekspandowana* 62,5 %, cukier trzcinowy*, mi\u00f3d* 5 %, olej rzepakowy* (*certyfikowany sk\u0142adnik ekologiczny) WARTO\u015a\u0106 OD\u017bYWCZA W 100 gWarto\u015b\u0107 energetyczna: 1576 kJ\/372 kcalT\u0142uszcz: 2,2 gw tym kwasy t\u0142uszczowe nasycone: 0,2 gW\u0119glowodany: 0,2 gw tym cukry: 35 gB\u0142onnik: 5,1 gBia\u0142ko: 8,5 gS\u00f3l:<\/p>","protected":false},"featured_media":5365,"comment_status":"closed","ping_status":"open","template":"","meta":{"_acf_changed":false},"product_brand":[],"product_cat":[266,265],"product_tag":[],"class_list":{"0":"post-5364","1":"product","2":"type-product","3":"status-publish","4":"has-post-thumbnail","6":"product_cat-nasiona-ekspandowane","7":"product_cat-sniadaniowe","8":"pa_ean-matka-4358","9":"pa_gwarancja-przydatnosci-324","10":"pa_ilosc-w-opakowaniu-374","11":"pa_jednostka-podstawowa-szt","12":"pa_kod-cn-1904-10-90","13":"pa_kraj-pochodzenia-skladnikow-rolnictwo-ue-spoza-ue","14":"pa_masa-netto-3982","15":"pa_objetosc-brutto-4357","16":"pa_producent-biominki-przekaski-dla-dzieci-kaszki","17":"pa_producent-nazwa-adres-bio-planet-s-a-wilkowa-wies-7-05-084-leszno","18":"pa_tagi-certyfikat-bio","19":"pa_tagi-wegetarianski","21":"first","22":"instock","23":"taxable","24":"shipping-taxable","25":"purchasable","26":"product-type-simple"},"acf":[],"_links":{"self":[{"href":"https:\/\/wiejskieprzysmaki.estima.site\/en\/wp-json\/wp\/v2\/product\/5364","targetHints":{"allow":["GET"]}}],"collection":[{"href":"https:\/\/wiejskieprzysmaki.estima.site\/en\/wp-json\/wp\/v2\/product"}],"about":[{"href":"https:\/\/wiejskieprzysmaki.estima.site\/en\/wp-json\/wp\/v2\/types\/product"}],"replies":[{"embeddable":true,"href":"https:\/\/wiejskieprzysmaki.estima.site\/en\/wp-json\/wp\/v2\/comments?post=5364"}],"wp:featuredmedia":[{"embeddable":true,"href":"https:\/\/wiejskieprzysmaki.estima.site\/en\/wp-json\/wp\/v2\/media\/5365"}],"wp:attachment":[{"href":"https:\/\/wiejskieprzysmaki.estima.site\/en\/wp-json\/wp\/v2\/media?parent=5364"}],"wp:term":[{"taxonomy":"product_brand","embeddable":true,"href":"https:\/\/wiejskieprzysmaki.estima.site\/en\/wp-json\/wp\/v2\/product_brand?post=5364"},{"taxonomy":"product_cat","embeddable":true,"href":"https:\/\/wiejskieprzysmaki.estima.site\/en\/wp-json\/wp\/v2\/product_cat?post=5364"},{"taxonomy":"product_tag","embeddable":true,"href":"https:\/\/wiejskieprzysmaki.estima.site\/en\/wp-json\/wp\/v2\/product_tag?post=5364"}],"curies":[{"name":"wp","href":"https:\/\/api.w.org\/{rel}","templated":true}]}}