{"id":5370,"date":"2025-02-18T11:06:21","date_gmt":"2025-02-18T10:06:21","guid":{"rendered":"https:\/\/wiejskieprzysmaki.estima.site\/produkt\/oliwki-zielone-z-pestka-w-zalewie-bio-300-g-165-g-nefeli\/"},"modified":"2025-02-18T11:06:34","modified_gmt":"2025-02-18T10:06:34","slug":"oliwki-zielone-z-pestka-w-zalewie-bio-300-g-165-g-nefeli","status":"publish","type":"product","link":"https:\/\/wiejskieprzysmaki.estima.site\/en\/product\/oliwki-zielone-z-pestka-w-zalewie-bio-300-g-165-g-nefeli\/","title":{"rendered":"OLIWKI ZIELONE Z PESTK\u0104 W ZALEWIE BIO 300 g (165 g) &#8211; NEFELI"},"content":{"rendered":"<p>SK\u0141ADNIKI <br \/>oliwki zielone z pestk\u0105*, woda, s\u00f3l morska, regulator kwasowo\u015bci: kwas cytrynowy. (*certyfikowany sk\u0142adnik ekologiczny)<\/p>\n<p>WARTO\u015a\u0106 OD\u017bYWCZA W 100 g <br \/>Warto\u015b\u0107 energetyczna 612 kJ\/149 kcal  <br \/>T\u0142uszcz: 15 g  <br \/>w tym kwasy nasycone: 2,6 g  <br \/>W\u0119glowodany: <0,5 g <br \/>w tym cukry: <0,5 g  <br \/>B\u0142onnik: 3,5 g  <br \/>Bia\u0142ko: 1,2 g  <br \/>S\u00f3l: 2,4 g<\/p>\n<p>INFORMCJA ALERGENNA  <br \/>Produkowane w zak\u0142adzie przetwarzajacym MLEKO (\u0142\u0105cznie z LAKTOZ\u0104) i ORZECHY.<\/p>\n<p>ZALECANE WARUNKI PRZECHOWYWANIA <br \/>Przechowywa\u0107 w suchym i ch\u0142odnym miejscu. Po otwarciu przechowywa\u0107 w lod\u00f3wce i spo\u017cy\u0107 w ci\u0105gu 14 dni.<\/p>","protected":false},"excerpt":{"rendered":"<p>SK\u0141ADNIKI oliwki zielone z pestk\u0105*, woda, s\u00f3l morska, regulator kwasowo\u015bci: kwas cytrynowy. (*certyfikowany sk\u0142adnik ekologiczny) WARTO\u015a\u0106 OD\u017bYWCZA W 100 g Warto\u015b\u0107 energetyczna 612 kJ\/149 kcal T\u0142uszcz: 15 g w tym kwasy nasycone: 2,6 g W\u0119glowodany:<\/p>","protected":false},"featured_media":5371,"comment_status":"closed","ping_status":"open","template":"","meta":{"_acf_changed":false},"product_brand":[],"product_cat":[1338,998],"product_tag":[],"class_list":{"0":"post-5370","1":"product","2":"type-product","3":"status-publish","4":"has-post-thumbnail","6":"product_cat-oliwki","7":"product_cat-przetwory-warzywne-i-owocowe","8":"pa_ean-matka-4364","9":"pa_gwarancja-przydatnosci-311","10":"pa_ilosc-w-opakowaniu-298","11":"pa_jednostka-podstawowa-szt","12":"pa_kod-cn-2005-70-00","13":"pa_kraj-pochodzenia-skladnikow-turcja","14":"pa_masa-netto-207","15":"pa_objetosc-brutto-855","16":"pa_producent-nefeli-oliwki","17":"pa_producent-nazwa-adres-medbest-s-a-kifisias-avenue-282-15232-halandri","18":"pa_tagi-bez-cukru-w-skladnikach","19":"pa_tagi-bez-glutenu-w-skladnikach","20":"pa_tagi-certyfikat-bio","21":"pa_tagi-weganski","22":"pa_tagi-wegetarianski","24":"first","25":"instock","26":"taxable","27":"shipping-taxable","28":"purchasable","29":"product-type-simple"},"acf":[],"_links":{"self":[{"href":"https:\/\/wiejskieprzysmaki.estima.site\/en\/wp-json\/wp\/v2\/product\/5370","targetHints":{"allow":["GET"]}}],"collection":[{"href":"https:\/\/wiejskieprzysmaki.estima.site\/en\/wp-json\/wp\/v2\/product"}],"about":[{"href":"https:\/\/wiejskieprzysmaki.estima.site\/en\/wp-json\/wp\/v2\/types\/product"}],"replies":[{"embeddable":true,"href":"https:\/\/wiejskieprzysmaki.estima.site\/en\/wp-json\/wp\/v2\/comments?post=5370"}],"wp:featuredmedia":[{"embeddable":true,"href":"https:\/\/wiejskieprzysmaki.estima.site\/en\/wp-json\/wp\/v2\/media\/5371"}],"wp:attachment":[{"href":"https:\/\/wiejskieprzysmaki.estima.site\/en\/wp-json\/wp\/v2\/media?parent=5370"}],"wp:term":[{"taxonomy":"product_brand","embeddable":true,"href":"https:\/\/wiejskieprzysmaki.estima.site\/en\/wp-json\/wp\/v2\/product_brand?post=5370"},{"taxonomy":"product_cat","embeddable":true,"href":"https:\/\/wiejskieprzysmaki.estima.site\/en\/wp-json\/wp\/v2\/product_cat?post=5370"},{"taxonomy":"product_tag","embeddable":true,"href":"https:\/\/wiejskieprzysmaki.estima.site\/en\/wp-json\/wp\/v2\/product_tag?post=5370"}],"curies":[{"name":"wp","href":"https:\/\/api.w.org\/{rel}","templated":true}]}}