{"id":5388,"date":"2025-02-18T11:06:35","date_gmt":"2025-02-18T10:06:35","guid":{"rendered":"https:\/\/wiejskieprzysmaki.estima.site\/produkt\/kulki-miodowe-bio-300-g-biominki\/"},"modified":"2025-02-18T11:06:41","modified_gmt":"2025-02-18T10:06:41","slug":"kulki-miodowe-bio-300-g-biominki","status":"publish","type":"product","link":"https:\/\/wiejskieprzysmaki.estima.site\/en\/product\/kulki-miodowe-bio-300-g-biominki\/","title":{"rendered":"KULKI MIODOWE BIO 300 g &#8211; BIOMINKI"},"content":{"rendered":"<p>Chrupki zbo\u017cowe z miodem<\/p>\n<p>SK\u0141ADNIKI<br \/>m\u0105ki ze zb\u00f3\u017c* 65,6 % (kukurydza*, PSZENICA*, OWIES*), cukier trzcinowy*,syrop ry\u017cowy*, mi\u00f3d* 1,9 %, s\u00f3l, wanilia Bourbon*, regulator kwasowo\u015bci: kwas cytrynowy, burak suszony*, naturalny aromat kurkumy, skoncentrowany sok cytrynowy* (*certyfikowany sk\u0142adnik ekologiczny).<\/p>\n<p>WARTO\u015a\u0106 OD\u017bYWCZA W 100 g<br \/>Warto\u015b\u0107 energetyczna &#8211; 1596 kJ \/ 377 kcal<br \/>T\u0142uszcz &#8211; 3,0 g<br \/>w tym kwasy t\u0142uszczowe nasycone &#8211; 2,4 g<br \/>W\u0119glowodany &#8211; 78 g<br \/>w tym cukry -22 g<br \/>B\u0142onnik &#8211; 5,6 g<br \/>Bia\u0142ko &#8211; 6,9g<br \/>S\u00f3l &#8211; 1,1 g<\/p>\n<p>INFORMACJA ALERGENNA<br \/>Produkt mo\u017ce zawiera\u0107: ORZECHY, ORZESZKI ZIEMNE, NASIONA SEZAMU, SOJ\u0118.<\/p>\n<p>ZALECANE WARUNKI PRZECHOWYWANIA<br \/>Przechowywa\u0107 w suchym i ch\u0142odnym miejscu.<\/p>\n<p><\/p>","protected":false},"excerpt":{"rendered":"<p>Chrupki zbo\u017cowe z miodem SK\u0141ADNIKIm\u0105ki ze zb\u00f3\u017c* 65,6 % (kukurydza*, PSZENICA*, OWIES*), cukier trzcinowy*,syrop ry\u017cowy*, mi\u00f3d* 1,9 %, s\u00f3l, wanilia Bourbon*, regulator kwasowo\u015bci: kwas cytrynowy, burak suszony*, naturalny aromat kurkumy, skoncentrowany sok cytrynowy* (*certyfikowany sk\u0142adnik ekologiczny). WARTO\u015a\u0106 OD\u017bYWCZA W 100 gWarto\u015b\u0107 energetyczna &#8211; 1596 kJ \/ 377 kcalT\u0142uszcz &#8211; 3,0 gw tym kwasy t\u0142uszczowe nasycone [&hellip;]<\/p>","protected":false},"featured_media":5389,"comment_status":"closed","ping_status":"open","template":"","meta":{"_acf_changed":false},"product_brand":[],"product_cat":[941,265],"product_tag":[],"class_list":{"0":"post-5388","1":"product","2":"type-product","3":"status-publish","4":"has-post-thumbnail","6":"product_cat-kulki-poduszki-platki-na-slodko","7":"product_cat-sniadaniowe","8":"pa_ean-matka-4376","9":"pa_ean-matka-4377","10":"pa_gwarancja-przydatnosci-320","11":"pa_ilosc-w-opakowaniu-366","12":"pa_jednostka-podstawowa-szt","13":"pa_kod-cn-1904-10-10","14":"pa_kraj-pochodzenia-skladnikow-rolnictwo-ue-spoza-ue","15":"pa_masa-netto-207","16":"pa_objetosc-brutto-515","17":"pa_producent-biominki-przekaski-dla-dzieci-kaszki","18":"pa_producent-nazwa-adres-bio-planet-s-a-wilkowa-wies-7-05-084-leszno","19":"pa_tagi-certyfikat-bio","20":"pa_tagi-wegetarianski","22":"first","23":"instock","24":"taxable","25":"shipping-taxable","26":"purchasable","27":"product-type-simple"},"acf":[],"_links":{"self":[{"href":"https:\/\/wiejskieprzysmaki.estima.site\/en\/wp-json\/wp\/v2\/product\/5388","targetHints":{"allow":["GET"]}}],"collection":[{"href":"https:\/\/wiejskieprzysmaki.estima.site\/en\/wp-json\/wp\/v2\/product"}],"about":[{"href":"https:\/\/wiejskieprzysmaki.estima.site\/en\/wp-json\/wp\/v2\/types\/product"}],"replies":[{"embeddable":true,"href":"https:\/\/wiejskieprzysmaki.estima.site\/en\/wp-json\/wp\/v2\/comments?post=5388"}],"wp:featuredmedia":[{"embeddable":true,"href":"https:\/\/wiejskieprzysmaki.estima.site\/en\/wp-json\/wp\/v2\/media\/5389"}],"wp:attachment":[{"href":"https:\/\/wiejskieprzysmaki.estima.site\/en\/wp-json\/wp\/v2\/media?parent=5388"}],"wp:term":[{"taxonomy":"product_brand","embeddable":true,"href":"https:\/\/wiejskieprzysmaki.estima.site\/en\/wp-json\/wp\/v2\/product_brand?post=5388"},{"taxonomy":"product_cat","embeddable":true,"href":"https:\/\/wiejskieprzysmaki.estima.site\/en\/wp-json\/wp\/v2\/product_cat?post=5388"},{"taxonomy":"product_tag","embeddable":true,"href":"https:\/\/wiejskieprzysmaki.estima.site\/en\/wp-json\/wp\/v2\/product_tag?post=5388"}],"curies":[{"name":"wp","href":"https:\/\/api.w.org\/{rel}","templated":true}]}}