{"id":5394,"date":"2025-02-18T11:06:35","date_gmt":"2025-02-18T10:06:35","guid":{"rendered":"https:\/\/wiejskieprzysmaki.estima.site\/produkt\/dla-kota-zwirek-zbrylajacy-z-glinki-7-kg-yarrah\/"},"modified":"2025-02-20T15:09:05","modified_gmt":"2025-02-20T14:09:05","slug":"dla-kota-zwirek-zbrylajacy-z-glinki-7-kg-yarrah","status":"publish","type":"product","link":"https:\/\/wiejskieprzysmaki.estima.site\/en\/product\/dla-kota-zwirek-zbrylajacy-z-glinki-7-kg-yarrah\/","title":{"rendered":"(DLA KOTA) \u017bWIREK ZBRYLAJ\u0104CY Z GLINKI 7 kg &#8211; YARRAH"},"content":{"rendered":"<p>SK\u0141ADNIKI<br \/>glina<\/p>\n<p>OPIS<br \/>Zbrylaj\u0105cy \u017cwirek. Bez dodatk\u00f3w chemicznych, zapachowych i detergent\u00f3w. Jeden kilogram zbrylaj\u0105cego \u017cwirku dla kot\u00f3w Yarrah jest r\u00f3wnie wydajny jak 2 kg konwencjonalnego \u017cwirku!<\/p>\n<p>SPOS\u00d3B U\u017bYCIA<br \/>Wype\u0142ni\u0107 czyst\u0105 kuwet\u0119 warstw\u0105 \u017cwirku o wysoko\u015bci co najmniej 10-15 cm. <br \/>Bry\u0142ki nale\u017cy usuwa\u0107 codziennie za pomoc\u0105 odpowiedniej \u0142opatki. Nale\u017cy upewni\u0107 si\u0119, \u017ce w kuwecie zawsze jest optymalna warstwa o wysoko\u015bci od 10 do 15 cm nowego, \u015bwie\u017cego \u017cwirku. Nie nale\u017cy miesza\u0107 \u017cwirku dla kot\u00f3w z produktami innych producent\u00f3w.<br \/>Bry\u0142ki nale\u017cy usuwa\u0107 do odpad\u00f3w komunalnych, NIGDY DO TOALETY. \u015awie\u017cy zbrylaj\u0105cy \u017cwirek mo\u017cna miesza\u0107 z gleb\u0105 ogrodow\u0105 jako naturalny naw\u00f3z.<\/p>\n<p>ZALECANE WARUNKI PRZECHOWYWANIA<br \/>Przechowywa\u0107 w suchym miejscu.<\/p>","protected":false},"excerpt":{"rendered":"<p>SK\u0141ADNIKIglina OPISZbrylaj\u0105cy \u017cwirek. Bez dodatk\u00f3w chemicznych, zapachowych i detergent\u00f3w. Jeden kilogram zbrylaj\u0105cego \u017cwirku dla kot\u00f3w Yarrah jest r\u00f3wnie wydajny jak 2 kg konwencjonalnego \u017cwirku! SPOS\u00d3B U\u017bYCIAWype\u0142ni\u0107 czyst\u0105 kuwet\u0119 warstw\u0105 \u017cwirku o wysoko\u015bci co najmniej 10-15 cm. Bry\u0142ki nale\u017cy usuwa\u0107 codziennie za pomoc\u0105 odpowiedniej \u0142opatki. Nale\u017cy upewni\u0107 si\u0119, \u017ce w kuwecie zawsze jest optymalna warstwa o [&hellip;]<\/p>","protected":false},"featured_media":5395,"comment_status":"closed","ping_status":"open","template":"","meta":{"_acf_changed":false},"product_brand":[],"product_cat":[9054],"product_tag":[],"class_list":{"0":"post-5394","1":"product","2":"type-product","3":"status-publish","4":"has-post-thumbnail","6":"product_cat-karma-dla-zwierzat","7":"pa_ean-matka-4384","8":"pa_ilosc-w-opakowaniu-340","9":"pa_jednostka-podstawowa-szt","10":"pa_kod-cn-2507-00-80","11":"pa_kraj-pochodzenia-skladnikow-turcja","12":"pa_masa-netto-4381","13":"pa_objetosc-brutto-4383","14":"pa_producent-yarrah-karma-dla-kotow-i-psow","15":"pa_producent-nazwa-adres-premium-petfood-brands-b-v-putterweg-5-ermelo-postal-p-o-box-1214-nl-3840-be-harderwijk-the-netherlands","16":"pa_tagi-bez-cukru-w-skladnikach","17":"pa_tagi-bez-glutenu-w-skladnikach","18":"pa_tagi-weganski","19":"pa_tagi-wegetarianski","20":"pa_termin-przydatnosci-31-12-2100","22":"first","23":"instock","24":"taxable","25":"shipping-taxable","26":"purchasable","27":"product-type-simple"},"acf":[],"_links":{"self":[{"href":"https:\/\/wiejskieprzysmaki.estima.site\/en\/wp-json\/wp\/v2\/product\/5394","targetHints":{"allow":["GET"]}}],"collection":[{"href":"https:\/\/wiejskieprzysmaki.estima.site\/en\/wp-json\/wp\/v2\/product"}],"about":[{"href":"https:\/\/wiejskieprzysmaki.estima.site\/en\/wp-json\/wp\/v2\/types\/product"}],"replies":[{"embeddable":true,"href":"https:\/\/wiejskieprzysmaki.estima.site\/en\/wp-json\/wp\/v2\/comments?post=5394"}],"wp:featuredmedia":[{"embeddable":true,"href":"https:\/\/wiejskieprzysmaki.estima.site\/en\/wp-json\/wp\/v2\/media\/5395"}],"wp:attachment":[{"href":"https:\/\/wiejskieprzysmaki.estima.site\/en\/wp-json\/wp\/v2\/media?parent=5394"}],"wp:term":[{"taxonomy":"product_brand","embeddable":true,"href":"https:\/\/wiejskieprzysmaki.estima.site\/en\/wp-json\/wp\/v2\/product_brand?post=5394"},{"taxonomy":"product_cat","embeddable":true,"href":"https:\/\/wiejskieprzysmaki.estima.site\/en\/wp-json\/wp\/v2\/product_cat?post=5394"},{"taxonomy":"product_tag","embeddable":true,"href":"https:\/\/wiejskieprzysmaki.estima.site\/en\/wp-json\/wp\/v2\/product_tag?post=5394"}],"curies":[{"name":"wp","href":"https:\/\/api.w.org\/{rel}","templated":true}]}}