{"id":5400,"date":"2025-02-18T11:06:35","date_gmt":"2025-02-18T10:06:35","guid":{"rendered":"https:\/\/wiejskieprzysmaki.estima.site\/produkt\/dla-psa-karma-z-wolowina-pokrzywa-i-pomidorem-bio-820-g-yarrah\/"},"modified":"2025-02-20T15:09:05","modified_gmt":"2025-02-20T14:09:05","slug":"dla-psa-karma-z-wolowina-pokrzywa-i-pomidorem-bio-820-g-yarrah","status":"publish","type":"product","link":"https:\/\/wiejskieprzysmaki.estima.site\/en\/product\/dla-psa-karma-z-wolowina-pokrzywa-i-pomidorem-bio-820-g-yarrah\/","title":{"rendered":"(DLA PSA) KARMA Z WO\u0141OWIN\u0104, POKRZYW\u0104 I POMIDOREM BIO 820 g &#8211; YARRAH"},"content":{"rendered":"<p>SK\u0141ADNIKI<br \/>mi\u0119so i produkty pochodzenia zwierz\u0119cego* 35 % (wo\u0142owina* 5 %), zbo\u017ca* (PSZENICA* 6 %), substancje mineralne, produkty pochodzenia ro\u015blinnego* (pokrzywa* 0,2 %, pomidory* 0,2 %). (*certyfikowany sk\u0142adnik ekologiczny)<\/p>\n<p>OPIS<br \/>Karma dla psa pe\u0142noporcjowa.  <\/p>\n<p>SK\u0141ADNIKI ANALITYCZNE<br \/>bia\u0142ko surowe: 7 %<br \/>w\u0142\u00f3kno surowe: 0,4 %<br \/>zawarto\u015b\u0107 t\u0142uszczu: 5 %<br \/>popi\u00f3\u0142 surowy: 2 %<br \/>w\u0119glowodany: 4,6 %<br \/>wilgotno\u015b\u0107: 81 %<br \/>warto\u015b\u0107 energetyczna: 89 kcal\/100 g<\/p>\n<p>DODATKI DIETETYCZNE\/kg<br \/>witamina A: 1.100 IU<br \/>witamina D3: 140 IU<br \/>witamina E: 10 mg<br \/>cynk: 10 mg<br \/>mangan: 2 mg<br \/>mied\u017a: 1,8 mg<br \/>jod: 0,1 mg<\/p>\n<p>ZALECANE DZIENNE KARMIENIE<br \/>pies 3 kg: 245\/285 g <br \/>pies 5 kg: 360\/420 g<br \/>pies 10 kg: 610\/705 g<br \/>pies 20 kg: 1025\/1190 g<br \/>pies 30 kg: 1385\/1615 g<br \/>pies 40 kg: 1720\/2000 g <br \/>(ma\u0142a aktywno\u015b\u0107\/\u015brednia aktywno\u015b\u0107). <\/p>\n<p>UWAGA<br \/>Podawa\u0107 w temperaturze pokojowej. Nale\u017cy dostosowa\u0107 ilo\u015b\u0107 karmy do poziomu aktywno\u015bci i kondycji psa. Nale\u017cy zapewni\u0107 zwierz\u0119ciu sta\u0142y dost\u0119p do \u015bwie\u017cej wody. <\/p>\n<p>ZALECANE WARUNKI PRZECHOWYWANIA<br \/>Przechowywa\u0107 w ch\u0142odnym i suchym miejscu. Po otwarciu przechowywa\u0107 w lod\u00f3wce i spo\u017cy\u0107 w ci\u0105gu 2 dni. <\/p>","protected":false},"excerpt":{"rendered":"<p>SK\u0141ADNIKImi\u0119so i produkty pochodzenia zwierz\u0119cego* 35 % (wo\u0142owina* 5 %), zbo\u017ca* (PSZENICA* 6 %), substancje mineralne, produkty pochodzenia ro\u015blinnego* (pokrzywa* 0,2 %, pomidory* 0,2 %). (*certyfikowany sk\u0142adnik ekologiczny) OPISKarma dla psa pe\u0142noporcjowa. SK\u0141ADNIKI ANALITYCZNEbia\u0142ko surowe: 7 %w\u0142\u00f3kno surowe: 0,4 %zawarto\u015b\u0107 t\u0142uszczu: 5 %popi\u00f3\u0142 surowy: 2 %w\u0119glowodany: 4,6 %wilgotno\u015b\u0107: 81 %warto\u015b\u0107 energetyczna: 89 kcal\/100 g DODATKI [&hellip;]<\/p>","protected":false},"featured_media":5401,"comment_status":"closed","ping_status":"open","template":"","meta":{"_acf_changed":false},"product_brand":[],"product_cat":[9054],"product_tag":[],"class_list":{"0":"post-5400","1":"product","2":"type-product","3":"status-publish","4":"has-post-thumbnail","6":"product_cat-karma-dla-zwierzat","7":"pa_ean-matka-4387","8":"pa_gwarancja-przydatnosci-718","9":"pa_ilosc-w-opakowaniu-298","10":"pa_jednostka-podstawowa-szt","11":"pa_kod-cn-2309-10-51","12":"pa_kraj-pochodzenia-skladnikow-turcja","13":"pa_masa-netto-1835","14":"pa_objetosc-brutto-1853","15":"pa_producent-yarrah-karma-dla-kotow-i-psow","16":"pa_producent-nazwa-adres-premium-petfood-brands-b-v-putterweg-5-ermelo-postal-p-o-box-1214-nl-3840-be-harderwijk-the-netherlands","17":"pa_tagi-bez-cukru-w-skladnikach","18":"pa_tagi-certyfikat-bio","20":"first","21":"instock","22":"taxable","23":"shipping-taxable","24":"purchasable","25":"product-type-simple"},"acf":[],"_links":{"self":[{"href":"https:\/\/wiejskieprzysmaki.estima.site\/en\/wp-json\/wp\/v2\/product\/5400","targetHints":{"allow":["GET"]}}],"collection":[{"href":"https:\/\/wiejskieprzysmaki.estima.site\/en\/wp-json\/wp\/v2\/product"}],"about":[{"href":"https:\/\/wiejskieprzysmaki.estima.site\/en\/wp-json\/wp\/v2\/types\/product"}],"replies":[{"embeddable":true,"href":"https:\/\/wiejskieprzysmaki.estima.site\/en\/wp-json\/wp\/v2\/comments?post=5400"}],"wp:featuredmedia":[{"embeddable":true,"href":"https:\/\/wiejskieprzysmaki.estima.site\/en\/wp-json\/wp\/v2\/media\/5401"}],"wp:attachment":[{"href":"https:\/\/wiejskieprzysmaki.estima.site\/en\/wp-json\/wp\/v2\/media?parent=5400"}],"wp:term":[{"taxonomy":"product_brand","embeddable":true,"href":"https:\/\/wiejskieprzysmaki.estima.site\/en\/wp-json\/wp\/v2\/product_brand?post=5400"},{"taxonomy":"product_cat","embeddable":true,"href":"https:\/\/wiejskieprzysmaki.estima.site\/en\/wp-json\/wp\/v2\/product_cat?post=5400"},{"taxonomy":"product_tag","embeddable":true,"href":"https:\/\/wiejskieprzysmaki.estima.site\/en\/wp-json\/wp\/v2\/product_tag?post=5400"}],"curies":[{"name":"wp","href":"https:\/\/api.w.org\/{rel}","templated":true}]}}